{"id":30112,"date":"2024-11-23T10:24:01","date_gmt":"2024-11-23T09:24:01","guid":{"rendered":"https:\/\/fordigitalhub.com\/?post_type=product&#038;p=30112"},"modified":"2025-10-07T18:52:18","modified_gmt":"2025-10-07T16:52:18","slug":"livre-de-diplome-sans-avenir-a-freelance-rentable-mes-62-secrets-de-reussite-en-freelancing","status":"publish","type":"product","link":"https:\/\/fordigitalhub.com\/en\/product\/book-de-diplome-sans-avenir-a-freelance-rentable-mes-62-secrets-de-reussite-en-freelancing\/","title":{"rendered":"Livre \u00ab\u00a0De dipl\u00f4m\u00e9 sans avenir \u00e0 Freelance Rentable &#8211; MES 62 SECRETS DE R\u00c9USSITE EN FREELANCING\u00a0\u00bb"},"content":{"rendered":"<section id=\"h.3f61e2e1e5cc1c11_20\" class=\"yaqOZd lQAHbd\">\n<div class=\"mYVXT\">\n<div class=\"LS81yb VICjCf j5pSsc db35Fc\">\n<div class=\"hJDwNd-AhqUyc-EehZO Ft7HRd-AhqUyc-EehZO purZT-AhqUyc-II5mzb ZcASvf-AhqUyc-II5mzb pSzOP-AhqUyc-qWD73c Ktthjf-AhqUyc-qWD73c JNdkSc SQVYQc\">\n<div class=\"JNdkSc-SmKAyb LkDMRd\">\n<div class=\"\">\n<div class=\"oKdM2c ZZyype Kzv0Me\">\n<div id=\"h.3f61e2e1e5cc1c11_17\" class=\"hJDwNd-AhqUyc-EehZO Ft7HRd-AhqUyc-EehZO jXK9ad D2fZ2 zu5uec OjCsFc dmUFtb wHaque g5GTcb\">\n<div class=\"jXK9ad-SmKAyb\">\n<div class=\"tyJCtd mGzaTb Depvyb baZpAe\">\n<p class=\"zfr3Q CDt4Ke\" dir=\"ltr\"><span class=\"C9DxTc\">Are you a graduate with no real career opportunities, looking for a way to turn your skills into a career? Freelancing is one of the most effective ways to take charge of your future and stand out from the crowd. But success in freelancing doesn't happen by chance: it requires a clear strategy and precise steps.<\/span><\/p>\n<p class=\"zfr3Q CDt4Ke\" dir=\"ltr\"><span class=\"C9DxTc\">\u00ab\u00a0De dipl\u00f4m\u00e9 sans avenir \u00e0 Freelance Rentable : MES 62 SECRETS DE R\u00c9USSITE EN FREELANCING\u00a0\u00bb<\/span><span class=\"C9DxTc\">\u00a0reveals all the secrets I've accumulated over the course of my own career. Whether you're just starting out, at a loss when faced with the enormity of the task, or have already taken your first steps into freelancing without achieving your goals, this book is for you.\u00a0<\/span><span class=\"C9DxTc\">the right tool for you<\/span><span class=\"C9DxTc\">\u00a0to succeed.<\/span><\/p>\n<p class=\"zfr3Q CDt4Ke\" dir=\"ltr\"><span class=\"C9DxTc\">In this book, I share my\u00a0<\/span><span class=\"C9DxTc\">62 personal secrets<\/span><span class=\"C9DxTc\">\u00a0qui m&rsquo;ont permis de passer de dipl\u00f4m\u00e9 sans perspective d&rsquo;avenir \u00e0\u00a0<\/span><span class=\"C9DxTc\">profitable freelance<\/span><span class=\"C9DxTc\">\u00a0in video editing. You'll find concrete advice, effective strategies and clear steps to follow for\u00a0<\/span><span class=\"C9DxTc\">start, grow and prosper as a freelancer<\/span><span class=\"C9DxTc\">.<\/span><\/p>\n<p dir=\"ltr\">\n<\/div>\n<\/div>\n<\/div>\n<\/div>\n<\/div>\n<\/div>\n<\/div>\n<\/div>\n<\/div>\n<\/section>\n<section id=\"h.3f61e2e1e5cc1c11_24\" class=\"yaqOZd qeLZfd\">\n<div class=\"mYVXT\">\n<div class=\"LS81yb VICjCf j5pSsc db35Fc\">\n<div class=\"hJDwNd-AhqUyc-EehZO Ft7HRd-AhqUyc-EehZO purZT-AhqUyc-II5mzb ZcASvf-AhqUyc-II5mzb pSzOP-AhqUyc-qWD73c Ktthjf-AhqUyc-qWD73c JNdkSc SQVYQc yYI8W HQwdzb\">\n<div class=\"JNdkSc-SmKAyb LkDMRd\">\n<div class=\"\">\n<div class=\"oKdM2c ZZyype Kzv0Me\">\n<div id=\"h.3f61e2e1e5cc1c11_21\" class=\"hJDwNd-AhqUyc-EehZO Ft7HRd-AhqUyc-EehZO jXK9ad D2fZ2 zu5uec OjCsFc dmUFtb\">\n<div class=\"jXK9ad-SmKAyb\">\n<div class=\"tyJCtd mGzaTb Depvyb baZpAe\">\n<div class=\"CjVfdc\"><strong><span class=\"KB0Tx C9DxTc\">What you'll learn<\/span><\/strong><\/div>\n<ul class=\"n8H08c UVNKR\">\n<li class=\"zfr3Q TYR86d eD0Rn\" dir=\"ltr\">\n<p class=\"zfr3Q CDt4Ke\" dir=\"ltr\" role=\"presentation\"><span class=\"C9DxTc\">Identify your monetizable skills and choose your niche<\/span><span class=\"C9DxTc\">\u00a0: Discover how to turn what you already know into a real freelance career.<\/span><\/p>\n<\/li>\n<li class=\"zfr3Q TYR86d eD0Rn\" dir=\"ltr\">\n<p class=\"zfr3Q CDt4Ke\" dir=\"ltr\" role=\"presentation\"><span class=\"C9DxTc\">Create an irresistible offer to attract premium customers<\/span><span class=\"C9DxTc\">\u00a0Learn how to structure your offer to attract customers who will pay you what you're really worth.<\/span><\/p>\n<\/li>\n<li class=\"zfr3Q TYR86d eD0Rn\" dir=\"ltr\">\n<p class=\"zfr3Q CDt4Ke\" dir=\"ltr\" role=\"presentation\"><span class=\"C9DxTc\">Set your prices and negotiate without underestimating yourself<\/span><span class=\"C9DxTc\">\u00a0No more working for peanuts! Learn how to make the most of your skills and negotiate like a pro.<\/span><\/p>\n<\/li>\n<li class=\"zfr3Q TYR86d eD0Rn\" dir=\"ltr\">\n<p class=\"zfr3Q CDt4Ke\" dir=\"ltr\" role=\"presentation\"><span class=\"C9DxTc\">Efficiently automate and manage several projects at once<\/span><span class=\"C9DxTc\">\u00a0: Save time and energy with tools and methods that will help you manage multiple customers without burning out.<\/span><\/p>\n<\/li>\n<li class=\"zfr3Q TYR86d eD0Rn\" dir=\"ltr\">\n<p class=\"zfr3Q CDt4Ke\" dir=\"ltr\" role=\"presentation\"><span class=\"C9DxTc\">Anticipating and overcoming slack periods<\/span><span class=\"C9DxTc\">\u00a0How to organize your finances, save money and plan for the times when contracts are scarce.<\/span><\/p>\n<\/li>\n<\/ul>\n<\/div>\n<div><\/div>\n<div class=\"CjVfdc\"><strong><span class=\"KB0Tx C9DxTc\">Why is this book essential?<\/span><\/strong><\/div>\n<p class=\"zfr3Q CDt4Ke\" dir=\"ltr\"><span class=\"C9DxTc\">In contrast to theoretical guides, this book is a<\/span><span class=\"C9DxTc\">plan d&rsquo;action concret<\/span><span class=\"C9DxTc\">, rempli d&rsquo;exemples issus de ma propre exp\u00e9rience et d&rsquo;exemples de freelances que j&rsquo;ai accompagn\u00e9s.\u00a0<\/span><span class=\"C9DxTc\">Each secret is explained in detail<\/span><span class=\"C9DxTc\">You'll have a clear path to follow at every stage of your evolution.<\/span><\/p>\n<p class=\"zfr3Q CDt4Ke\" dir=\"ltr\"><span class=\"C9DxTc\">Whether you're an inexperienced graduate, in the process of retraining, or already a freelancer looking to boost your income, this book will provide you with\u00a0<\/span><span class=\"C9DxTc\">innovative strategies<\/span><span class=\"C9DxTc\">\u00a0to move up to the next level.<\/span><\/p>\n<\/div>\n<p dir=\"ltr\">\n<\/div>\n<\/div>\n<\/div>\n<\/div>\n<\/div>\n<\/div>\n<\/div>\n<\/section>","protected":false},"excerpt":{"rendered":"<p>The ultimate guide for anyone who wants to turn their skills into a profitable business, even without experience. Discover 62 essential secrets for success in freelancing, whether you're just starting out or looking for growth.<\/p>","protected":false},"featured_media":30114,"comment_status":"open","ping_status":"closed","template":"","meta":[],"product_brand":[],"product_cat":[84],"product_tag":[94,177,174,175,176],"class_list":{"0":"post-30112","1":"product","2":"type-product","3":"status-publish","4":"has-post-thumbnail","6":"product_cat-ebook","7":"product_tag-business","8":"product_tag-comeup","9":"product_tag-freelancing","10":"product_tag-mindset","11":"product_tag-reussite","13":"first","14":"instock","15":"sale","16":"downloadable","17":"virtual","18":"purchasable","19":"product-type-simple"},"_links":{"self":[{"href":"https:\/\/fordigitalhub.com\/en\/wp-json\/wp\/v2\/product\/30112","targetHints":{"allow":["GET"]}}],"collection":[{"href":"https:\/\/fordigitalhub.com\/en\/wp-json\/wp\/v2\/product"}],"about":[{"href":"https:\/\/fordigitalhub.com\/en\/wp-json\/wp\/v2\/types\/product"}],"replies":[{"embeddable":true,"href":"https:\/\/fordigitalhub.com\/en\/wp-json\/wp\/v2\/comments?post=30112"}],"version-history":[{"count":2,"href":"https:\/\/fordigitalhub.com\/en\/wp-json\/wp\/v2\/product\/30112\/revisions"}],"predecessor-version":[{"id":30121,"href":"https:\/\/fordigitalhub.com\/en\/wp-json\/wp\/v2\/product\/30112\/revisions\/30121"}],"wp:featuredmedia":[{"embeddable":true,"href":"https:\/\/fordigitalhub.com\/en\/wp-json\/wp\/v2\/media\/30114"}],"wp:attachment":[{"href":"https:\/\/fordigitalhub.com\/en\/wp-json\/wp\/v2\/media?parent=30112"}],"wp:term":[{"taxonomy":"product_brand","embeddable":true,"href":"https:\/\/fordigitalhub.com\/en\/wp-json\/wp\/v2\/product_brand?post=30112"},{"taxonomy":"product_cat","embeddable":true,"href":"https:\/\/fordigitalhub.com\/en\/wp-json\/wp\/v2\/product_cat?post=30112"},{"taxonomy":"product_tag","embeddable":true,"href":"https:\/\/fordigitalhub.com\/en\/wp-json\/wp\/v2\/product_tag?post=30112"}],"curies":[{"name":"wp","href":"https:\/\/api.w.org\/{rel}","templated":true}]}}