{"id":30060,"date":"2024-10-22T11:57:25","date_gmt":"2024-10-22T09:57:25","guid":{"rendered":"https:\/\/fordigitalhub.com\/?post_type=product&#038;p=30060"},"modified":"2024-10-22T12:04:37","modified_gmt":"2024-10-22T10:04:37","slug":"ithemes-solid-security-pro-8-5-0","status":"publish","type":"product","link":"https:\/\/fordigitalhub.com\/en\/product\/ithemes-solid-security-pro-8-5-0\/","title":{"rendered":"iThemes Solid Security Pro 8.5.0"},"content":{"rendered":"<p>Visit <strong>iThemes Security Pro plugin<\/strong> est l&rsquo;une des solutions les plus compl\u00e8tes pour renforcer la s\u00e9curit\u00e9 de votre site WordPress. Gr\u00e2ce \u00e0 ses fonctionnalit\u00e9s avanc\u00e9es, il prot\u00e8ge votre site contre les attaques par force brute, surveille les modifications de fichiers et bloque les adresses IP malveillantes, tout en vous offrant une tranquillit\u00e9 d\u2019esprit. Avec <strong>iThemes Security Pro<\/strong>you can effectively secure your site and reduce the risk of hacking.<\/p>\n<h3>iThemes Security Pro key features<\/h3>\n<h4>1. <strong>Protection against brute force attacks<\/strong><\/h4>\n<p>Limit the number of failed login attempts per user with the <strong>protection against brute-force attacks<\/strong>. Si quelqu&rsquo;un essaie de deviner votre mot de passe, il sera automatiquement bloqu\u00e9 apr\u00e8s plusieurs tentatives infructueuses.<\/p>\n<h4>2. <strong>File modification alerts<\/strong><\/h4>\n<p>Receive <strong>e-mail alerts<\/strong> if files are modified, deleted or added to your site. If someone gains access to your site and modifies files, you'll be immediately informed and can react quickly.<\/p>\n<h4>3. <strong>IP blocking after multiple 404 errors<\/strong><\/h4>\n<p>If a bot scans your site for vulnerabilities, it generates a number of errors <strong>404<\/strong>. iThemes Security Pro peut bloquer automatiquement l&rsquo;adresse IP du bot apr\u00e8s un certain nombre d&rsquo;erreurs (20 erreurs en 5 minutes par d\u00e9faut), emp\u00eachant ainsi toute tentative d\u2019intrusion.<\/p>\n<h4>4. <strong>Reinforcing passwords<\/strong><\/h4>\n<p>Impose <strong>strong passwords<\/strong> pour les utilisateurs ayant diff\u00e9rents r\u00f4les (administrateurs, \u00e9diteurs, etc.). Le renforcement des mots de passe est l&rsquo;une des meilleures pratiques pour s\u00e9curiser un site WordPress contre les tentatives de piratage.<\/p>\n<h4>5. <strong>Blocking malicious users<\/strong><\/h4>\n<p>Emp\u00eachez les utilisateurs malveillants d&rsquo;acc\u00e9der \u00e0 votre site en les bloquant apr\u00e8s trop de tentatives de connexion \u00e9chou\u00e9es, d\u2019erreurs 404, ou s&rsquo;ils figurent sur une <strong>bots blacklist<\/strong>.<\/p>\n<h4>6. <strong>Restricted access to the WordPress dashboard<\/strong><\/h4>\n<p>Enhance your site's security by making the <strong>WordPress dashboard inaccessible<\/strong> outside the specific hours you define. This prevents unauthorized people from trying to log in during closing hours.<\/p>\n<h4>7. <strong>Modification de l&rsquo;URL de connexion WordPress<\/strong><\/h4>\n<p>Changez l&rsquo;<strong>Default URL for WordPress login page<\/strong> to make it more difficult for attackers. This feature is also handy for helping your customers remember their personalized login link.<\/p>\n<h4>8. <strong>Scheduled database backup<\/strong><\/h4>\n<p>Plan your <strong>automatic database backups<\/strong> et recevez-les par email. Vous pouvez \u00e9galement utiliser le plugin de sauvegarde d&rsquo;iThemes pour cr\u00e9er des sauvegardes compl\u00e8tes et les envoyer vers des destinations de stockage externe.<\/p>\n<h4>9. <strong>Email notifications<\/strong><\/h4>\n<p>Soyez inform\u00e9 en temps r\u00e9el lorsque quelqu&rsquo;un est <strong>blocked<\/strong> after too many connection attempts or when a file on your site has been modified. These notifications enable you to take immediate action in the event of suspicious activity.<\/p>\n<h3>In a nutshell<\/h3>\n<p>Visit <strong>iThemes Security Pro plugin<\/strong> offers a robust set of features to protect your WordPress site against attacks and vulnerabilities. With features like <strong>protection against brute-force attacks<\/strong>the <strong>file modification alerts<\/strong>and <strong>scheduled backups<\/strong>this plugin allows you to <strong>secure your WordPress site<\/strong> proactively and efficiently.<\/p>","protected":false},"excerpt":{"rendered":"<p>Visit <strong>iThemes Security Pro plugin<\/strong> est l&rsquo;une des solutions les plus compl\u00e8tes pour renforcer la s\u00e9curit\u00e9 de votre site WordPress. Gr\u00e2ce \u00e0 ses fonctionnalit\u00e9s avanc\u00e9es, il prot\u00e8ge votre site contre les attaques par force brute, surveille les modifications de fichiers et bloque les adresses IP malveillantes, tout en vous offrant une tranquillit\u00e9 d\u2019esprit. Avec <strong>iThemes Security Pro<\/strong>you can effectively secure your site and reduce the risk of hacking.<\/p>","protected":false},"featured_media":30062,"comment_status":"open","ping_status":"closed","template":"","meta":[],"product_brand":[],"product_cat":[102],"product_tag":[],"class_list":{"0":"post-30060","1":"product","2":"type-product","3":"status-publish","4":"has-post-thumbnail","6":"product_cat-plugins","8":"first","9":"instock","10":"sale","11":"shipping-taxable","12":"purchasable","13":"product-type-simple"},"_links":{"self":[{"href":"https:\/\/fordigitalhub.com\/en\/wp-json\/wp\/v2\/product\/30060","targetHints":{"allow":["GET"]}}],"collection":[{"href":"https:\/\/fordigitalhub.com\/en\/wp-json\/wp\/v2\/product"}],"about":[{"href":"https:\/\/fordigitalhub.com\/en\/wp-json\/wp\/v2\/types\/product"}],"replies":[{"embeddable":true,"href":"https:\/\/fordigitalhub.com\/en\/wp-json\/wp\/v2\/comments?post=30060"}],"version-history":[{"count":1,"href":"https:\/\/fordigitalhub.com\/en\/wp-json\/wp\/v2\/product\/30060\/revisions"}],"predecessor-version":[{"id":30063,"href":"https:\/\/fordigitalhub.com\/en\/wp-json\/wp\/v2\/product\/30060\/revisions\/30063"}],"wp:featuredmedia":[{"embeddable":true,"href":"https:\/\/fordigitalhub.com\/en\/wp-json\/wp\/v2\/media\/30062"}],"wp:attachment":[{"href":"https:\/\/fordigitalhub.com\/en\/wp-json\/wp\/v2\/media?parent=30060"}],"wp:term":[{"taxonomy":"product_brand","embeddable":true,"href":"https:\/\/fordigitalhub.com\/en\/wp-json\/wp\/v2\/product_brand?post=30060"},{"taxonomy":"product_cat","embeddable":true,"href":"https:\/\/fordigitalhub.com\/en\/wp-json\/wp\/v2\/product_cat?post=30060"},{"taxonomy":"product_tag","embeddable":true,"href":"https:\/\/fordigitalhub.com\/en\/wp-json\/wp\/v2\/product_tag?post=30060"}],"curies":[{"name":"wp","href":"https:\/\/api.w.org\/{rel}","templated":true}]}}