{"id":30039,"date":"2024-10-22T11:40:20","date_gmt":"2024-10-22T09:40:20","guid":{"rendered":"https:\/\/fordigitalhub.com\/?post_type=product&#038;p=30039"},"modified":"2024-10-22T12:06:20","modified_gmt":"2024-10-22T10:06:20","slug":"duplicator-pro-wordpress-site-migration-backup-4-5-19-2","status":"publish","type":"product","link":"https:\/\/fordigitalhub.com\/en\/product\/duplicator-pro-wordpress-site-migration-backup-4-5-19-2\/","title":{"rendered":"Duplicator Pro - WordPress Site Migration &amp; Backup 4.5.19.2"},"content":{"rendered":"<p>Visit <strong>Duplicator Pro backup and migration plugin for WordPress<\/strong> is the ideal solution for automating the backup, migration and restoration of your WordPress site, while offering multisite support, large database management and email notifications.<\/p>\n<h3>Save time with preconfigured installations<\/h3>\n<p>If you need to install the same <strong>themes, plugins or content<\/strong> on several WordPress sites, <strong>Duplicator Pro<\/strong> is an essential, time-saving tool. Configure a single site with all the necessary parameters, then pack it into a single <strong>package Duplicator<\/strong>. This package then lets you deploy a pre-configured site as many times as you like, in different environments.<\/p>\n<h3>Duplicator Pro features<\/h3>\n<ul>\n<li><strong>Drag-and-drop backup and migration<\/strong> : Migrez ou restaurez votre site en quelques clics. Il vous suffit de faire glisser l&rsquo;archive de votre site sur l&rsquo;installation que vous souhaitez remplacer.<\/li>\n<li><strong>Multi-site support<\/strong> In addition to single sites, Duplicator Pro supports the backup and migration of WordPress multisite networks. You can even transform a <strong>subsite<\/strong> d&rsquo;un r\u00e9seau en un site ind\u00e9pendant.<\/li>\n<li><strong>Optimized for large databases<\/strong> : Gr\u00e2ce \u00e0 son moteur de packaging am\u00e9lior\u00e9, Duplicator Pro est capable de migrer facilement des sites volumineux, jusqu&rsquo;\u00e0 <strong>100 GB<\/strong> confirmed.<\/li>\n<li><strong>Compatibility with managed hosting services<\/strong> Migrate effortlessly to and from managed hosts such as <strong>WordPress.com, WPEngine, GoDaddy Managed<\/strong>, <strong>Liquid Web Managed<\/strong>and many others.<\/li>\n<li><strong>Catering outlets<\/strong> Restore points: Protect your site against errors or bad updates with restore points that allow you to quickly return to a previous site state.<\/li>\n<li><strong>Simplified installation<\/strong> : A <strong>mode d&rsquo;installation simplifi\u00e9<\/strong> allows you to migrate or restore a site in just two steps. For advanced users, a four-step mode is also available.<\/li>\n<li><strong>Storage management<\/strong> Limit the number of backups stored to avoid overloading your system. <strong>local or cloud storage<\/strong>.<\/li>\n<li><strong>cPanel integration<\/strong> : S\u00e9lectionnez facilement les bases de donn\u00e9es existantes ou cr\u00e9ez-en de nouvelles directement depuis l&rsquo;installateur sans quitter l&rsquo;interface.<\/li>\n<\/ul>\n<h3>Efficient management of your backups and migrations<\/h3>\n<p>Contrairement \u00e0 d&rsquo;autres plugins qui cr\u00e9ent de nombreux fichiers difficiles \u00e0 g\u00e9rer, <strong>Duplicator Pro<\/strong> consolidates your entire site into one <strong>single archive<\/strong>, ce qui simplifie grandement la gestion et la migration de vos fichiers. De plus, vous \u00eates imm\u00e9diatement averti en cas de probl\u00e8me de sauvegarde, d&rsquo;erreur ou de d\u00e9lai d&rsquo;attente.<\/p>\n<h3>In a nutshell<\/h3>\n<p>With its advanced features and ease of use, the <strong>Duplicator Pro backup and migration plugin for WordPress<\/strong> is an indispensable tool for WordPress administrators wishing to easily manage site backups, migrations and restores. Whether you're managing a small blog or a multisite network, Duplicator Pro saves you time and ensures optimal management of your sites.<\/p>","protected":false},"excerpt":{"rendered":"<p>Visit <strong>Duplicator Pro backup and migration plugin for WordPress<\/strong> is the ideal solution for automating the backup, migration and restoration of your WordPress site, while offering multisite support, large database management and email notifications.<\/p>","protected":false},"featured_media":30041,"comment_status":"open","ping_status":"closed","template":"","meta":[],"product_brand":[],"product_cat":[102],"product_tag":[],"class_list":{"0":"post-30039","1":"product","2":"type-product","3":"status-publish","4":"has-post-thumbnail","6":"product_cat-plugins","8":"first","9":"instock","10":"sale","11":"shipping-taxable","12":"purchasable","13":"product-type-simple"},"_links":{"self":[{"href":"https:\/\/fordigitalhub.com\/en\/wp-json\/wp\/v2\/product\/30039","targetHints":{"allow":["GET"]}}],"collection":[{"href":"https:\/\/fordigitalhub.com\/en\/wp-json\/wp\/v2\/product"}],"about":[{"href":"https:\/\/fordigitalhub.com\/en\/wp-json\/wp\/v2\/types\/product"}],"replies":[{"embeddable":true,"href":"https:\/\/fordigitalhub.com\/en\/wp-json\/wp\/v2\/comments?post=30039"}],"version-history":[{"count":1,"href":"https:\/\/fordigitalhub.com\/en\/wp-json\/wp\/v2\/product\/30039\/revisions"}],"predecessor-version":[{"id":30042,"href":"https:\/\/fordigitalhub.com\/en\/wp-json\/wp\/v2\/product\/30039\/revisions\/30042"}],"wp:featuredmedia":[{"embeddable":true,"href":"https:\/\/fordigitalhub.com\/en\/wp-json\/wp\/v2\/media\/30041"}],"wp:attachment":[{"href":"https:\/\/fordigitalhub.com\/en\/wp-json\/wp\/v2\/media?parent=30039"}],"wp:term":[{"taxonomy":"product_brand","embeddable":true,"href":"https:\/\/fordigitalhub.com\/en\/wp-json\/wp\/v2\/product_brand?post=30039"},{"taxonomy":"product_cat","embeddable":true,"href":"https:\/\/fordigitalhub.com\/en\/wp-json\/wp\/v2\/product_cat?post=30039"},{"taxonomy":"product_tag","embeddable":true,"href":"https:\/\/fordigitalhub.com\/en\/wp-json\/wp\/v2\/product_tag?post=30039"}],"curies":[{"name":"wp","href":"https:\/\/api.w.org\/{rel}","templated":true}]}}