{"id":30035,"date":"2024-10-22T11:37:41","date_gmt":"2024-10-22T09:37:41","guid":{"rendered":"https:\/\/fordigitalhub.com\/?post_type=product&#038;p=30035"},"modified":"2024-10-22T12:06:35","modified_gmt":"2024-10-22T10:06:35","slug":"polylang-pro-3-6-4","status":"publish","type":"product","link":"https:\/\/fordigitalhub.com\/en\/product\/polylang-pro-3-6-4\/","title":{"rendered":"Polylang Pro 3.6.4"},"content":{"rendered":"<p>Visit <strong>Polylang multilingual plugin for WordPress<\/strong> is the most popular solution for managing a multilingual website on WordPress, with over <strong>500,000 installations<\/strong> actives. Il permet de cr\u00e9er un contenu traduit de mani\u00e8re fluide tout en maintenant la flexibilit\u00e9 et la simplicit\u00e9 d&rsquo;utilisation de WordPress.<\/p>\n<h3>Manage your translations simply<\/h3>\n<p>With <strong>Polylang<\/strong>, vous pouvez cr\u00e9er des articles, des pages, des cat\u00e9gories, et des \u00e9tiquettes de publication comme d&rsquo;habitude, tout en attribuant une langue \u00e0 chacun de ces \u00e9l\u00e9ments. La traduction est <strong>optional<\/strong>whether in the default language or in another language.<\/p>\n<p>Le plugin vous permet d&rsquo;utiliser un nombre <strong>unlimited languages<\/strong>with full support for <strong>RTL scripts (right to left)<\/strong>. WordPress language packs are automatically downloaded and updated, saving you time in managing your translations.<\/p>\n<h3>Comprehensive translation functions<\/h3>\n<p>With <strong>Polylang<\/strong>, vous pouvez traduire une grande vari\u00e9t\u00e9 d&rsquo;\u00e9l\u00e9ments, y compris :<\/p>\n<ul>\n<li>The articles,<\/li>\n<li>The pages,<\/li>\n<li>The media,<\/li>\n<li>Categories,<\/li>\n<li>Publication labels,<\/li>\n<li>Custom content types and taxonomies,<\/li>\n<li>WordPress default menus and widgets.<\/li>\n<\/ul>\n<p>You can also set the language by content, by <strong>language code in URL<\/strong>or by using a separate sub-domain or domain for each language. The plugin allows you to <strong>duplicate content<\/strong> (articles, pages, etc.) lors de la cr\u00e9ation d&rsquo;une nouvelle traduction, ce qui permet de conserver une coh\u00e9rence entre les diff\u00e9rentes versions linguistiques.<\/p>\n<h3>Customizable language switch<\/h3>\n<p>Polylang includes a <strong>customizable language switch<\/strong>, disponible sous forme de widget ou dans le menu de navigation, permettant aux utilisateurs de changer facilement de langue lorsqu&rsquo;ils naviguent sur votre site.<\/p>\n<h3>Advanced features with Polylang Pro<\/h3>\n<p>By opting for <strong>Polylang Pro<\/strong>you benefit from additional features such as :<\/p>\n<ul>\n<li>Translation of <strong>slugs<\/strong> in URLs for clean, localized links,<\/li>\n<li>Share the same slugs across multiple languages,<\/li>\n<li>Compatibilit\u00e9 avec l&rsquo;API WPML pour une meilleure int\u00e9gration avec d&rsquo;autres outils de traduction,<\/li>\n<li>Support de l&rsquo;<strong>API REST<\/strong> for advanced integrations.<\/li>\n<\/ul>\n<h3>Extended compatibility<\/h3>\n<p>Visit <strong>Polylang multilingual plugin<\/strong> also supports <strong>RSS feed<\/strong>, les articles \u00e9pingl\u00e9s, les formats de publication, et s&rsquo;int\u00e8gre parfaitement avec les plugins et widgets par d\u00e9faut de WordPress. Il est \u00e9galement compatible avec une vari\u00e9t\u00e9 de plugins WordPress, offrant une flexibilit\u00e9 suppl\u00e9mentaire pour les projets multilingues complexes.<\/p>\n<h3>In a nutshell<\/h3>\n<p>Whether you need to translate a few pages or manage a complete multilingual site with several types of content, <strong>Polylang multilingual plugin for WordPress<\/strong> is the ideal solution. Easy to use and powerful, it simplifies the management of multilingual sites while guaranteeing optimum performance.<\/p>","protected":false},"excerpt":{"rendered":"<p>Visit <strong>Polylang multilingual plugin for WordPress<\/strong> is the most popular solution for managing a multilingual website on WordPress, with over <strong>500,000 installations<\/strong> actives. Il permet de cr\u00e9er un contenu traduit de mani\u00e8re fluide tout en maintenant la flexibilit\u00e9 et la simplicit\u00e9 d&rsquo;utilisation de WordPress.<\/p>","protected":false},"featured_media":30037,"comment_status":"open","ping_status":"closed","template":"","meta":[],"product_brand":[],"product_cat":[102],"product_tag":[],"class_list":{"0":"post-30035","1":"product","2":"type-product","3":"status-publish","4":"has-post-thumbnail","6":"product_cat-plugins","8":"first","9":"instock","10":"sale","11":"shipping-taxable","12":"purchasable","13":"product-type-simple"},"_links":{"self":[{"href":"https:\/\/fordigitalhub.com\/en\/wp-json\/wp\/v2\/product\/30035","targetHints":{"allow":["GET"]}}],"collection":[{"href":"https:\/\/fordigitalhub.com\/en\/wp-json\/wp\/v2\/product"}],"about":[{"href":"https:\/\/fordigitalhub.com\/en\/wp-json\/wp\/v2\/types\/product"}],"replies":[{"embeddable":true,"href":"https:\/\/fordigitalhub.com\/en\/wp-json\/wp\/v2\/comments?post=30035"}],"version-history":[{"count":1,"href":"https:\/\/fordigitalhub.com\/en\/wp-json\/wp\/v2\/product\/30035\/revisions"}],"predecessor-version":[{"id":30038,"href":"https:\/\/fordigitalhub.com\/en\/wp-json\/wp\/v2\/product\/30035\/revisions\/30038"}],"wp:featuredmedia":[{"embeddable":true,"href":"https:\/\/fordigitalhub.com\/en\/wp-json\/wp\/v2\/media\/30037"}],"wp:attachment":[{"href":"https:\/\/fordigitalhub.com\/en\/wp-json\/wp\/v2\/media?parent=30035"}],"wp:term":[{"taxonomy":"product_brand","embeddable":true,"href":"https:\/\/fordigitalhub.com\/en\/wp-json\/wp\/v2\/product_brand?post=30035"},{"taxonomy":"product_cat","embeddable":true,"href":"https:\/\/fordigitalhub.com\/en\/wp-json\/wp\/v2\/product_cat?post=30035"},{"taxonomy":"product_tag","embeddable":true,"href":"https:\/\/fordigitalhub.com\/en\/wp-json\/wp\/v2\/product_tag?post=30035"}],"curies":[{"name":"wp","href":"https:\/\/api.w.org\/{rel}","templated":true}]}}