{"id":30031,"date":"2024-10-22T11:28:37","date_gmt":"2024-10-22T09:28:37","guid":{"rendered":"https:\/\/fordigitalhub.com\/?post_type=product&#038;p=30031"},"modified":"2024-10-25T18:33:35","modified_gmt":"2024-10-25T16:33:35","slug":"jetsmart-filters-premium-3-5-7-1","status":"publish","type":"product","link":"https:\/\/fordigitalhub.com\/en\/product\/jetsmart-filters-premium-3-5-7-1\/","title":{"rendered":"JetSmart Filters Premium 3.5.7.1"},"content":{"rendered":"<p>Visit <strong>JetSmartFilters plugin for WooCommerce<\/strong> est l&rsquo;outil incontournable pour am\u00e9liorer l&rsquo;exp\u00e9rience utilisateur en mati\u00e8re de recherche et de filtrage de produits. Ce plugin permet de filtrer les produits WooCommerce selon plusieurs crit\u00e8res sp\u00e9cifiques, offrant ainsi une navigation fluide et rapide sans n\u00e9cessiter de rechargement de page, gr\u00e2ce \u00e0 la technologie <strong>AJAX<\/strong>.<\/p>\n<h3>Ultra-fast filtering for a better user experience<\/h3>\n<p>Dans un monde o\u00f9 chaque seconde compte, l&rsquo;attente pour un rechargement de page peut frustrer les visiteurs et r\u00e9duire vos ventes. Avec <strong>JetSmartFilters<\/strong>this problem has been solved. This plugin lets you instantly filter products or items without having to reload the page. The result? Fast, intuitive navigation that encourages your customers to complete their purchases.<\/p>\n<h3>7 versatile filter types<\/h3>\n<p><strong>JetSmartFilters<\/strong> offers a variety of <strong>7 filter types<\/strong> for all your needs:<\/p>\n<ul>\n<li>Filters by category,<\/li>\n<li>Filters by price range,<\/li>\n<li>Filters by custom attributes,<\/li>\n<li>Search filters,<\/li>\n<li>And much, much more.<\/li>\n<\/ul>\n<p>These filters are seamlessly integrated into your Elementor-built pages, and are perfectly compatible with <strong>JetWooBuilder<\/strong> and <strong>JetEngine<\/strong>.<\/p>\n<h3>Seamless integration with Elementor<\/h3>\n<p>Designed to work optimally with the Elementor page builder, <strong>JetSmartFilters<\/strong> is easy to use and requires no special technical skills. Thanks to its customizable filter widgets, you can add personalized filtering options directly to your product or publication archive pages.<\/p>\n<h3>Dynamic pagination and filters via AJAX<\/h3>\n<p>Gr\u00e2ce \u00e0 l&rsquo;utilisation de <strong>AJAX<\/strong>Your visitors can browse product pages seamlessly, with dynamic pagination and filters activated or deactivated with a single click. The browsing experience is enhanced, increasing the chances of conversion.<\/p>\n<h3>Ideal for CrocoBlock subscribers<\/h3>\n<p>If you subscribe to <strong>CrocoBlock<\/strong>you already have access to <strong>JetSmartFilters plugin<\/strong>. Easily integrate new filters on your WooCommerce store and offer your visitors a faster, more intuitive navigation.<\/p>\n<h3>In a nutshell<\/h3>\n<p>Visit <strong>JetSmartFilters plugin for WooCommerce<\/strong> est l&rsquo;outil id\u00e9al pour am\u00e9liorer la recherche de produits sur votre site e-commerce. Son fonctionnement rapide et ses multiples options de filtrage augmentent consid\u00e9rablement l\u2019exp\u00e9rience utilisateur et la conversion. Essayez-le d\u00e8s maintenant pour optimiser la navigation sur votre boutique en ligne !<\/p>","protected":false},"excerpt":{"rendered":"<p>Visit <strong>JetSmartFilters plugin for WooCommerce<\/strong> est l&rsquo;outil incontournable pour am\u00e9liorer l&rsquo;exp\u00e9rience utilisateur en mati\u00e8re de recherche et de filtrage de produits. Ce plugin permet de filtrer les produits WooCommerce selon plusieurs crit\u00e8res sp\u00e9cifiques, offrant ainsi une navigation fluide et rapide sans n\u00e9cessiter de rechargement de page, gr\u00e2ce \u00e0 la technologie <strong>AJAX<\/strong>.<\/p>","protected":false},"featured_media":30033,"comment_status":"open","ping_status":"closed","template":"","meta":[],"product_brand":[],"product_cat":[102],"product_tag":[],"class_list":{"0":"post-30031","1":"product","2":"type-product","3":"status-publish","4":"has-post-thumbnail","6":"product_cat-plugins","8":"first","9":"instock","10":"sale","11":"shipping-taxable","12":"purchasable","13":"product-type-simple"},"_links":{"self":[{"href":"https:\/\/fordigitalhub.com\/en\/wp-json\/wp\/v2\/product\/30031","targetHints":{"allow":["GET"]}}],"collection":[{"href":"https:\/\/fordigitalhub.com\/en\/wp-json\/wp\/v2\/product"}],"about":[{"href":"https:\/\/fordigitalhub.com\/en\/wp-json\/wp\/v2\/types\/product"}],"replies":[{"embeddable":true,"href":"https:\/\/fordigitalhub.com\/en\/wp-json\/wp\/v2\/comments?post=30031"}],"version-history":[{"count":1,"href":"https:\/\/fordigitalhub.com\/en\/wp-json\/wp\/v2\/product\/30031\/revisions"}],"predecessor-version":[{"id":30034,"href":"https:\/\/fordigitalhub.com\/en\/wp-json\/wp\/v2\/product\/30031\/revisions\/30034"}],"wp:featuredmedia":[{"embeddable":true,"href":"https:\/\/fordigitalhub.com\/en\/wp-json\/wp\/v2\/media\/30033"}],"wp:attachment":[{"href":"https:\/\/fordigitalhub.com\/en\/wp-json\/wp\/v2\/media?parent=30031"}],"wp:term":[{"taxonomy":"product_brand","embeddable":true,"href":"https:\/\/fordigitalhub.com\/en\/wp-json\/wp\/v2\/product_brand?post=30031"},{"taxonomy":"product_cat","embeddable":true,"href":"https:\/\/fordigitalhub.com\/en\/wp-json\/wp\/v2\/product_cat?post=30031"},{"taxonomy":"product_tag","embeddable":true,"href":"https:\/\/fordigitalhub.com\/en\/wp-json\/wp\/v2\/product_tag?post=30031"}],"curies":[{"name":"wp","href":"https:\/\/api.w.org\/{rel}","templated":true}]}}