{"id":30004,"date":"2024-10-21T12:58:09","date_gmt":"2024-10-21T10:58:09","guid":{"rendered":"https:\/\/fordigitalhub.com\/?post_type=product&#038;p=30004"},"modified":"2024-10-22T11:31:03","modified_gmt":"2024-10-22T09:31:03","slug":"aawp-amazon-affiliates-wordpress-plugin-4-0-0","status":"publish","type":"product","link":"https:\/\/fordigitalhub.com\/en\/product\/aawp-amazon-affiliates-wordpress-plugin-4-0-0\/","title":{"rendered":"AAWP - Amazon Affiliates WordPress Plugin 4.0.0"},"content":{"rendered":"<p>Visit <strong>AAWP plugin (Amazon Affiliates WordPress Plugin)<\/strong> is the ideal tool for Amazon affiliate site owners. Designed to automate and simplify the display of Amazon products on your WordPress site, AAWP automatically extracts information from Amazon product pages (features, images, updated prices), allowing you to maximize your affiliate commissions with no extra effort.<\/p>\n<h3><strong>Why choose AAWP?<\/strong><\/h3>\n<h4><strong>1. Dynamic text links<\/strong><\/h4>\n<p>With AAWP, you can insert dynamic text links directly into your content. These links automatically generate the product name and link, while allowing you to manually modify the name if necessary.<\/p>\n<h4><strong>2. Customized product boxes<\/strong><\/h4>\n<p>Want to highlight a specific product in an article or on a page? Use a simple shortcode to display one or more <strong>visually appealing product boxes<\/strong>. Ces bo\u00eetes incluent des \u00e9l\u00e9ments tels que le titre, la description, la disponibilit\u00e9, les prix, les r\u00e9ductions et des boutons d&rsquo;appel \u00e0 l&rsquo;action, incitant vos visiteurs \u00e0 passer \u00e0 l\u2019achat.<\/p>\n<h4><strong>3. Best-seller lists<\/strong><\/h4>\n<p>Boost your conversions by creating lists of <strong>best sellers<\/strong> based on a specific product group or keyword. Easily customize the number of products to be displayed (e.g. Top 3, Top 10) to offer your visitors relevant recommendations.<\/p>\n<h3><strong>Caract\u00e9ristiques principales d&rsquo;AAWP :<\/strong><\/h3>\n<ul>\n<li><strong>Dynamic text links<\/strong> : Automatically insert affiliate links into your texts with up-to-date information.<\/li>\n<li><strong>Product boxes<\/strong> : Present one or more Amazon products with professional, customizable presentation boxes.<\/li>\n<li><strong>Automated lists<\/strong> Create automatic product lists, such as the <strong>best sellers<\/strong> or the <strong>new products<\/strong>without manual effort.<\/li>\n<li><strong>Information on a single product<\/strong> Display detailed information on a specific product with real-time data.<\/li>\n<li><strong>Filtering and sorting<\/strong> Organize your product lists by popularity, price or other criteria.<\/li>\n<li><strong>Prebuilt models and styles<\/strong> Easily customize the look and feel of your product presentations with <strong>templates<\/strong> and integrated styles.<\/li>\n<li><strong>Geo-targeting compatibility<\/strong> : Tailor your affiliate links to the geographic location of your visitors, maximizing international conversions.<\/li>\n<li><strong>SSL\/HTTPS and Google AMP support<\/strong> : Guarantee the security and speed of your site, while improving your SEO with Google AMP support.<\/li>\n<li><strong>Additional commissions for Amazon Prime<\/strong> Generate additional commissions for visitors you redirect to an Amazon Prime subscription.<\/li>\n<\/ul>\n<h3><strong>Why is AAWP essential for Amazon affiliates?<\/strong><\/h3>\n<p>AAWP vous permet de cr\u00e9er un contenu riche et automatis\u00e9 qui non seulement am\u00e9liore l&rsquo;exp\u00e9rience utilisateur, mais booste aussi vos revenus d\u2019affiliation. Les informations des produits sont toujours \u00e0 jour, et les multiples options de personnalisation vous permettent de rendre chaque pr\u00e9sentation unique et adapt\u00e9e \u00e0 votre audience. Que ce soit \u00e0 travers des <strong>product boxes<\/strong> attractive <strong>best-seller lists<\/strong> or <strong>dynamic links<\/strong>, AAWP facilite l&rsquo;int\u00e9gration de l&rsquo;affiliation Amazon dans votre strat\u00e9gie de contenu.<\/p>\n<p>Maximize your affiliate earnings with <strong>AAWP - Amazon Affiliates WordPress Plugin<\/strong>the must-have tool for all affiliate marketers.<\/p>","protected":false},"excerpt":{"rendered":"<p>Visit <strong>AAWP plugin (Amazon Affiliates WordPress Plugin)<\/strong> is the ideal tool for Amazon affiliate site owners. Designed to automate and simplify the display of Amazon products on your WordPress site, AAWP automatically extracts information from Amazon product pages (features, images, updated prices), allowing you to maximize your affiliate commissions with no extra effort.<\/p>","protected":false},"featured_media":30006,"comment_status":"open","ping_status":"closed","template":"","meta":[],"product_brand":[],"product_cat":[102],"product_tag":[],"class_list":{"0":"post-30004","1":"product","2":"type-product","3":"status-publish","4":"has-post-thumbnail","6":"product_cat-plugins","8":"first","9":"instock","10":"sale","11":"shipping-taxable","12":"purchasable","13":"product-type-simple"},"_links":{"self":[{"href":"https:\/\/fordigitalhub.com\/en\/wp-json\/wp\/v2\/product\/30004","targetHints":{"allow":["GET"]}}],"collection":[{"href":"https:\/\/fordigitalhub.com\/en\/wp-json\/wp\/v2\/product"}],"about":[{"href":"https:\/\/fordigitalhub.com\/en\/wp-json\/wp\/v2\/types\/product"}],"replies":[{"embeddable":true,"href":"https:\/\/fordigitalhub.com\/en\/wp-json\/wp\/v2\/comments?post=30004"}],"version-history":[{"count":1,"href":"https:\/\/fordigitalhub.com\/en\/wp-json\/wp\/v2\/product\/30004\/revisions"}],"predecessor-version":[{"id":30008,"href":"https:\/\/fordigitalhub.com\/en\/wp-json\/wp\/v2\/product\/30004\/revisions\/30008"}],"wp:featuredmedia":[{"embeddable":true,"href":"https:\/\/fordigitalhub.com\/en\/wp-json\/wp\/v2\/media\/30006"}],"wp:attachment":[{"href":"https:\/\/fordigitalhub.com\/en\/wp-json\/wp\/v2\/media?parent=30004"}],"wp:term":[{"taxonomy":"product_brand","embeddable":true,"href":"https:\/\/fordigitalhub.com\/en\/wp-json\/wp\/v2\/product_brand?post=30004"},{"taxonomy":"product_cat","embeddable":true,"href":"https:\/\/fordigitalhub.com\/en\/wp-json\/wp\/v2\/product_cat?post=30004"},{"taxonomy":"product_tag","embeddable":true,"href":"https:\/\/fordigitalhub.com\/en\/wp-json\/wp\/v2\/product_tag?post=30004"}],"curies":[{"name":"wp","href":"https:\/\/api.w.org\/{rel}","templated":true}]}}