{"id":29990,"date":"2024-10-21T12:44:42","date_gmt":"2024-10-21T10:44:42","guid":{"rendered":"https:\/\/fordigitalhub.com\/?post_type=product&#038;p=29990"},"modified":"2024-10-22T11:32:06","modified_gmt":"2024-10-22T09:32:06","slug":"yoast-woocommerce-seo-premium-16-3","status":"publish","type":"product","link":"https:\/\/fordigitalhub.com\/en\/product\/yoast-woocommerce-seo-premium-16-3\/","title":{"rendered":"Yoast WooCommerce SEO Premium 16.3"},"content":{"rendered":"<p>Visit <strong>Yoast WooCommerce SEO Premium plugin<\/strong> est la solution ultime pour optimiser le r\u00e9f\u00e9rencement de votre boutique en ligne WooCommerce. WooCommerce est l&rsquo;une des plateformes e-commerce les plus populaires au monde, et coupl\u00e9 avec <strong>Yoast SEO<\/strong>they form a powerful duo. However, if you really want to boost your sales and improve your online visibility, the <strong>Yoast WooCommerce SEO Premium<\/strong> is essential to unlock advanced features and SEO tools specifically designed for WooCommerce stores.<\/p>\n<h3><strong>Why choose Yoast WooCommerce SEO Premium?<\/strong><\/h3>\n<h4><strong>1. Advanced search engine optimization<\/strong><\/h4>\n<p>With this plugin, you can optimize your online store's SEO for Google, Bing and even Pinterest. By improving the way your products are presented to search engines, you increase your chances of seeing your product pages ranked higher and more visible in search results.<\/p>\n<h4><strong>2. Improved visibility for your products<\/strong><\/h4>\n<p>The plugin <strong>Yoast WooCommerce SEO Premium<\/strong> makes your products easier for search engines and future customers to discover. Whether for Google queries or specific searches on Pinterest, this plugin helps you attract more qualified visitors to your online store.<\/p>\n<h4><strong>3. Boost your sales<\/strong><\/h4>\n<p>En facilitant la d\u00e9couverte de vos produits par les internautes, le plugin contribue directement \u00e0 augmenter vos ventes. Vos clients trouveront plus facilement ce qu&rsquo;ils recherchent gr\u00e2ce \u00e0 une structure de produits optimis\u00e9e pour le SEO, am\u00e9liorant ainsi leur exp\u00e9rience d&rsquo;achat et votre taux de conversion.<\/p>\n<h3><strong>Key features of the Yoast WooCommerce SEO Premium plugin :<\/strong><\/h3>\n<ul>\n<li><strong>Product sitemaps<\/strong> The plugin automatically generates sitemaps for your products, facilitating indexing by search engines.<\/li>\n<li><strong>Structured data for products<\/strong> It adds structured data tags (schema) so that your products appear with enriched information in search results.<\/li>\n<li><strong>Metadata optimization<\/strong> : G\u00e8re les titres et descriptions SEO pour vos pages produits afin d&rsquo;augmenter leur attractivit\u00e9 et leur pertinence pour les moteurs de recherche.<\/li>\n<li><strong>Premium technical support<\/strong> : B\u00e9n\u00e9ficiez d&rsquo;une assistance prioritaire avec l&rsquo;abonnement Premium, vous garantissant des conseils personnalis\u00e9s et un soutien en cas de besoin.<\/li>\n<\/ul>\n<h3><strong>How does Yoast WooCommerce SEO Premium work?<\/strong><\/h3>\n<p>Le plugin s&rsquo;int\u00e8gre parfaitement avec <strong>WooCommerce<\/strong> and <strong>Yoast SEO<\/strong>, apportant des fonctionnalit\u00e9s sp\u00e9cifiques pour am\u00e9liorer la performance de votre boutique en ligne. Une fois activ\u00e9, il vous guide \u00e0 travers toutes les \u00e9tapes de l&rsquo;optimisation, depuis la gestion des m\u00e9tadonn\u00e9es jusqu&rsquo;\u00e0 l&rsquo;ajout de balises structur\u00e9es. Cela garantit que vos produits sont non seulement visibles, mais aussi attractifs pour les moteurs de recherche.<\/p>\n<p>Don't miss any more opportunities: increase the visibility of your WooCommerce store and boost your sales with <strong>Yoast WooCommerce SEO Premium<\/strong>.<\/p>","protected":false},"excerpt":{"rendered":"<p>Visit <strong>Yoast WooCommerce SEO Premium plugin<\/strong> est la solution ultime pour optimiser le r\u00e9f\u00e9rencement de votre boutique en ligne WooCommerce. WooCommerce est l&rsquo;une des plateformes e-commerce les plus populaires au monde, et coupl\u00e9 avec <strong>Yoast SEO<\/strong>they form a powerful duo. However, if you really want to boost your sales and improve your online visibility, the <strong>Yoast WooCommerce SEO Premium<\/strong> is essential to unlock advanced features and SEO tools specifically designed for WooCommerce stores.<\/p>","protected":false},"featured_media":29993,"comment_status":"open","ping_status":"closed","template":"","meta":[],"product_brand":[],"product_cat":[102],"product_tag":[],"class_list":{"0":"post-29990","1":"product","2":"type-product","3":"status-publish","4":"has-post-thumbnail","6":"product_cat-plugins","8":"first","9":"instock","10":"sale","11":"shipping-taxable","12":"purchasable","13":"product-type-simple"},"_links":{"self":[{"href":"https:\/\/fordigitalhub.com\/en\/wp-json\/wp\/v2\/product\/29990","targetHints":{"allow":["GET"]}}],"collection":[{"href":"https:\/\/fordigitalhub.com\/en\/wp-json\/wp\/v2\/product"}],"about":[{"href":"https:\/\/fordigitalhub.com\/en\/wp-json\/wp\/v2\/types\/product"}],"replies":[{"embeddable":true,"href":"https:\/\/fordigitalhub.com\/en\/wp-json\/wp\/v2\/comments?post=29990"}],"version-history":[{"count":1,"href":"https:\/\/fordigitalhub.com\/en\/wp-json\/wp\/v2\/product\/29990\/revisions"}],"predecessor-version":[{"id":29994,"href":"https:\/\/fordigitalhub.com\/en\/wp-json\/wp\/v2\/product\/29990\/revisions\/29994"}],"wp:featuredmedia":[{"embeddable":true,"href":"https:\/\/fordigitalhub.com\/en\/wp-json\/wp\/v2\/media\/29993"}],"wp:attachment":[{"href":"https:\/\/fordigitalhub.com\/en\/wp-json\/wp\/v2\/media?parent=29990"}],"wp:term":[{"taxonomy":"product_brand","embeddable":true,"href":"https:\/\/fordigitalhub.com\/en\/wp-json\/wp\/v2\/product_brand?post=29990"},{"taxonomy":"product_cat","embeddable":true,"href":"https:\/\/fordigitalhub.com\/en\/wp-json\/wp\/v2\/product_cat?post=29990"},{"taxonomy":"product_tag","embeddable":true,"href":"https:\/\/fordigitalhub.com\/en\/wp-json\/wp\/v2\/product_tag?post=29990"}],"curies":[{"name":"wp","href":"https:\/\/api.w.org\/{rel}","templated":true}]}}