{"id":29972,"date":"2024-09-08T02:48:09","date_gmt":"2024-09-08T00:48:09","guid":{"rendered":"https:\/\/fordigitalhub.com\/?post_type=product&#038;p=29972"},"modified":"2026-04-13T22:43:27","modified_gmt":"2026-04-13T20:43:27","slug":"capcut-mobile","status":"publish","type":"product","link":"https:\/\/fordigitalhub.com\/en\/product\/smartphone-video-editing-training\/","title":{"rendered":"Smartphone video editing training"},"content":{"rendered":"<h2><strong>100% PRACTICAL TRAINING IN SMARTPHONE VIDEO EDITING<\/strong><\/h2>\n<h2>Are you passionate about video? This practical 100% training course is designed to take you from novice to professional without the hassle.<\/h2>\n<h2><strong>TRAINING IS AVAILABLE ENTIRELY ON TELEGRAM<\/strong><\/h2>\n<p>In the group, there are 3 sections: THE COURSE SECTION, THE MONETISATION SECTION AND THE DISCUSSION SECTION.<\/p>\n<p>Vous verrez toutes vid\u00e9os des cours dans la section Cours et c&rsquo;est dans la Section Discussion que vous envoyez toutes vos questions et on vous r\u00e9ponds.<\/p>\n<p>Dans le section Mon\u00e9tisation, vous avez des strat\u00e9gies pour gagner de l&rsquo;argent avec le Montage vid\u00e9o sur Smartphone,<\/p>\n<h2>1\ufe0f\u20e3\u00a0<strong>TRAINING MODULE 1<\/strong><\/h2>\n<ul>\n<li>Course 1. The ideal phone for video editing<\/li>\n<\/ul>\n<ul>\n<li>Course 2: Downloading and installing CapCut<\/li>\n<\/ul>\n<ul>\n<li>Cours 3: Maitriser l&rsquo;interface de CapCut<\/li>\n<li>Lesson 4: Learn how to create a Project and get to know the workspaces<\/li>\n<\/ul>\n<ul>\n<li>Course 5: Mastering video formats<\/li>\n<li>Course 6: Mastering basic editing (Cuts and narrative reorganization)<\/li>\n<\/ul>\n<ul>\n<li>Lesson 7: Adding text and text animation<\/li>\n<\/ul>\n<ul>\n<li>Lesson 8: Text overlay behind a subject<\/li>\n<\/ul>\n<ul>\n<li>Course 9: Automatic subtitling, subtitle correction and animation<\/li>\n<\/ul>\n<ul>\n<li>Lesson 10: Transitions, effects and filters<\/li>\n<li>Lesson 11: Video animation<\/li>\n<li>Lesson 12: Adding voice-overs, music and audio editing<\/li>\n<li>Lesson 13: Colorimetric correction<\/li>\n<li>Lesson 14: Using illustrations (B-rolls)<\/li>\n<li>Lesson 15: Final settings and export<\/li>\n<\/ul>\n<h2>2\ufe0f\u20e3\u00a0<strong>TRAINING MODULE 2<\/strong><\/h2>\n<ul>\n<li>Introduction to Freelancing<\/li>\n<li>Personal Branding Creation and Management<\/li>\n<li>Strat\u00e9gies d&rsquo;acquisition Client<\/li>\n<\/ul>\n<h2>\ud83d\udd34\u00a0<strong>BONUS<\/strong><\/h2>\n<ul>\n<li>Personalized coaching to help you master the concepts<\/li>\n<li>Des capsules d&rsquo;astuces avanc\u00e9es en Montage vid\u00e9o<\/li>\n<li>+20 Exercices d&rsquo;application<\/li>\n<li>A to Z video editing Short<\/li>\n<li>Access to my private community of Freelance Video Editors<\/li>\n<li>Free live chats with myself<\/li>\n<\/ul>\n<h2>\ud83d\udca1\u00a0<strong>WHY CHOOSE OUR TRAINING?<\/strong><\/h2>\n<p class=\"ql-align-center\">\u2705 100% practical, from start to finish.<\/p>\n<p class=\"ql-align-center\">\u2705 All resources are available on Telegram<\/p>\n<p class=\"ql-align-center\">\u2705 Lifetime access<\/p>\n<p class=\"ql-align-center\">\u2705 Con\u00e7ue sp\u00e9cifiquement pour CapCut, l&rsquo;application de montage pr\u00e9f\u00e9r\u00e9e sur smartphone.<\/p>\n<p class=\"ql-align-center\">\u2705 Des astuces avanc\u00e9es pour vous d\u00e9marquer dans l&rsquo;univers comp\u00e9titif du contenu vid\u00e9o en ligne.<\/p>\n<p class=\"ql-align-center\">\u2705 Concrete strategies for monetizing your skills and turning your passion into income.<\/p>\n<p class=\"ql-align-center\">\ud83d\udc49<strong>\u00a0Don't miss this unique opportunity to become a smartphone video editing expert!<\/strong><\/p>\n<p class=\"ql-align-center\"><strong>Make your payment to join the most practical smartphone video editing course with personalized follow-up!<\/strong><\/p>\n<p>&nbsp;<\/p>\n<p>\ud83d\udd34Pour payer, cliquez sur le bouton \u00ab\u00a0ACHETER MAINTENANT\u00a0\u00bb.<\/p>\n<p>Ensuite, renseignez les champs (Pr\u00e9noms, nom, pays, etc&#8230;\u00a0\u00bb et allez compl\u00e8tement en bas puis cochez la case \u00ab\u00a0J&rsquo;ai lu et j&rsquo;accepte les conditions g\u00e9n\u00e9rales\u00a0\u00bb.<\/p>\n<p>Finally, click on the ORDER button to choose your payment method and place your order.<\/p>","protected":false},"excerpt":{"rendered":"<p>Cette formation permettra \u00e0 n&rsquo;importe quel d\u00e9butant de s&rsquo;impr\u00e9gner le Monde de la vid\u00e9ographie, de prendre en main le logiciel de Montage vid\u00e9o CAPPCUT et de devenir un expert en Montage vid\u00e9o sur Smartphone en moins de 30 Jours.<\/p>","protected":false},"featured_media":29973,"comment_status":"open","ping_status":"closed","template":"","meta":[],"product_brand":[],"product_cat":[20],"product_tag":[172,170,173],"class_list":{"0":"post-29972","1":"product","2":"type-product","3":"status-publish","4":"has-post-thumbnail","6":"product_cat-formation","7":"product_tag-capcut","8":"product_tag-montage-video","9":"product_tag-smartphone","11":"first","12":"instock","13":"sale","14":"downloadable","15":"virtual","16":"purchasable","17":"product-type-simple"},"_links":{"self":[{"href":"https:\/\/fordigitalhub.com\/en\/wp-json\/wp\/v2\/product\/29972","targetHints":{"allow":["GET"]}}],"collection":[{"href":"https:\/\/fordigitalhub.com\/en\/wp-json\/wp\/v2\/product"}],"about":[{"href":"https:\/\/fordigitalhub.com\/en\/wp-json\/wp\/v2\/types\/product"}],"replies":[{"embeddable":true,"href":"https:\/\/fordigitalhub.com\/en\/wp-json\/wp\/v2\/comments?post=29972"}],"version-history":[{"count":6,"href":"https:\/\/fordigitalhub.com\/en\/wp-json\/wp\/v2\/product\/29972\/revisions"}],"predecessor-version":[{"id":30124,"href":"https:\/\/fordigitalhub.com\/en\/wp-json\/wp\/v2\/product\/29972\/revisions\/30124"}],"wp:featuredmedia":[{"embeddable":true,"href":"https:\/\/fordigitalhub.com\/en\/wp-json\/wp\/v2\/media\/29973"}],"wp:attachment":[{"href":"https:\/\/fordigitalhub.com\/en\/wp-json\/wp\/v2\/media?parent=29972"}],"wp:term":[{"taxonomy":"product_brand","embeddable":true,"href":"https:\/\/fordigitalhub.com\/en\/wp-json\/wp\/v2\/product_brand?post=29972"},{"taxonomy":"product_cat","embeddable":true,"href":"https:\/\/fordigitalhub.com\/en\/wp-json\/wp\/v2\/product_cat?post=29972"},{"taxonomy":"product_tag","embeddable":true,"href":"https:\/\/fordigitalhub.com\/en\/wp-json\/wp\/v2\/product_tag?post=29972"}],"curies":[{"name":"wp","href":"https:\/\/api.w.org\/{rel}","templated":true}]}}