{"id":29965,"date":"2024-08-24T21:43:42","date_gmt":"2024-08-24T19:43:42","guid":{"rendered":"https:\/\/fordigitalhub.com\/?post_type=product&#038;p=29965"},"modified":"2024-08-24T21:52:25","modified_gmt":"2024-08-24T19:52:25","slug":"vidorev-2-9-9-9-9-9-4-ultime-theme-wordpress","status":"publish","type":"product","link":"https:\/\/fordigitalhub.com\/en\/product\/vidorev-2-9-9-9-9-4-wordpress-theme\/","title":{"rendered":"VidoRev 2.9.9.9.9.9.4 ultimate WordPress theme"},"content":{"rendered":"<p><strong>VidoRev (Video Revolution)<\/strong> est un th\u00e8me WordPress polyvalent et r\u00e9actif, minutieusement con\u00e7u pour les sites web ax\u00e9s sur la vid\u00e9o, ce qui le rend id\u00e9al pour les plateformes d\u00e9di\u00e9es aux vid\u00e9os, films, actualit\u00e9s, magazines ou blogs. Son ensemble robuste de fonctionnalit\u00e9s adapt\u00e9es au contenu vid\u00e9o offre aux utilisateurs une exp\u00e9rience am\u00e9lior\u00e9e et immersive. VidoRev s&rsquo;int\u00e8gre parfaitement \u00e0 diverses plateformes vid\u00e9o, garantissant une gestion et une diffusion sans effort des vid\u00e9os. Que vous g\u00e9riez un blog vid\u00e9o, un service de streaming ou une communaut\u00e9 de partage de vid\u00e9os, VidoRev offre la flexibilit\u00e9 et la puissance n\u00e9cessaires pour cr\u00e9er un site web dynamique et engageant.<\/p>\r\n\r\n\r\n\r\n<p>Le th\u00e8me est livr\u00e9 avec des capacit\u00e9s avanc\u00e9es telles que des int\u00e9grations API avec les principaux fournisseurs de vid\u00e9os comme YouTube, Vimeo, Twitch, Dailymotion, Facebook, et Google Drive, assurant une r\u00e9cup\u00e9ration et une diffusion de contenu fluides. Il prend en charge la r\u00e9cup\u00e9ration automatique des donn\u00e9es vid\u00e9o, y compris les miniatures, titres, descriptions, tags et comptes de vues, simplifiant ainsi le processus de gestion de contenu. VidoRev inclut \u00e9galement des fonctionnalit\u00e9s de mon\u00e9tisation vid\u00e9o via des publicit\u00e9s pr\u00e9-roll, diff\u00e9rents styles de lecteurs vid\u00e9o, et de vastes options de personnalisation. Des fonctionnalit\u00e9s suppl\u00e9mentaires comme l&rsquo;int\u00e9gration de WooCommerce pour les boutiques vid\u00e9o, la compatibilit\u00e9 avec les r\u00e9seaux sociaux, les fonctionnalit\u00e9s d&rsquo;interaction utilisateur (comme les commentaires et abonnements), et un design enti\u00e8rement r\u00e9actif et adapt\u00e9 aux mobiles font de VidoRev une solution compl\u00e8te pour tout site web ax\u00e9 sur la vid\u00e9o.<\/p>\r\n\r\n\r\n\r\n<p><strong>Name<\/strong> : VidoRev <strong>Type<\/strong> WordPress theme <strong>Version<\/strong> : 2.9.9.9.9.9.4<\/p>\r\n\r\n\r\n\r\n<h3 class=\"wp-block-heading\"><strong>Key features of the WordPress theme VidoRev :<\/strong><\/h3>\r\n\r\n\r\n\r\n<ul class=\"wp-block-list\">\r\n<li>One-click demo import<\/li>\r\n\r\n\r\n\r\n<li>API integrations :<\/li>\r\n\r\n\r\n\r\n<li>YouTube Data API V3<\/li>\r\n\r\n\r\n\r\n<li>YouTube Player API<\/li>\r\n\r\n\r\n\r\n<li>Vimeo Data API V3<\/li>\r\n\r\n\r\n\r\n<li>Vimeo Player API<\/li>\r\n\r\n\r\n\r\n<li>Twitch Data API V5<\/li>\r\n\r\n\r\n\r\n<li>Twitch Embedded Video Player API<\/li>\r\n\r\n\r\n\r\n<li>Dailymotion Data API<\/li>\r\n\r\n\r\n\r\n<li>Dailymotion Player API<\/li>\r\n\r\n\r\n\r\n<li>Facebook Graph API V2<\/li>\r\n\r\n\r\n\r\n<li>Facebook Embedded Video Player API<\/li>\r\n\r\n\r\n\r\n<li>Google Drive API V2<\/li>\r\n\r\n\r\n\r\n<li>VidoRev Library Control Google Drive Video<\/li>\r\n\r\n\r\n\r\n<li>WooCommerce video store<\/li>\r\n\r\n\r\n\r\n<li>Instagram feed<\/li>\r\n\r\n\r\n\r\n<li>Ready for translation<\/li>\r\n\r\n\r\n\r\n<li>Automatic detection of video networks<\/li>\r\n\r\n\r\n\r\n<li>Self-hosted video support<\/li>\r\n\r\n\r\n\r\n<li>Video submission by users<\/li>\r\n\r\n\r\n\r\n<li>Channel and subscription management<\/li>\r\n\r\n\r\n\r\n<li>Facebook comments<\/li>\r\n\r\n\r\n\r\n<li>YouTube live broadcast<\/li>\r\n\r\n\r\n\r\n<li>Video series<\/li>\r\n\r\n\r\n\r\n<li>BuddyPress integration<\/li>\r\n\r\n\r\n\r\n<li>Disqus comments<\/li>\r\n\r\n\r\n\r\n<li>Automatic video data recovery :<\/li>\r\n\r\n\r\n\r\n<li>YouTube, Vimeo, Dailymotion, Facebook, Twitch, Google Drive<\/li>\r\n\r\n\r\n\r\n<li>Thumbnail, Title, Description, Tags, Duration, Number of views, Number of likes\/dislikes<\/li>\r\n\r\n\r\n\r\n<li>Pre-roll video ads (Google IMA SDK for HTML5)<\/li>\r\n\r\n\r\n\r\n<li>Video player features :<\/li>\r\n\r\n\r\n\r\n<li>Automatic playback<\/li>\r\n\r\n\r\n\r\n<li>Next automatic playback<\/li>\r\n\r\n\r\n\r\n<li>Video ads (pre-roll with Google IMA)<\/li>\r\n\r\n\r\n\r\n<li>03 styles<\/li>\r\n\r\n\r\n\r\n<li>Lightbox video gallery<\/li>\r\n\r\n\r\n\r\n<li>Suggested publications<\/li>\r\n\r\n\r\n\r\n<li>Live comments<\/li>\r\n\r\n\r\n\r\n<li>Video playlist<\/li>\r\n\r\n\r\n\r\n<li>IMDB rating plugin<\/li>\r\n\r\n\r\n\r\n<li>Pagination options :<\/li>\r\n\r\n\r\n\r\n<li>Page numbers<\/li>\r\n\r\n\r\n\r\n<li>Infinite scrolling<\/li>\r\n\r\n\r\n\r\n<li>Load more button<\/li>\r\n\r\n\r\n\r\n<li>Previous\/Next button<\/li>\r\n\r\n\r\n\r\n<li>Social Locker<\/li>\r\n\r\n\r\n\r\n<li>myCRED integration<\/li>\r\n\r\n\r\n\r\n<li>Multi-links<\/li>\r\n\r\n\r\n\r\n<li>bbPress forum support<\/li>\r\n\r\n\r\n\r\n<li>Facebook SDK (language support)<\/li>\r\n\r\n\r\n\r\n<li>Sticky video<\/li>\r\n\r\n\r\n\r\n<li>Reporting videos<\/li>\r\n\r\n\r\n\r\n<li>View counters, likes, dislikes and comments<\/li>\r\n\r\n\r\n\r\n<li>Information on actors and directors<\/li>\r\n\r\n\r\n\r\n<li>Pr\u00eat pour l&rsquo;affichage Retina<\/li>\r\n\r\n\r\n\r\n<li>Responsive 100% design<\/li>\r\n\r\n\r\n\r\n<li>HTML5 &amp; CSS3 support<\/li>\r\n\r\n\r\n\r\n<li>Adapted to cell phones<\/li>\r\n\r\n\r\n\r\n<li>Importing YouTube channels and playlists<\/li>\r\n\r\n\r\n\r\n<li>Megamenu<\/li>\r\n\r\n\r\n\r\n<li>Video moderation<\/li>\r\n\r\n\r\n\r\n<li>Unlimited overlap colors<\/li>\r\n\r\n\r\n\r\n<li>Support for over 700 Google fonts<\/li>\r\n\r\n\r\n\r\n<li>WPML compatibility<\/li>\r\n\r\n\r\n\r\n<li>Right-to-left writing support (RTL)<\/li>\r\n\r\n\r\n\r\n<li>Full documentation<\/li>\r\n<\/ul>\r\n\r\n\r\n\r\n<h3 class=\"wp-block-heading\"><strong>New features (Changelog) in VidoRev v2.9.9.9.9.9.4<\/strong><\/h3>\r\n\r\n\r\n\r\n<p>v2.9.9.9.9.9.4 (16\/08\/2024)<\/p>\r\n\r\n\r\n\r\n<ul class=\"wp-block-list\">\r\n<li>1. Update : CMB2 2.11.0<\/li>\r\n\r\n\r\n\r\n<li>2. Minor bug fixes<\/li>\r\n<\/ul>\r\n\r\n\r\n\r\n<p>&nbsp;<\/p>","protected":false},"excerpt":{"rendered":"<p><strong>VidoRev (Video Revolution)<\/strong> is a versatile and responsive WordPress theme, meticulously designed for video-centric websites, making it ideal for platforms dedicated to videos, films, news, magazines or blogs.<\/p>","protected":false},"featured_media":29968,"comment_status":"open","ping_status":"closed","template":"","meta":[],"product_brand":[],"product_cat":[143],"product_tag":[],"class_list":{"0":"post-29965","1":"product","2":"type-product","3":"status-publish","4":"has-post-thumbnail","6":"product_cat-themes","8":"first","9":"instock","10":"sale","11":"downloadable","12":"virtual","13":"purchasable","14":"product-type-simple"},"_links":{"self":[{"href":"https:\/\/fordigitalhub.com\/en\/wp-json\/wp\/v2\/product\/29965","targetHints":{"allow":["GET"]}}],"collection":[{"href":"https:\/\/fordigitalhub.com\/en\/wp-json\/wp\/v2\/product"}],"about":[{"href":"https:\/\/fordigitalhub.com\/en\/wp-json\/wp\/v2\/types\/product"}],"replies":[{"embeddable":true,"href":"https:\/\/fordigitalhub.com\/en\/wp-json\/wp\/v2\/comments?post=29965"}],"version-history":[{"count":4,"href":"https:\/\/fordigitalhub.com\/en\/wp-json\/wp\/v2\/product\/29965\/revisions"}],"predecessor-version":[{"id":29986,"href":"https:\/\/fordigitalhub.com\/en\/wp-json\/wp\/v2\/product\/29965\/revisions\/29986"}],"wp:featuredmedia":[{"embeddable":true,"href":"https:\/\/fordigitalhub.com\/en\/wp-json\/wp\/v2\/media\/29968"}],"wp:attachment":[{"href":"https:\/\/fordigitalhub.com\/en\/wp-json\/wp\/v2\/media?parent=29965"}],"wp:term":[{"taxonomy":"product_brand","embeddable":true,"href":"https:\/\/fordigitalhub.com\/en\/wp-json\/wp\/v2\/product_brand?post=29965"},{"taxonomy":"product_cat","embeddable":true,"href":"https:\/\/fordigitalhub.com\/en\/wp-json\/wp\/v2\/product_cat?post=29965"},{"taxonomy":"product_tag","embeddable":true,"href":"https:\/\/fordigitalhub.com\/en\/wp-json\/wp\/v2\/product_tag?post=29965"}],"curies":[{"name":"wp","href":"https:\/\/api.w.org\/{rel}","templated":true}]}}