{"id":29919,"date":"2024-07-12T02:07:58","date_gmt":"2024-07-12T00:07:58","guid":{"rendered":"https:\/\/fordigitalhub.com\/?post_type=product&#038;p=29919"},"modified":"2024-07-12T02:08:01","modified_gmt":"2024-07-12T00:08:01","slug":"memberpress-pro-plugin-wordpress","status":"publish","type":"product","link":"https:\/\/fordigitalhub.com\/en\/product\/memberpress-pro-wordpress-plugin\/","title":{"rendered":"MemberPress Pro Plugin WordPress"},"content":{"rendered":"<div class=\"markdown markdown-main-panel\" dir=\"ltr\">\n<h2 class=\"\" data-sourcepos=\"1:1-1:44\">MemberPress Pro plugin<\/h2>\n<p data-sourcepos=\"3:1-3:114\"><strong>Transformez votre site WordPress en une plateforme d&rsquo;adh\u00e9sion florissante avec MemberPress Pro, la solution tout-en-un la plus puissante et la plus conviviale pour la cr\u00e9ation, la vente et la gestion de sites d&rsquo;adh\u00e9sion, de cours en ligne et de contenu exclusif.<\/strong><\/p>\n<h3 data-sourcepos=\"5:1-5:32\"><strong>Key features:<\/strong><\/h3>\n<p data-sourcepos=\"7:1-7:31\"><strong>Syst\u00e8me d&rsquo;adh\u00e9sion complet:<\/strong><\/p>\n<ul data-sourcepos=\"9:1-9:198\">\n<li data-sourcepos=\"9:1-9:198\"><strong>Niveaux d&rsquo;adh\u00e9sion illimit\u00e9s :<\/strong> Cr\u00e9ez des plans d&rsquo;adh\u00e9sion adapt\u00e9s \u00e0 tous les besoins et \u00e0 tous les budgets, avec des options flexibles pour les prix, les avantages et les restrictions d&rsquo;acc\u00e8s.<\/li>\n<li data-sourcepos=\"10:1-10:167\"><strong>Simplified member management :<\/strong> Easily add, delete and modify members, track their activities and manage their subscriptions centrally.<\/li>\n<li data-sourcepos=\"11:1-11:238\"><strong>Automated recurring payments :<\/strong> Set up recurring payments via secure payment gateways like PayPal, Stripe and Authorize.net, and automate renewals for a seamless experience for your members.<\/li>\n<li data-sourcepos=\"12:1-12:32\"><strong>Discount codes and promotional offers :<\/strong> Offer special deals, discounts and free trials to attract new members and retain existing customers.<\/li>\n<\/ul>\n<h3 data-sourcepos=\"14:1-14:48\"><strong>Creation of first-rate online courses:<\/strong><\/h3>\n<ul data-sourcepos=\"16:1-20:0\">\n<li data-sourcepos=\"16:1-16:177\"><strong>Intuitive course development :<\/strong> Create complete online courses with structured lessons, videos, quizzes, downloads and certification modules.<\/li>\n<li data-sourcepos=\"17:1-17:186\"><strong>Drip content :<\/strong> Diffusez le contenu du cours sur une p\u00e9riode d\u00e9finie pour maintenir l&rsquo;engagement des apprenants et favoriser une meilleure assimilation des connaissances.<\/li>\n<li data-sourcepos=\"18:1-18:187\"><strong>Evaluation and progress monitoring :<\/strong> Integrate quizzes and assessments to assess learners' knowledge, track their progress and provide personalized feedback.<\/li>\n<li data-sourcepos=\"19:1-20:0\"><strong>Course completion certificates :<\/strong> Offer personalized end-of-course certificates to recognize learners' achievements and value their participation.<\/li>\n<\/ul>\n<h3 data-sourcepos=\"21:1-21:48\"><strong>Powerful, flexible content protection:<\/strong><\/h3>\n<ul data-sourcepos=\"23:1-26:0\">\n<li data-sourcepos=\"23:1-23:173\"><strong>Contr\u00f4le granulaire de l&rsquo;acc\u00e8s :<\/strong> Restreignez l&rsquo;acc\u00e8s aux pages, aux publications, aux fichiers, aux flux RSS et \u00e0 d&rsquo;autres contenus en fonction des niveaux d&rsquo;adh\u00e9sion.<\/li>\n<li data-sourcepos=\"24:1-24:193\"><strong>Password protection :<\/strong> Protect exclusive content with additional passwords for paying members, ensuring that only authorized users have access.<\/li>\n<li data-sourcepos=\"25:1-26:0\"><strong>Hide content :<\/strong> Masquez le contenu non prot\u00e9g\u00e9 aux utilisateurs non membres, en les incitant \u00e0 s&rsquo;inscrire et \u00e0 devenir des membres payants pour acc\u00e9der \u00e0 la valeur totale de votre site web.<\/li>\n<\/ul>\n<h3 data-sourcepos=\"27:1-27:51\"><strong>Secure payments and transparent processing:<\/strong><\/h3>\n<ul data-sourcepos=\"29:1-30:148\">\n<li data-sourcepos=\"29:1-29:195\"><strong>Multiple payment gateways :<\/strong> Accept payments securely via a wide range of popular payment gateways, including PayPal, Stripe, Authorize.net and Braintree.<\/li>\n<li data-sourcepos=\"30:1-30:148\"><strong>Secure recurring payments :<\/strong> Process recurring payments securely and comply with the most stringent security standards in the industry.<\/li>\n<li data-sourcepos=\"31:1-32:0\"><strong>Simplified reimbursement management :<\/strong> G\u00e9rez facilement les demandes de remboursement et les annulations d&rsquo;adh\u00e9sion via un processus transparent et convivial.<\/li>\n<\/ul>\n<h3 data-sourcepos=\"33:1-33:68\"><strong>Powerful integrations to streamline your workflow:<\/strong><\/h3>\n<ul data-sourcepos=\"35:1-38:0\">\n<li data-sourcepos=\"35:1-35:228\"><strong>Email marketing :<\/strong> Int\u00e9grez-vous aux plateformes de marketing par email populaires comme MailChimp, ActiveCampaign et ConvertKit pour automatiser les campagnes marketing, les notifications d&rsquo;adh\u00e9sion et les newsletters.<\/li>\n<li data-sourcepos=\"36:1-36:192\"><strong>Customer relationship management (CRM) tools :<\/strong> Connect to CRMs like Salesforce and HubSpot to centralize member data and track customer interactions.<\/li>\n<li data-sourcepos=\"37:1-38:0\"><strong>Plateformes d&rsquo;apprentissage en ligne :<\/strong> Int\u00e9grez-vous \u00e0 des plateformes d&rsquo;apprentissage en ligne comme Moodle et LearnDash pour offrir une exp\u00e9rience d&rsquo;apprentissage holistique \u00e0 vos membres.<\/li>\n<\/ul>\n<h3 data-sourcepos=\"39:1-39:64\"><strong>Detailed reporting and analysis for informed decisions:<\/strong><\/h3>\n<ul data-sourcepos=\"41:1-44:0\">\n<li data-sourcepos=\"41:1-41:239\"><strong>Complete dashboard :<\/strong> Obtenez un aper\u00e7u instantan\u00e9 des performances de votre site d&rsquo;adh\u00e9sion avec des donn\u00e9es en temps r\u00e9el sur les inscriptions aux adh\u00e9sions, les ventes de cours, les revenus g\u00e9n\u00e9r\u00e9s et l&rsquo;engagement des membres.<\/li>\n<li data-sourcepos=\"42:1-42:212\"><strong>Customized reports :<\/strong> Create customized reports to track key performance indicators such as conversion rate, average order value and member retention rate.<\/li>\n<li data-sourcepos=\"43:1-44:0\"><strong>In-depth data analysis :<\/strong> Analysez les donn\u00e9es des membres pour identifier les tendances, les segments d&rsquo;utilisateurs les plus performants et les domaines d&rsquo;am\u00e9lioration potentiels.<\/li>\n<\/ul>\n<p data-sourcepos=\"45:1-45:44\"><strong>MemberPress Pro is the ideal choice for:<\/strong><\/p>\n<ul data-sourcepos=\"47:1-47:84\">\n<li data-sourcepos=\"47:1-47:84\"><strong>Content creators :<\/strong> Sell e-learning courses, tutorials, guides and<\/li>\n<\/ul>\n<\/div>","protected":false},"excerpt":{"rendered":"<p><strong>Transformez votre site WordPress en une plateforme d&rsquo;adh\u00e9sion florissante avec MemberPress Pro, la solution tout-en-un la plus puissante et la plus conviviale pour la cr\u00e9ation, la vente et la gestion de sites d&rsquo;adh\u00e9sion, de cours en ligne et de contenu exclusif.<\/strong><\/p>","protected":false},"featured_media":29921,"comment_status":"open","ping_status":"closed","template":"","meta":[],"product_brand":[],"product_cat":[102],"product_tag":[],"class_list":{"0":"post-29919","1":"product","2":"type-product","3":"status-publish","4":"has-post-thumbnail","6":"product_cat-plugins","8":"first","9":"instock","10":"sale","11":"downloadable","12":"virtual","13":"purchasable","14":"product-type-simple"},"_links":{"self":[{"href":"https:\/\/fordigitalhub.com\/en\/wp-json\/wp\/v2\/product\/29919","targetHints":{"allow":["GET"]}}],"collection":[{"href":"https:\/\/fordigitalhub.com\/en\/wp-json\/wp\/v2\/product"}],"about":[{"href":"https:\/\/fordigitalhub.com\/en\/wp-json\/wp\/v2\/types\/product"}],"replies":[{"embeddable":true,"href":"https:\/\/fordigitalhub.com\/en\/wp-json\/wp\/v2\/comments?post=29919"}],"version-history":[{"count":2,"href":"https:\/\/fordigitalhub.com\/en\/wp-json\/wp\/v2\/product\/29919\/revisions"}],"predecessor-version":[{"id":29924,"href":"https:\/\/fordigitalhub.com\/en\/wp-json\/wp\/v2\/product\/29919\/revisions\/29924"}],"wp:featuredmedia":[{"embeddable":true,"href":"https:\/\/fordigitalhub.com\/en\/wp-json\/wp\/v2\/media\/29921"}],"wp:attachment":[{"href":"https:\/\/fordigitalhub.com\/en\/wp-json\/wp\/v2\/media?parent=29919"}],"wp:term":[{"taxonomy":"product_brand","embeddable":true,"href":"https:\/\/fordigitalhub.com\/en\/wp-json\/wp\/v2\/product_brand?post=29919"},{"taxonomy":"product_cat","embeddable":true,"href":"https:\/\/fordigitalhub.com\/en\/wp-json\/wp\/v2\/product_cat?post=29919"},{"taxonomy":"product_tag","embeddable":true,"href":"https:\/\/fordigitalhub.com\/en\/wp-json\/wp\/v2\/product_tag?post=29919"}],"curies":[{"name":"wp","href":"https:\/\/api.w.org\/{rel}","templated":true}]}}