{"id":29910,"date":"2024-07-08T21:06:46","date_gmt":"2024-07-08T19:06:46","guid":{"rendered":"https:\/\/fordigitalhub.com\/?post_type=product&#038;p=29910"},"modified":"2025-10-07T18:52:18","modified_gmt":"2025-10-07T16:52:18","slug":"formation-montage-video-capcut","status":"publish","type":"product","link":"https:\/\/fordigitalhub.com\/en\/product\/capcut-video-editing-training\/","title":{"rendered":"VIDEO EDITING"},"content":{"rendered":"<div class=\"flex-shrink-0 flex flex-col relative items-end\">\n<div>\n<div class=\"pt-0.5 juice:pt-0\">\n<div class=\"gizmo-bot-avatar flex h-6 w-6 items-center justify-center overflow-hidden rounded-full juice:h-8 juice:w-8\">\n<div class=\"relative p-1 rounded-sm flex items-center justify-center bg-token-main-surface-primary text-token-text-primary h-8 w-8\"><\/div>\n<\/div>\n<\/div>\n<\/div>\n<\/div>\n<div class=\"group\/conversation-turn relative flex w-full min-w-0 flex-col agent-turn\">\n<div class=\"flex-col gap-1 md:gap-3\">\n<div class=\"flex flex-grow flex-col max-w-full\">\n<div class=\"min-h-[20px] text-message flex flex-col items-start whitespace-pre-wrap break-words [.text-message+&amp;]:mt-5 juice:w-full juice:items-end overflow-x-auto gap-2\" dir=\"auto\" data-message-author-role=\"assistant\" data-message-id=\"a0d68a68-56ac-4574-84a9-556a571cf3f8\">\n<div class=\"flex w-full flex-col gap-1 juice:empty:hidden juice:first:pt-[3px]\">\n<div class=\"markdown prose w-full break-words dark:prose-invert dark\">\n<h2>Video Editing Training : Become an Expert in 20 Days with CapCut<\/h2>\n<\/div>\n<\/div>\n<\/div>\n<\/div>\n<\/div>\n<\/div>\n<p>Vous souhaitez gagner r\u00e9guli\u00e8rement de l&rsquo;argent en ligne sans stress et sans manquer de clients ? Oubliez toutes les autres comp\u00e9tences digitales, formez-vous au montage vid\u00e9o !<\/p>\n<h3>Why choose video editing training?<\/h3>\n<p><strong>If you really want to :<\/strong><\/p>\n<ul>\n<li><strong>Travailler depuis n&rsquo;importe o\u00f9<\/strong> et gagner beaucoup d&rsquo;argent pour vivre ind\u00e9pendamment.<\/li>\n<li><strong>Have unlimited customers<\/strong> who pay you very well for every project you work on.<\/li>\n<li><strong>Earn the minimum wage in your country at least 4 times a month<\/strong> working on exciting projects without ever getting bored,<\/li>\n<\/ul>\n<p>Video editing is the skill you need to master.<\/p>\n<h3>L&rsquo;importance du montage vid\u00e9o :<\/h3>\n<p>Avec l&rsquo;\u00e9volution de la publicit\u00e9 en ligne, la demande pour les monteurs vid\u00e9o a augment\u00e9 de plus de 70 % par rapport aux ann\u00e9es pr\u00e9c\u00e9dentes. La bonne nouvelle est que vous pouvez apprendre et ma\u00eetriser cette comp\u00e9tence en 20 jours depuis chez vous, que vous ayez un t\u00e9l\u00e9phone ou un ordinateur.<\/p>\n<h3>Why CapCut?<\/h3>\n<p>Nous avons choisi pour vous \u00ab\u00a0CAPCUT\u00a0\u00bb, le meilleur outil pratique et facile \u00e0 utiliser pour ma\u00eetriser rapidement le montage vid\u00e9o, que ce soit sur ordinateur ou t\u00e9l\u00e9phone. Cette formation CapCut comporte 100 modules qui vous permettront de ma\u00eetriser chaque secret de l\u2019outil et d\u2019en devenir un expert.<\/p>\n<h3>Training program :<\/h3>\n<h5>MODULE 1: Introduction<\/h5>\n<ul>\n<li>Download CapCut<\/li>\n<li>Pr\u00e9sentation de la page d&rsquo;accueil de CapCut<\/li>\n<li>Create a new project<\/li>\n<\/ul>\n<h5>MODULE 2: Working with your first media<\/h5>\n<ul>\n<li>Import your 1st media<\/li>\n<li>Import other media<\/li>\n<li>Timeline presentation<\/li>\n<li>Media cutting options<\/li>\n<li>Create a voice-over with CapCut<\/li>\n<li>Import multiple media into your timeline<\/li>\n<\/ul>\n<h5>MODULE 3: Video options<\/h5>\n<ul>\n<li>Basic video options<\/li>\n<li>Using key images<\/li>\n<li>Masks<\/li>\n<li>Enhancement mode<\/li>\n<li>Video sound<\/li>\n<li>Playing with playback speed<\/li>\n<li>Understanding the different animations<\/li>\n<li>Adjusting animation times<\/li>\n<\/ul>\n<h5>MODULE 4: Sound options<\/h5>\n<ul>\n<li>Sound options<\/li>\n<li>Sound effects<\/li>\n<\/ul>\n<h5>MODULE 5: Effects<\/h5>\n<ul>\n<li>Applying transitions<\/li>\n<li>Apply a video effect<\/li>\n<li>Bodily effects<\/li>\n<li>Assigning filters to media<\/li>\n<li>Working with adjustments<\/li>\n<li>Using stickers<\/li>\n<\/ul>\n<h5>MODULE 6: The text<\/h5>\n<ul>\n<li>First steps with text<\/li>\n<li>Basic text options<\/li>\n<li>Bubble it up<\/li>\n<li>Text effects<\/li>\n<li>Add animations to text<\/li>\n<li>Automatic subtitle creation<\/li>\n<\/ul>\n<h5>MODULE 7: Working with sound in CapCut<\/h5>\n<ul>\n<li>Discover royalty-free music<\/li>\n<li>Import sound effects<\/li>\n<li>Import your own music<\/li>\n<li>Detecting rhythm in music<\/li>\n<\/ul>\n<h5>MODULE 8: How to export<\/h5>\n<ul>\n<li>Exporting videos<\/li>\n<\/ul>\n<h5>MODULE 9: How to export<\/h5>\n<ul>\n<li>Mobile version options<\/li>\n<\/ul>\n<h5>Module 10 : Version Mobile &#8211; L&rsquo;accueil<\/h5>\n<ul>\n<li>Le t\u00e9l\u00e9prompteur : D\u00e9couvrez comment utiliser le t\u00e9l\u00e9prompteur int\u00e9gr\u00e9 de CapCut pour lire vos scripts directement \u00e0 l&rsquo;\u00e9cran.<\/li>\n<li>Les options apr\u00e8s l&rsquo;enregistrement : Apprenez \u00e0 utiliser les diff\u00e9rentes options disponibles apr\u00e8s l&rsquo;enregistrement de votre vid\u00e9o.<\/li>\n<li>Enregistrer depuis l&rsquo;appareil photo : Capturez des vid\u00e9os directement depuis l&rsquo;application CapCut en utilisant l&rsquo;appareil photo de votre t\u00e9l\u00e9phone.<\/li>\n<li>Les autres options de la page d&rsquo;accueil : Explorez les autres fonctionnalit\u00e9s et options disponibles sur la page d&rsquo;accueil de CapCut.<\/li>\n<li>Set automatic captions: Add automatic captions to your videos for improved accessibility.<\/li>\n<li>\u00a0Importer des m\u00e9dias \u00e0 partir de l&rsquo;accueil : Importez rapidement des fichiers multim\u00e9dias directement depuis l&rsquo;accueil de l&rsquo;application.<\/li>\n<\/ul>\n<p>Version Mobile - Working with media<\/p>\n<ul>\n<li>Import your first media: Learn how to import videos, images and audio files into your project.<\/li>\n<li>\u00a0Media options: Explore the different options and tools available for editing your media.<\/li>\n<li>Add sound: Add and edit audio tracks to enhance your videos.<\/li>\n<li>Sound options: Discover the different sound effects and audio adjustment options available.<\/li>\n<li>Add transitions between 2 media: Add smooth transitions between your video clips.<\/li>\n<li>Ajuster aux diff\u00e9rents m\u00e9dias : Ajustez vos m\u00e9dias pour qu&rsquo;ils correspondent parfaitement \u00e0 votre projet.<\/li>\n<li>Export your videos: Learn how to export your final videos in the format of your choice.<\/li>\n<\/ul>\n<div class=\"markdown markdown-main-panel\" dir=\"ltr\">\n<p>Module 11: Creative workshop - Sea view<\/p>\n<ul>\n<li data-sourcepos=\"5:1-5:39\">Pr\u00e9sentation de l&rsquo;atelier Vue sur Mer<\/li>\n<li data-sourcepos=\"6:1-6:23\">Import 2 media<\/li>\n<li data-sourcepos=\"7:1-7:56\">Why you can't write directly in CapCut<\/li>\n<li data-sourcepos=\"8:1-8:25\">Cr\u00e9er l&rsquo;effet de survol<\/li>\n<li data-sourcepos=\"9:1-9:20\">Add effects<\/li>\n<li data-sourcepos=\"10:1-10:33\">Other method - Write the text<\/li>\n<li data-sourcepos=\"11:1-11:37\">Other method - Creating the text clip<\/li>\n<li data-sourcepos=\"12:1-13:0\">Autre m\u00e9thode &#8211; Cr\u00e9er l&rsquo;effet de survol<\/li>\n<\/ul>\n<h5 data-sourcepos=\"25:1-25:47\">Module 12: Creative workshop - Scrolling text<\/h5>\n<ul data-sourcepos=\"29:1-34:0\">\n<li data-sourcepos=\"29:1-29:42\">Pr\u00e9sentation de l&rsquo;atelier Texte D\u00e9filant<\/li>\n<li data-sourcepos=\"30:1-30:30\">First media import<\/li>\n<li data-sourcepos=\"31:1-31:17\">Write the text<\/li>\n<li data-sourcepos=\"32:1-32:40\">Insert mask with key images<\/li>\n<li data-sourcepos=\"33:1-34:0\">Add effects<\/li>\n<\/ul>\n<h5 data-sourcepos=\"43:1-43:39\">Module 13: Creative workshop - Freeze<\/h5>\n<ul data-sourcepos=\"47:1-53:0\">\n<li data-sourcepos=\"47:1-47:34\">Pr\u00e9sentation de l&rsquo;atelier Freeze<\/li>\n<li data-sourcepos=\"48:1-48:39\">Import and method explanation<\/li>\n<li data-sourcepos=\"49:1-49:22\">Isolating the character<\/li>\n<li data-sourcepos=\"50:1-50:28\">Freeze first position<\/li>\n<li data-sourcepos=\"51:1-51:25\">Finalizing effects<\/li>\n<li data-sourcepos=\"52:1-53:0\">IT'S UP TO YOU<\/li>\n<\/ul>\n<h5 data-sourcepos=\"63:1-63:44\">Module 14: Creative Workshop - Real Estate<\/h5>\n<ul data-sourcepos=\"67:1-69:8\">\n<li data-sourcepos=\"67:1-67:39\">Pr\u00e9sentation de l&rsquo;atelier Real Estate<\/li>\n<li data-sourcepos=\"68:1-68:21\">Import media<\/li>\n<li data-sourcepos=\"69:1-69:8\">Mettre les m\u00e9dias dans l&rsquo;ordre sur la timeline<\/li>\n<li data-sourcepos=\"70:1-70:20\">Adjusting media<\/li>\n<li data-sourcepos=\"71:1-71:30\">Slowing down the media trail<\/li>\n<li data-sourcepos=\"72:1-72:41\">Import the music and set the rhythm<\/li>\n<li data-sourcepos=\"73:1-73:31\">Keeping the media in step with the times<\/li>\n<li data-sourcepos=\"74:1-74:16\">Making cuts<\/li>\n<li data-sourcepos=\"75:1-75:30\">Give headlines to the media<\/li>\n<li data-sourcepos=\"76:1-76:24\">Set transitions<\/li>\n<li data-sourcepos=\"77:1-77:39\">Insert logo and adjust music<\/li>\n<li data-sourcepos=\"78:1-78:40\">Ajouter l&rsquo;\u00e9cran de fin premi\u00e8re partie<\/li>\n<li data-sourcepos=\"79:1-80:0\">Ajouter l&rsquo;\u00e9cran de fin final<\/li>\n<\/ul>\n<\/div>\n<p>With this training, you'll have all the skills you need to master professional video editing and become a sought-after expert in the field. Register now and start your journey to video editing success!<\/p>\n<h5><\/h5>","protected":false},"excerpt":{"rendered":"<h4>Master<strong><em> professional video editing with capcut in 20 days at home, even if you've never opened a video-editing program before<\/em><\/strong><\/h4>\n<div id=\"more-28130\">This comprehensive training program is specially designed for beginners. In just 20 days, you'll go from novice to pro in video editing, thanks to CapCut, a powerful, easy-to-use software package.<\/div>","protected":false},"featured_media":29911,"comment_status":"open","ping_status":"closed","template":"","meta":[],"product_brand":[],"product_cat":[20,109],"product_tag":[93,91,96,170],"class_list":{"0":"post-29910","1":"product","2":"type-product","3":"status-publish","4":"has-post-thumbnail","6":"product_cat-formation","7":"product_cat-produits-digitaux","8":"product_tag-formation-complete-en-video","9":"product_tag-formation-en-ligne","10":"product_tag-formation-video","11":"product_tag-montage-video","13":"first","14":"instock","15":"sale","16":"downloadable","17":"virtual","18":"sold-individually","19":"purchasable","20":"product-type-simple"},"_links":{"self":[{"href":"https:\/\/fordigitalhub.com\/en\/wp-json\/wp\/v2\/product\/29910","targetHints":{"allow":["GET"]}}],"collection":[{"href":"https:\/\/fordigitalhub.com\/en\/wp-json\/wp\/v2\/product"}],"about":[{"href":"https:\/\/fordigitalhub.com\/en\/wp-json\/wp\/v2\/types\/product"}],"replies":[{"embeddable":true,"href":"https:\/\/fordigitalhub.com\/en\/wp-json\/wp\/v2\/comments?post=29910"}],"version-history":[{"count":6,"href":"https:\/\/fordigitalhub.com\/en\/wp-json\/wp\/v2\/product\/29910\/revisions"}],"predecessor-version":[{"id":29917,"href":"https:\/\/fordigitalhub.com\/en\/wp-json\/wp\/v2\/product\/29910\/revisions\/29917"}],"wp:featuredmedia":[{"embeddable":true,"href":"https:\/\/fordigitalhub.com\/en\/wp-json\/wp\/v2\/media\/29911"}],"wp:attachment":[{"href":"https:\/\/fordigitalhub.com\/en\/wp-json\/wp\/v2\/media?parent=29910"}],"wp:term":[{"taxonomy":"product_brand","embeddable":true,"href":"https:\/\/fordigitalhub.com\/en\/wp-json\/wp\/v2\/product_brand?post=29910"},{"taxonomy":"product_cat","embeddable":true,"href":"https:\/\/fordigitalhub.com\/en\/wp-json\/wp\/v2\/product_cat?post=29910"},{"taxonomy":"product_tag","embeddable":true,"href":"https:\/\/fordigitalhub.com\/en\/wp-json\/wp\/v2\/product_tag?post=29910"}],"curies":[{"name":"wp","href":"https:\/\/api.w.org\/{rel}","templated":true}]}}