{"id":29710,"date":"2024-06-24T00:32:10","date_gmt":"2024-06-23T22:32:10","guid":{"rendered":"https:\/\/fordigitalhub.com\/?post_type=product&#038;p=29710"},"modified":"2026-02-12T02:16:19","modified_gmt":"2026-02-12T01:16:19","slug":"theme-wordpress-residence-real-estate","status":"publish","type":"product","link":"https:\/\/fordigitalhub.com\/en\/product\/wordpress-theme-residence-real-estate\/","title":{"rendered":"Residence Real Estate 4.20.1- Wordpress theme"},"content":{"rendered":"<div class=\"markdown markdown-main-panel\" dir=\"ltr\">\n<h2 class=\"\" data-sourcepos=\"1:1-1:72\">Create a stunning real estate website with Residence Real Estate<\/h2>\n<p data-sourcepos=\"3:1-3:90\"><strong>Residence Real Estate<\/strong> est un th\u00e8me WordPress premium con\u00e7u pour les agents immobiliers, les courtiers et les entreprises immobili\u00e8res. Dot\u00e9 d&rsquo;un ensemble complet de fonctionnalit\u00e9s et d&rsquo;options de personnalisation, Residence Real Estate vous permet de cr\u00e9er un site Web professionnel et attrayant qui convertira les visiteurs en clients.<\/p>\n<p data-sourcepos=\"5:1-5:75\"><strong>Here are some of the key features of Residence Real Estate :<\/strong><\/p>\n<ul data-sourcepos=\"7:1-7:200\">\n<li data-sourcepos=\"7:1-7:200\"><strong>Advanced property search:<\/strong> Make it easy for your customers to find properties that match their needs, thanks to a powerful search and customizable filters.<\/li>\n<li data-sourcepos=\"8:1-8:137\"><strong>Breathtaking property lists:<\/strong> Showcase your properties with photos, descriptions and detailed features.<\/li>\n<li data-sourcepos=\"9:1-9:126\"><strong>IDX integration :<\/strong> Connect to your MLS system to view real-time listings and property data.<\/li>\n<li data-sourcepos=\"10:1-10:194\"><strong>Contact and lead generation forms:<\/strong> Capture leads and stay in touch with potential customers with integrated contact and lead generation forms.<\/li>\n<li data-sourcepos=\"11:1-11:131\"><strong>WooCommerce support:<\/strong> Int\u00e9grez facilement votre boutique WooCommerce pour vendre des propri\u00e9t\u00e9s ou d&rsquo;autres biens immobiliers.<\/li>\n<li data-sourcepos=\"12:1-12:128\"><strong>Reactive designs:<\/strong> Your website will look great on all devices, from desktops to smartphones.<\/li>\n<li data-sourcepos=\"13:1-13:176\"><strong>Extensive customization options:<\/strong> Personnalisez facilement l&rsquo;apparence de votre site Web avec une large gamme d&rsquo;options de couleur, de typographie et de mise en page.<\/li>\n<li data-sourcepos=\"14:1-15:0\"><strong>First-rate customer support:<\/strong> Obtenez une assistance rapide et efficace de notre \u00e9quipe d&rsquo;experts en cas de probl\u00e8me.<\/li>\n<\/ul>\n<p data-sourcepos=\"16:1-16:92\"><strong>With Residence Real Estate, you can create a real estate website that will help you :<\/strong><\/p>\n<ul data-sourcepos=\"18:1-22:0\">\n<li data-sourcepos=\"18:1-18:40\"><strong>Attract more potential customers<\/strong><\/li>\n<li data-sourcepos=\"19:1-19:27\"><strong>Generate more leads<\/strong><\/li>\n<li data-sourcepos=\"20:1-20:31\"><strong>Sell more properties<\/strong><\/li>\n<li data-sourcepos=\"21:1-22:0\"><strong>Expand your real estate business<\/strong><\/li>\n<\/ul>\n<p data-sourcepos=\"23:1-23:112\"><strong>T\u00e9l\u00e9chargez Residence Real Estate d\u00e8s aujourd&rsquo;hui et commencez \u00e0 cr\u00e9er le site Web immobilier de vos r\u00eaves !<\/strong><\/p>\n<p data-sourcepos=\"25:1-25:57\"><strong>Special offer: reduced prices for a limited time!<\/strong><\/p>\n<\/div>","protected":false},"excerpt":{"rendered":"<p><strong>Residence Real Estate<\/strong> is a premium WordPress theme designed for real estate agents, brokers and businesses.<\/p>","protected":false},"featured_media":29711,"comment_status":"open","ping_status":"closed","template":"","meta":[],"product_brand":[],"product_cat":[143,110,76],"product_tag":[147,148],"class_list":{"0":"post-29710","1":"product","2":"type-product","3":"status-publish","4":"has-post-thumbnail","6":"product_cat-themes","7":"product_cat-themes-et-plugins-premium","8":"product_cat-wordpress","9":"product_tag-residence-real-estate-4-20-1","10":"product_tag-theme-premium","12":"first","13":"instock","14":"sale","15":"downloadable","16":"virtual","17":"purchasable","18":"product-type-simple"},"_links":{"self":[{"href":"https:\/\/fordigitalhub.com\/en\/wp-json\/wp\/v2\/product\/29710","targetHints":{"allow":["GET"]}}],"collection":[{"href":"https:\/\/fordigitalhub.com\/en\/wp-json\/wp\/v2\/product"}],"about":[{"href":"https:\/\/fordigitalhub.com\/en\/wp-json\/wp\/v2\/types\/product"}],"replies":[{"embeddable":true,"href":"https:\/\/fordigitalhub.com\/en\/wp-json\/wp\/v2\/comments?post=29710"}],"version-history":[{"count":3,"href":"https:\/\/fordigitalhub.com\/en\/wp-json\/wp\/v2\/product\/29710\/revisions"}],"predecessor-version":[{"id":29756,"href":"https:\/\/fordigitalhub.com\/en\/wp-json\/wp\/v2\/product\/29710\/revisions\/29756"}],"wp:featuredmedia":[{"embeddable":true,"href":"https:\/\/fordigitalhub.com\/en\/wp-json\/wp\/v2\/media\/29711"}],"wp:attachment":[{"href":"https:\/\/fordigitalhub.com\/en\/wp-json\/wp\/v2\/media?parent=29710"}],"wp:term":[{"taxonomy":"product_brand","embeddable":true,"href":"https:\/\/fordigitalhub.com\/en\/wp-json\/wp\/v2\/product_brand?post=29710"},{"taxonomy":"product_cat","embeddable":true,"href":"https:\/\/fordigitalhub.com\/en\/wp-json\/wp\/v2\/product_cat?post=29710"},{"taxonomy":"product_tag","embeddable":true,"href":"https:\/\/fordigitalhub.com\/en\/wp-json\/wp\/v2\/product_tag?post=29710"}],"curies":[{"name":"wp","href":"https:\/\/api.w.org\/{rel}","templated":true}]}}