{"id":29706,"date":"2024-06-23T23:09:40","date_gmt":"2024-06-23T21:09:40","guid":{"rendered":"https:\/\/fordigitalhub.com\/?post_type=product&#038;p=29706"},"modified":"2024-06-23T23:47:05","modified_gmt":"2024-06-23T21:47:05","slug":"astra-pro-addon-for-wordpress","status":"publish","type":"product","link":"https:\/\/fordigitalhub.com\/en\/product\/astra-pro-addon-for-wordpress\/","title":{"rendered":"Astra Pro Addon for Astra Theme"},"content":{"rendered":"<div class=\"markdown markdown-main-panel\" dir=\"ltr\">\n<div class=\"markdown markdown-main-panel\" dir=\"ltr\">\n<h2 class=\"\" data-sourcepos=\"1:1-1:62\">Unleash your design potential with Astra Pro Addon<\/h2>\n<p data-sourcepos=\"3:1-3:114\">Astra Pro Addon enrichit votre th\u00e8me Astra d&rsquo;une multitude de fonctionnalit\u00e9s pour sublimer la conception de votre site web. Voici ce qu&rsquo;il vous offre :<\/p>\n<p data-sourcepos=\"5:1-5:27\"><strong>Unrivalled performance:<\/strong><\/p>\n<ul data-sourcepos=\"7:1-7:57\">\n<li data-sourcepos=\"7:1-7:57\"><strong>Lightning speed:<\/strong> Designed for speed, Astra loads in less than 0.5 seconds, to the delight of your visitors.<\/li>\n<li data-sourcepos=\"8:1-8:55\"><strong>Featherweight champion:<\/strong> Requires less than 50 Kb of resources, making it ultra-fast compared with other themes.<\/li>\n<li data-sourcepos=\"9:1-9:89\"><strong>Optimized code:<\/strong> Uses vanilla JavaScript and follows best practices for optimal performance.<\/li>\n<\/ul>\n<p data-sourcepos=\"11:1-11:30\"><strong>Design flexibility:<\/strong><\/p>\n<ul data-sourcepos=\"13:1-16:43\">\n<li data-sourcepos=\"13:1-13:122\"><strong>Layout control:<\/strong> Manage your website's header structure, blogs, pages and more.<\/li>\n<li data-sourcepos=\"14:1-14:134\"><strong>Options d&rsquo;en-t\u00eate et de pied de page:<\/strong> Integrated header and footer options, further enhanced by Astra Pro.<\/li>\n<li data-sourcepos=\"15:1-15:149\"><strong>Template creation:<\/strong> Create stunning templates with your favorite page builder or integrate layouts into mega menus.<\/li>\n<li data-sourcepos=\"16:1-16:43\"><strong>Ready for WooCommerce:<\/strong> Build and design a beautiful, fast-loading online store directly from the customizer.<\/li>\n<li data-sourcepos=\"17:1-18:0\"><strong>Page-specific sidebars:<\/strong> Create customized sidebars for specific pages, overriding the default settings.<\/li>\n<\/ul>\n<p data-sourcepos=\"19:1-19:37\"><strong>Enhanced user experience:<\/strong><\/p>\n<ul data-sourcepos=\"21:1-26:0\">\n<li data-sourcepos=\"21:1-21:153\"><strong>Sticky headers:<\/strong> Keep your menus easily accessible with headers that stay in place as users scroll down the page.<\/li>\n<li data-sourcepos=\"22:1-22:106\"><strong>Mega menus:<\/strong> Design user-friendly, visually appealing mega menus for easy navigation.<\/li>\n<li data-sourcepos=\"23:1-23:124\"><strong>Plus de styles d&rsquo;en-t\u00eate:<\/strong> Choisissez parmi diff\u00e9rentes options d&rsquo;en-t\u00eate, comme les en-t\u00eates collants et transparents.<\/li>\n<li data-sourcepos=\"24:1-24:130\"><strong>Contr\u00f4le de l&rsquo;espacement:<\/strong> Ajustez l&rsquo;espacement au sein de vos mises en page pour une lisibilit\u00e9 et une esth\u00e9tique optimales.<\/li>\n<li data-sourcepos=\"25:1-26:0\"><strong>Footer widgets:<\/strong> Make your footer visually appealing with a variety of layouts and widgets.<\/li>\n<\/ul>\n<p data-sourcepos=\"27:1-27:65\"><strong>Int\u00e9grations de syst\u00e8mes de gestion de l&rsquo;apprentissage (LMS):<\/strong><\/p>\n<ul data-sourcepos=\"29:1-32:0\">\n<li data-sourcepos=\"29:1-29:106\"><strong>LearnDash integration:<\/strong> Effortlessly create a visually appealing website for your online courses.<\/li>\n<li data-sourcepos=\"30:1-30:131\"><strong>LifterLMS integration:<\/strong> Offrez une exp\u00e9rience d&rsquo;apprentissage en ligne exceptionnelle avec un contr\u00f4le total de la conception.<\/li>\n<li data-sourcepos=\"31:1-32:0\"><strong>Distraction-free learning:<\/strong> Boost concentration and conversions with features tailored to online courses.<\/li>\n<\/ul>\n<p data-sourcepos=\"33:1-33:36\"><strong>Additional features:<\/strong><\/p>\n<ul data-sourcepos=\"35:1-38:0\">\n<li data-sourcepos=\"35:1-35:154\"><strong>Powerful customization:<\/strong> Des crochets et des filtres vous donnent un contr\u00f4le approfondi sur l&rsquo;apparence et la convivialit\u00e9 de votre site web.<\/li>\n<li data-sourcepos=\"36:1-36:128\"><strong>Page headers:<\/strong> Add and customize main, top and bottom headers for individual pages.<\/li>\n<li data-sourcepos=\"37:1-38:0\"><strong>First-rate support:<\/strong> A dedicated team ensures rapid assistance and regular updates.<\/li>\n<\/ul>\n<p data-sourcepos=\"39:1-39:173\">Take your website design to the next level with Astra Pro Addon. Download the latest version and unlock a world of design possibilities!<\/p>\n<\/div>\n<\/div>","protected":false},"excerpt":{"rendered":"<h4>Astra Pro Addon: Take your website to new heights<\/h4>\n<p data-sourcepos=\"7:1-7:2\">Astra Pro Addon offers everything you need to create a stunning, high-performance website, including:<\/p>\n<ul data-sourcepos=\"9:1-9:11\">\n<li data-sourcepos=\"9:1-9:11\"><strong>Ultra-fast loading speed<\/strong><\/li>\n<li data-sourcepos=\"10:1-10:36\"><strong>Extensive design options<\/strong><\/li>\n<li data-sourcepos=\"11:1-11:22\"><strong>LMS integrations<\/strong><\/li>\n<li data-sourcepos=\"12:1-12:23\"><strong>And much, much more!<\/strong><\/li>\n<\/ul>","protected":false},"featured_media":29707,"comment_status":"open","ping_status":"closed","template":"","meta":[],"product_brand":[],"product_cat":[143,110,76],"product_tag":[146,145],"class_list":{"0":"post-29706","1":"product","2":"type-product","3":"status-publish","4":"has-post-thumbnail","6":"product_cat-themes","7":"product_cat-themes-et-plugins-premium","8":"product_cat-wordpress","9":"product_tag-theme-ecommerce","10":"product_tag-theme-wordpress","12":"first","13":"instock","14":"sale","15":"downloadable","16":"virtual","17":"purchasable","18":"product-type-simple"},"_links":{"self":[{"href":"https:\/\/fordigitalhub.com\/en\/wp-json\/wp\/v2\/product\/29706","targetHints":{"allow":["GET"]}}],"collection":[{"href":"https:\/\/fordigitalhub.com\/en\/wp-json\/wp\/v2\/product"}],"about":[{"href":"https:\/\/fordigitalhub.com\/en\/wp-json\/wp\/v2\/types\/product"}],"replies":[{"embeddable":true,"href":"https:\/\/fordigitalhub.com\/en\/wp-json\/wp\/v2\/comments?post=29706"}],"version-history":[{"count":2,"href":"https:\/\/fordigitalhub.com\/en\/wp-json\/wp\/v2\/product\/29706\/revisions"}],"predecessor-version":[{"id":29709,"href":"https:\/\/fordigitalhub.com\/en\/wp-json\/wp\/v2\/product\/29706\/revisions\/29709"}],"wp:featuredmedia":[{"embeddable":true,"href":"https:\/\/fordigitalhub.com\/en\/wp-json\/wp\/v2\/media\/29707"}],"wp:attachment":[{"href":"https:\/\/fordigitalhub.com\/en\/wp-json\/wp\/v2\/media?parent=29706"}],"wp:term":[{"taxonomy":"product_brand","embeddable":true,"href":"https:\/\/fordigitalhub.com\/en\/wp-json\/wp\/v2\/product_brand?post=29706"},{"taxonomy":"product_cat","embeddable":true,"href":"https:\/\/fordigitalhub.com\/en\/wp-json\/wp\/v2\/product_cat?post=29706"},{"taxonomy":"product_tag","embeddable":true,"href":"https:\/\/fordigitalhub.com\/en\/wp-json\/wp\/v2\/product_tag?post=29706"}],"curies":[{"name":"wp","href":"https:\/\/api.w.org\/{rel}","templated":true}]}}