{"id":29160,"date":"2024-06-16T05:15:39","date_gmt":"2024-06-16T03:15:39","guid":{"rendered":"https:\/\/fordigitalhub.com\/?post_type=product&#038;p=29160"},"modified":"2025-04-11T10:16:56","modified_gmt":"2025-04-11T08:16:56","slug":"rank-math-seo-traduction-francaise","status":"publish","type":"product","link":"https:\/\/fordigitalhub.com\/en\/product\/rank-math-seo-french-translation\/","title":{"rendered":"Rank Math SEO : French translation file"},"content":{"rendered":"<h4><strong>Download the Rank Math SEO .pot French Translation File for Free<\/strong><\/h4>\n<p>Get <strong>Rank Math SEO<\/strong> from now on!<\/p>\n<p>Rank Math SEO est un plugin SEO populaire et puissant pour WordPress. Pour rendre son utilisation encore plus accessible aux francophones, nous vous offrons gratuitement le fichier de traduction fran\u00e7aise .pot. Ce fichier vous permettra de transformer l&rsquo;interface de Rank Math SEO en fran\u00e7ais, facilitant ainsi son utilisation et son efficacit\u00e9.<\/p>\n<h3>Why use Rank Math SEO?<\/h3>\n<h4>Full SEO Optimization<\/h4>\n<p>Rank Math SEO offers a complete solution for optimizing your website. Thanks to its advanced features, you can improve your search engine rankings, analyze page performance and adjust your content to attract more organic traffic.<\/p>\n<h4>User-friendly interface<\/h4>\n<p>L&rsquo;interface de Rank Math est con\u00e7ue pour \u00eatre intuitive et facile \u00e0 utiliser, m\u00eame pour les d\u00e9butants. Avec la traduction fran\u00e7aise, naviguer et configurer le plugin devient encore plus simple, \u00e9liminant toute barri\u00e8re linguistique.<\/p>\n<h4>Advanced features<\/h4>\n<p>Real-time SEO analysis: Get instant suggestions for improving the SEO of your articles.<br \/>\nKeyword management: Track and optimize for multiple keywords per article.<br \/>\nAutomatic Sitemap: Create and update XML sitemaps automatically.<\/p>\n<h3>Advantages of French translation<\/h3>\n<h5>Facilit\u00e9 d&rsquo;Utilisation<\/h5>\n<p>With the French translation file, each Rank Math feature will be explained in French, making the plugin more accessible to French-speaking users.<\/p>\n<h5>Am\u00e9lioration de l&rsquo;Exp\u00e9rience Utilisateur<\/h5>\n<p>Une interface en fran\u00e7ais permet une meilleure compr\u00e9hension et une utilisation plus fluide, am\u00e9liorant ainsi l&rsquo;exp\u00e9rience utilisateur globale.<\/p>\n<h5>Efficient optimization<\/h5>\n<p>Using Rank Math helps you to better understand the recommendations and apply them more effectively, which can lead to more effective SEO optimization.<\/p>\n<h3>Instructions de T\u00e9l\u00e9chargement et d&rsquo;Installation<\/h3>\n<p>Step 1: Download<\/p>\n<p>Click on the download button below to obtain the .pot French translation file free of charge.<\/p>\n<p>Step 2: Installation<br \/>\nUpload the downloaded .pot file to Rank Math's language directory on your server using the LOCO TRANSLATE plugins.<\/p>\n<p>Step 3: Activation<br \/>\nConfigure Rank Math to use the French translation. You can do this by accessing the plugin settings and selecting the appropriate language file.<\/p>\n<p>Download <a href=\"https:\/\/fr.wordpress.org\/plugins\/loco-translate\/\" target=\"_blank\" rel=\"noopener\">LOCO TRANSLATE<\/a> now and start optimizing your French site starting with Rank Math!<\/p>","protected":false},"excerpt":{"rendered":"<p><strong>Translate RANK MATH SEO into French with LOCO TRANSLATE<\/strong><\/p>\n<p>T\u00e9l\u00e9chargez gratuitement le fichier de traduction fran\u00e7aise .pot de Rank Math SEO. Facilitez vous l&rsquo;utilisation de ce puissant plugin SEO en fran\u00e7ais pour une optimisation efficace et conviviale de votre site web.<\/p>\n<p>Get Loco Translate here <a href=\"https:\/\/fr.wordpress.org\/plugins\/loco-translate\/\">LOCO TRANSLATE<\/a><\/p>","protected":false},"featured_media":29171,"comment_status":"open","ping_status":"closed","template":"","meta":[],"product_brand":[],"product_cat":[105,102,76],"product_tag":[103,104,106,107,108],"class_list":{"0":"post-29160","1":"product","2":"type-product","3":"status-publish","4":"has-post-thumbnail","6":"product_cat-fichier-de-traduction","7":"product_cat-plugins","8":"product_cat-wordpress","9":"product_tag-plugins-woocommerce","10":"product_tag-plugins-wordpress","11":"product_tag-rank-math-seo","12":"product_tag-rank-math-seo-en-francais","13":"product_tag-traduire-plugins","15":"first","16":"instock","17":"sale","18":"downloadable","19":"virtual","20":"purchasable","21":"product-type-simple"},"_links":{"self":[{"href":"https:\/\/fordigitalhub.com\/en\/wp-json\/wp\/v2\/product\/29160","targetHints":{"allow":["GET"]}}],"collection":[{"href":"https:\/\/fordigitalhub.com\/en\/wp-json\/wp\/v2\/product"}],"about":[{"href":"https:\/\/fordigitalhub.com\/en\/wp-json\/wp\/v2\/types\/product"}],"replies":[{"embeddable":true,"href":"https:\/\/fordigitalhub.com\/en\/wp-json\/wp\/v2\/comments?post=29160"}],"version-history":[{"count":2,"href":"https:\/\/fordigitalhub.com\/en\/wp-json\/wp\/v2\/product\/29160\/revisions"}],"predecessor-version":[{"id":29172,"href":"https:\/\/fordigitalhub.com\/en\/wp-json\/wp\/v2\/product\/29160\/revisions\/29172"}],"wp:featuredmedia":[{"embeddable":true,"href":"https:\/\/fordigitalhub.com\/en\/wp-json\/wp\/v2\/media\/29171"}],"wp:attachment":[{"href":"https:\/\/fordigitalhub.com\/en\/wp-json\/wp\/v2\/media?parent=29160"}],"wp:term":[{"taxonomy":"product_brand","embeddable":true,"href":"https:\/\/fordigitalhub.com\/en\/wp-json\/wp\/v2\/product_brand?post=29160"},{"taxonomy":"product_cat","embeddable":true,"href":"https:\/\/fordigitalhub.com\/en\/wp-json\/wp\/v2\/product_cat?post=29160"},{"taxonomy":"product_tag","embeddable":true,"href":"https:\/\/fordigitalhub.com\/en\/wp-json\/wp\/v2\/product_tag?post=29160"}],"curies":[{"name":"wp","href":"https:\/\/api.w.org\/{rel}","templated":true}]}}