{"id":28924,"date":"2024-06-14T12:32:33","date_gmt":"2024-06-14T10:32:33","guid":{"rendered":"https:\/\/fordigitalhub.com\/?post_type=product&#038;p=28924"},"modified":"2025-10-08T11:52:53","modified_gmt":"2025-10-08T09:52:53","slug":"faire-ses-premiers-1-000-e-sur-internet","status":"publish","type":"product","link":"https:\/\/fordigitalhub.com\/en\/product\/make-your-first-e1000-on-the-internet\/","title":{"rendered":"Making your first \u20ac1,000 on the Internet"},"content":{"rendered":"<div class=\"markdown markdown-main-panel\" dir=\"ltr\">\n<h2 class=\"\" data-sourcepos=\"1:1-1:90\"><strong>Launch your online business and generate your first \u20ac1,000 in record time!<\/strong><\/h2>\n<p data-sourcepos=\"3:1-3:15\"><strong>Imagine creating a thriving online income stream and generating your first \u20ac1,000 in the next few weeks.<\/strong> Cette formation exceptionnelle vous d\u00e9voile les secrets pour r\u00e9ussir vos d\u00e9buts dans l&rsquo;univers passionnant du business en ligne.<\/p>\n<p data-sourcepos=\"5:1-5:103\"><strong>Get instant access to 3 information-packed video modules and discover the key strategies to make your goals a reality:<\/strong><\/p>\n<p data-sourcepos=\"7:1-7:59\"><strong>Module 1: Generate your first euros within 48 hours<\/strong><\/p>\n<ul data-sourcepos=\"9:1-9:26\">\n<li data-sourcepos=\"9:1-9:26\">Discover proven techniques to start generating your first online income within 48 hours of signing up, by exploiting opportunities that are accessible to everyone.<\/li>\n<\/ul>\n<p data-sourcepos=\"11:1-11:67\"><strong>Module 2: Break through the \u20ac1,000 barrier in just 30 days<\/strong><\/p>\n<ul data-sourcepos=\"13:1-13:183\">\n<li data-sourcepos=\"13:1-13:183\">Learn how to implement more advanced strategies to multiply your income and reach a target of \u20ac1,000 in a month, by developing your entrepreneurial skills.<\/li>\n<\/ul>\n<p data-sourcepos=\"15:1-15:79\"><strong>Module 3: Step up a gear and aim for \u20ac2,000 or more a month<\/strong><\/p>\n<ul data-sourcepos=\"17:1-18:0\">\n<li data-sourcepos=\"17:1-18:0\">Explore scalable methods to increase your online income exponentially and reach a target of \u20ac2,000 or more per month, by leveraging the unlimited potential of the web.<\/li>\n<\/ul>\n<p data-sourcepos=\"19:1-19:73\"><strong>In addition to this comprehensive training program, you will also benefit from :<\/strong><\/p>\n<p data-sourcepos=\"21:1-21:31\"><strong>Resale right license<\/strong><\/p>\n<p data-sourcepos=\"23:1-23:384\">Non seulement vous acquerrez les comp\u00e9tences n\u00e9cessaires pour g\u00e9n\u00e9rer vos premiers 1 000 \u20ac en ligne, mais vous aurez \u00e9galement l&rsquo;opportunit\u00e9 de revendre cette formation \u00e0 votre compte et de g\u00e9n\u00e9rer des revenus suppl\u00e9mentaires en tant qu&rsquo;infopreneur. Tirez parti de la demande croissante pour des conseils en g\u00e9n\u00e9ration de revenus en ligne et devenez un expert reconnu dans ce domaine.<\/p>\n<p data-sourcepos=\"25:1-25:58\"><strong>Cette formation s&rsquo;adresse \u00e0 tous ceux qui souhaitent :<\/strong><\/p>\n<ul data-sourcepos=\"27:1-29:66\">\n<li data-sourcepos=\"27:1-27:47\"><strong>Starting a promising online business<\/strong><\/li>\n<li data-sourcepos=\"28:1-28:46\"><strong>Generate comfortable passive income<\/strong><\/li>\n<li data-sourcepos=\"29:1-29:66\"><strong>Learn concrete, easy-to-apply strategies<\/strong><\/li>\n<li data-sourcepos=\"30:1-30:63\"><strong>Become their own boss and work in complete freedom<\/strong><\/li>\n<li data-sourcepos=\"31:1-32:0\"><strong>Harnessing the infinite potential of the digital world<\/strong><\/li>\n<\/ul>\n<p data-sourcepos=\"33:1-33:245\"><strong>Investissez dans votre avenir et rejoignez d\u00e8s aujourd&rsquo;hui la formation \u00ab\u00a0Faire ses premiers 1 000 \u20ac sur internet\u00a0\u00bb.<\/strong> Seize this priceless opportunity to transform your life and create a lasting, rewarding source of online income.<\/p>\n<p data-sourcepos=\"35:1-35:101\">\n<\/div>","protected":false},"excerpt":{"rendered":"<p>Cette formation exceptionnelle vous d\u00e9voile les secrets pour r\u00e9ussir vos d\u00e9buts dans l&rsquo;univers passionnant du business en ligne.<\/p>","protected":false},"featured_media":28927,"comment_status":"open","ping_status":"closed","template":"","meta":[],"product_brand":[],"product_cat":[20],"product_tag":[93,91,92],"class_list":{"0":"post-28924","1":"product","2":"type-product","3":"status-publish","4":"has-post-thumbnail","6":"product_cat-formation","7":"product_tag-formation-complete-en-video","8":"product_tag-formation-en-ligne","9":"product_tag-generer-un-revenu","11":"first","12":"instock","13":"sale","14":"downloadable","15":"virtual","16":"purchasable","17":"product-type-simple"},"_links":{"self":[{"href":"https:\/\/fordigitalhub.com\/en\/wp-json\/wp\/v2\/product\/28924","targetHints":{"allow":["GET"]}}],"collection":[{"href":"https:\/\/fordigitalhub.com\/en\/wp-json\/wp\/v2\/product"}],"about":[{"href":"https:\/\/fordigitalhub.com\/en\/wp-json\/wp\/v2\/types\/product"}],"replies":[{"embeddable":true,"href":"https:\/\/fordigitalhub.com\/en\/wp-json\/wp\/v2\/comments?post=28924"}],"version-history":[{"count":3,"href":"https:\/\/fordigitalhub.com\/en\/wp-json\/wp\/v2\/product\/28924\/revisions"}],"predecessor-version":[{"id":28928,"href":"https:\/\/fordigitalhub.com\/en\/wp-json\/wp\/v2\/product\/28924\/revisions\/28928"}],"wp:featuredmedia":[{"embeddable":true,"href":"https:\/\/fordigitalhub.com\/en\/wp-json\/wp\/v2\/media\/28927"}],"wp:attachment":[{"href":"https:\/\/fordigitalhub.com\/en\/wp-json\/wp\/v2\/media?parent=28924"}],"wp:term":[{"taxonomy":"product_brand","embeddable":true,"href":"https:\/\/fordigitalhub.com\/en\/wp-json\/wp\/v2\/product_brand?post=28924"},{"taxonomy":"product_cat","embeddable":true,"href":"https:\/\/fordigitalhub.com\/en\/wp-json\/wp\/v2\/product_cat?post=28924"},{"taxonomy":"product_tag","embeddable":true,"href":"https:\/\/fordigitalhub.com\/en\/wp-json\/wp\/v2\/product_tag?post=28924"}],"curies":[{"name":"wp","href":"https:\/\/api.w.org\/{rel}","templated":true}]}}