{"id":28918,"date":"2024-06-14T12:25:43","date_gmt":"2024-06-14T10:25:43","guid":{"rendered":"https:\/\/fordigitalhub.com\/?post_type=product&#038;p=28918"},"modified":"2024-06-17T15:38:22","modified_gmt":"2024-06-17T13:38:22","slug":"coaching-pour-doubler-votre-business-en-6-mois","status":"publish","type":"product","link":"https:\/\/fordigitalhub.com\/en\/product\/coaching-to-double-your-business-in-6-months\/","title":{"rendered":"Coaching to double your business in 6 months"},"content":{"rendered":"<div class=\"markdown markdown-main-panel\" dir=\"ltr\">\n<h2 class=\"\" data-sourcepos=\"1:1-1:107\"><strong>Devenez un coach d&rsquo;entreprise hors pair et propulsez votre business vers une croissance fulgurante !<\/strong><\/h2>\n<p data-sourcepos=\"3:1-3:21\"><strong>Imagine doubling the size of your business in just 6 months thanks to proven coaching strategies.<\/strong> This exceptional training course reveals the secrets to multiplying your success and achieving ambitious goals.<\/p>\n<p data-sourcepos=\"5:1-5:118\"><strong>Acc\u00e9dez instantan\u00e9ment \u00e0 3 modules audio riches en informations et d\u00e9couvrez les cl\u00e9s d&rsquo;une croissance exponentielle :<\/strong><\/p>\n<p data-sourcepos=\"7:1-7:103\"><strong>Module 1: Identify the most powerful levers to propel your business to success<\/strong><\/p>\n<ul data-sourcepos=\"9:1-9:25\">\n<li data-sourcepos=\"9:1-9:25\">Explore the most effective strategies and techniques for stimulating rapid business growth and achieving outstanding results.<\/li>\n<\/ul>\n<p data-sourcepos=\"11:1-11:71\"><strong>Module 2: Set SMART goals and achieve them with flying colors<\/strong><\/p>\n<ul data-sourcepos=\"13:1-14:0\">\n<li data-sourcepos=\"13:1-14:0\">Learn how to define clear, measurable, achievable, realistic and time-bound (SMART) objectives to guide your company towards an optimal growth trajectory.<\/li>\n<\/ul>\n<p data-sourcepos=\"15:1-15:79\"><strong>Module 3: Optimize your daily efficiency and maximize your impact<\/strong><\/p>\n<ul data-sourcepos=\"17:1-17:167\">\n<li data-sourcepos=\"17:1-17:167\">Discover proven techniques for boosting your productivity, managing your time effectively and maximizing your impact on your company's development.<\/li>\n<\/ul>\n<p data-sourcepos=\"19:1-19:73\"><strong>In addition to this comprehensive training program, you will also benefit from :<\/strong><\/p>\n<p data-sourcepos=\"21:1-21:31\"><strong>Resale right license<\/strong><\/p>\n<p data-sourcepos=\"23:1-23:376\">Non seulement vous acquerrez les comp\u00e9tences n\u00e9cessaires pour devenir un coach d&rsquo;entreprise accompli, mais vous aurez \u00e9galement l&rsquo;opportunit\u00e9 de revendre cette formation \u00e0 votre compte et de g\u00e9n\u00e9rer des revenus suppl\u00e9mentaires en tant qu&rsquo;infopreneur. Tirez parti de la demande croissante pour des programmes de coaching de ce type et devenez un expert reconnu dans ce domaine.<\/p>\n<p data-sourcepos=\"25:1-25:76\"><strong>Cette formation s&rsquo;adresse \u00e0 tous les chefs d&rsquo;entreprise qui souhaitent :<\/strong><\/p>\n<ul data-sourcepos=\"27:1-32:0\">\n<li data-sourcepos=\"27:1-27:73\"><strong>Significantly accelerate their company's growth<\/strong><\/li>\n<li data-sourcepos=\"28:1-28:80\"><strong>Develop effective coaching strategies to maximize impact<\/strong><\/li>\n<li data-sourcepos=\"29:1-29:62\"><strong>Improve their personal and professional effectiveness<\/strong><\/li>\n<li data-sourcepos=\"30:1-30:80\"><strong>Achieve ambitious goals and realize their entrepreneurial dreams<\/strong><\/li>\n<li data-sourcepos=\"31:1-32:0\"><strong>Se positionner comme un leader dans leur domaine d&rsquo;activit\u00e9<\/strong><\/li>\n<\/ul>\n<p data-sourcepos=\"33:1-33:139\"><strong>Investissez dans votre avenir et rejoignez d\u00e8s aujourd&rsquo;hui la formation \u00ab\u00a0La m\u00e9thode de coaching pour doubler votre business en 6 mois\u00a0\u00bb.<\/strong> Seize this priceless opportunity to transform your business and propel it to dazzling growth!<\/p>\n<p data-sourcepos=\"35:1-35:101\">\n<\/div>","protected":false},"excerpt":{"rendered":"<p>This exceptional training course reveals the secrets to multiplying your success and achieving ambitious goals.<\/p>","protected":false},"featured_media":28921,"comment_status":"open","ping_status":"closed","template":"","meta":[],"product_brand":[],"product_cat":[20,109],"product_tag":[93,91,92],"class_list":{"0":"post-28918","1":"product","2":"type-product","3":"status-publish","4":"has-post-thumbnail","6":"product_cat-formation","7":"product_cat-produits-digitaux","8":"product_tag-formation-complete-en-video","9":"product_tag-formation-en-ligne","10":"product_tag-generer-un-revenu","12":"first","13":"instock","14":"sale","15":"featured","16":"downloadable","17":"virtual","18":"purchasable","19":"product-type-simple"},"_links":{"self":[{"href":"https:\/\/fordigitalhub.com\/en\/wp-json\/wp\/v2\/product\/28918","targetHints":{"allow":["GET"]}}],"collection":[{"href":"https:\/\/fordigitalhub.com\/en\/wp-json\/wp\/v2\/product"}],"about":[{"href":"https:\/\/fordigitalhub.com\/en\/wp-json\/wp\/v2\/types\/product"}],"replies":[{"embeddable":true,"href":"https:\/\/fordigitalhub.com\/en\/wp-json\/wp\/v2\/comments?post=28918"}],"version-history":[{"count":3,"href":"https:\/\/fordigitalhub.com\/en\/wp-json\/wp\/v2\/product\/28918\/revisions"}],"predecessor-version":[{"id":28923,"href":"https:\/\/fordigitalhub.com\/en\/wp-json\/wp\/v2\/product\/28918\/revisions\/28923"}],"wp:featuredmedia":[{"embeddable":true,"href":"https:\/\/fordigitalhub.com\/en\/wp-json\/wp\/v2\/media\/28921"}],"wp:attachment":[{"href":"https:\/\/fordigitalhub.com\/en\/wp-json\/wp\/v2\/media?parent=28918"}],"wp:term":[{"taxonomy":"product_brand","embeddable":true,"href":"https:\/\/fordigitalhub.com\/en\/wp-json\/wp\/v2\/product_brand?post=28918"},{"taxonomy":"product_cat","embeddable":true,"href":"https:\/\/fordigitalhub.com\/en\/wp-json\/wp\/v2\/product_cat?post=28918"},{"taxonomy":"product_tag","embeddable":true,"href":"https:\/\/fordigitalhub.com\/en\/wp-json\/wp\/v2\/product_tag?post=28918"}],"curies":[{"name":"wp","href":"https:\/\/api.w.org\/{rel}","templated":true}]}}