{"id":28911,"date":"2024-06-14T00:35:45","date_gmt":"2024-06-13T22:35:45","guid":{"rendered":"https:\/\/fordigitalhub.com\/?post_type=product&#038;p=28911"},"modified":"2025-10-08T11:52:31","modified_gmt":"2025-10-08T09:52:31","slug":"la-methode-pour-vendre-en-video","status":"publish","type":"product","link":"https:\/\/fordigitalhub.com\/en\/product\/the-video-selling-method\/","title":{"rendered":"The video selling method"},"content":{"rendered":"<div class=\"markdown markdown-main-panel\" dir=\"ltr\">\n<h2 class=\"\" data-sourcepos=\"1:1-1:93\"><strong>Become a video sales expert and take your sales to new heights!<\/strong><\/h2>\n<p data-sourcepos=\"3:1-3:37\"><strong>Imagine captivating your audience and closing sales more easily than ever thanks to the power of video.<\/strong> This exceptional training course reveals the secrets to creating irresistible sales videos that convert viewers into loyal customers.<\/p>\n<p data-sourcepos=\"5:1-5:109\"><strong>Get instant access to 4 information-packed modules and discover the key strategies for success:<\/strong><\/p>\n<p data-sourcepos=\"7:1-7:70\"><strong>Module 1 : Ma\u00eetrisez l&rsquo;art de r\u00e9diger un script de vente captivant<\/strong><\/p>\n<ul data-sourcepos=\"9:1-9:40\">\n<li data-sourcepos=\"9:1-9:40\">Apprenez \u00e0 \u00e9laborer un script de vente persuasif qui retient l&rsquo;attention de votre audience, pr\u00e9sente votre offre de mani\u00e8re convaincante et pousse \u00e0 l&rsquo;action.<\/li>\n<\/ul>\n<p data-sourcepos=\"11:1-11:67\"><strong>Module 2: Create professional-quality sales videos<\/strong><\/p>\n<ul data-sourcepos=\"13:1-14:0\">\n<li data-sourcepos=\"13:1-14:0\">D\u00e9couvrez les techniques de production vid\u00e9o pour cr\u00e9er des vid\u00e9os attrayantes et engageantes qui stimulent l&rsquo;int\u00e9r\u00eat de votre public et vous permettent de vous d\u00e9marquer de la concurrence.<\/li>\n<\/ul>\n<p data-sourcepos=\"15:1-15:57\"><strong>Module 3: Distribute your sales videos to the right audience<\/strong><\/p>\n<ul data-sourcepos=\"17:1-17:192\">\n<li data-sourcepos=\"17:1-17:192\">Explore best practices for distributing your sales videos on the right platforms, making them easily accessible to your target audience and maximizing their impact.<\/li>\n<\/ul>\n<p data-sourcepos=\"19:1-19:86\"><strong>Module 4 : Bonus &#8211; Tirez parti de vos vid\u00e9os pour d\u00e9velopper votre liste d&rsquo;abonn\u00e9s<\/strong><\/p>\n<ul data-sourcepos=\"21:1-22:0\">\n<li data-sourcepos=\"21:1-22:0\">Find out how to use your sales videos to attract new subscribers, grow your email marketing list and build lasting relationships with potential customers.<\/li>\n<\/ul>\n<p data-sourcepos=\"23:1-23:73\"><strong>In addition to this comprehensive training program, you will also benefit from :<\/strong><\/p>\n<p data-sourcepos=\"25:1-25:31\"><strong>Resale right license<\/strong><\/p>\n<p data-sourcepos=\"27:1-27:371\">Non seulement vous acquerrez les comp\u00e9tences n\u00e9cessaires pour cr\u00e9er des vid\u00e9os de vente qui vendent, mais vous aurez \u00e9galement l&rsquo;opportunit\u00e9 de revendre cette formation \u00e0 votre compte et de g\u00e9n\u00e9rer des revenus suppl\u00e9mentaires en tant qu&rsquo;infopreneur. Tirez parti de la demande croissante pour des formations en marketing vid\u00e9o et devenez un expert reconnu dans ce domaine.<\/p>\n<p data-sourcepos=\"29:1-29:58\"><strong>Cette formation s&rsquo;adresse \u00e0 tous ceux qui souhaitent :<\/strong><\/p>\n<ul data-sourcepos=\"31:1-34:70\">\n<li data-sourcepos=\"31:1-31:62\"><strong>Boost sales with a powerful marketing tool<\/strong><\/li>\n<li data-sourcepos=\"32:1-32:66\"><strong>Learn how to create engaging, professional videos<\/strong><\/li>\n<li data-sourcepos=\"33:1-33:61\"><strong>Attract new customers and develop their business<\/strong><\/li>\n<li data-sourcepos=\"34:1-34:70\"><strong>Stand out from the competition and position yourself as an expert<\/strong><\/li>\n<li data-sourcepos=\"35:1-36:0\"><strong>Master a skill in high demand on the market<\/strong><\/li>\n<\/ul>\n<p data-sourcepos=\"37:1-37:252\"><strong>Investissez dans votre avenir et rejoignez d\u00e8s aujourd&rsquo;hui la formation \u00ab\u00a0Vid\u00e9o Sales Revolution\u00a0\u00bb.<\/strong> Seize this priceless opportunity to turn your videos into sales machines and propel your business to new heights of success!<\/p>\n<p data-sourcepos=\"39:1-39:101\">\n<\/div>","protected":false},"excerpt":{"rendered":"<p>This exceptional training course reveals the secrets to creating irresistible sales videos that convert viewers into loyal customers.<\/p>","protected":false},"featured_media":28916,"comment_status":"open","ping_status":"closed","template":"","meta":[],"product_brand":[],"product_cat":[20,109],"product_tag":[93,91,92,73],"class_list":{"0":"post-28911","1":"product","2":"type-product","3":"status-publish","4":"has-post-thumbnail","6":"product_cat-formation","7":"product_cat-produits-digitaux","8":"product_tag-formation-complete-en-video","9":"product_tag-formation-en-ligne","10":"product_tag-generer-un-revenu","11":"product_tag-pack-de-produit-digitaux","13":"first","14":"instock","15":"sale","16":"featured","17":"downloadable","18":"virtual","19":"purchasable","20":"product-type-simple"},"_links":{"self":[{"href":"https:\/\/fordigitalhub.com\/en\/wp-json\/wp\/v2\/product\/28911","targetHints":{"allow":["GET"]}}],"collection":[{"href":"https:\/\/fordigitalhub.com\/en\/wp-json\/wp\/v2\/product"}],"about":[{"href":"https:\/\/fordigitalhub.com\/en\/wp-json\/wp\/v2\/types\/product"}],"replies":[{"embeddable":true,"href":"https:\/\/fordigitalhub.com\/en\/wp-json\/wp\/v2\/comments?post=28911"}],"version-history":[{"count":3,"href":"https:\/\/fordigitalhub.com\/en\/wp-json\/wp\/v2\/product\/28911\/revisions"}],"predecessor-version":[{"id":28917,"href":"https:\/\/fordigitalhub.com\/en\/wp-json\/wp\/v2\/product\/28911\/revisions\/28917"}],"wp:featuredmedia":[{"embeddable":true,"href":"https:\/\/fordigitalhub.com\/en\/wp-json\/wp\/v2\/media\/28916"}],"wp:attachment":[{"href":"https:\/\/fordigitalhub.com\/en\/wp-json\/wp\/v2\/media?parent=28911"}],"wp:term":[{"taxonomy":"product_brand","embeddable":true,"href":"https:\/\/fordigitalhub.com\/en\/wp-json\/wp\/v2\/product_brand?post=28911"},{"taxonomy":"product_cat","embeddable":true,"href":"https:\/\/fordigitalhub.com\/en\/wp-json\/wp\/v2\/product_cat?post=28911"},{"taxonomy":"product_tag","embeddable":true,"href":"https:\/\/fordigitalhub.com\/en\/wp-json\/wp\/v2\/product_tag?post=28911"}],"curies":[{"name":"wp","href":"https:\/\/api.w.org\/{rel}","templated":true}]}}