{"id":28904,"date":"2024-06-14T00:26:21","date_gmt":"2024-06-13T22:26:21","guid":{"rendered":"https:\/\/fordigitalhub.com\/?post_type=product&#038;p=28904"},"modified":"2024-06-17T15:40:09","modified_gmt":"2024-06-17T13:40:09","slug":"etre-createur-d-applications-web-mobile","status":"publish","type":"product","link":"https:\/\/fordigitalhub.com\/en\/product\/creating-mobile-web-applications\/","title":{"rendered":"Id\u00e9ation &#038; Mon\u00e9tisation d&rsquo;Applis web\/mobile"},"content":{"rendered":"<div class=\"markdown markdown-main-panel\" dir=\"ltr\">\n<h2 class=\"\" data-sourcepos=\"1:1-1:88\"><strong>Devenez un cr\u00e9ateur d&rsquo;applications \u00e0 succ\u00e8s et transformez vos id\u00e9es en profits !<\/strong><\/h2>\n<p data-sourcepos=\"3:1-3:57\"><strong>Imaginez-vous donner vie \u00e0 vos id\u00e9es d&rsquo;applications web ou mobiles, les d\u00e9velopper et les vendre avec succ\u00e8s.<\/strong> Cette formation exceptionnelle vous d\u00e9voile les \u00e9tapes cl\u00e9s pour devenir un entrepreneur accompli dans l&rsquo;industrie lucrative des applications.<\/p>\n<p data-sourcepos=\"5:1-5:117\"><strong>Get instant access to 4 information-packed modules and discover the essential strategies for success:<\/strong><\/p>\n<p data-sourcepos=\"7:1-7:46\"><strong>Module 1 : Lancez votre projet d&rsquo;application sans id\u00e9e ni investissement initial<\/strong><\/p>\n<ul data-sourcepos=\"9:1-9:92\">\n<li data-sourcepos=\"9:1-9:92\">Apprenez \u00e0 concr\u00e9tiser votre r\u00eave de cr\u00e9er une application, m\u00eame si vous n&rsquo;avez pas d&rsquo;id\u00e9e pr\u00e9cise en t\u00eate ou que vous disposez d&rsquo;un capital de d\u00e9part limit\u00e9.<\/li>\n<\/ul>\n<p data-sourcepos=\"11:1-11:96\"><strong>Module 2 : Identifiez des id\u00e9es d&rsquo;applications rentables qui r\u00e9pondent aux besoins du march\u00e9<\/strong><\/p>\n<ul data-sourcepos=\"13:1-14:0\">\n<li data-sourcepos=\"13:1-14:0\">D\u00e9veloppez des comp\u00e9tences pour identifier des id\u00e9es d&rsquo;applications web ou mobiles innovantes et \u00e0 fort potentiel, qui r\u00e9pondent \u00e0 des besoins r\u00e9els et vous permettent de g\u00e9n\u00e9rer des revenus cons\u00e9quents.<\/li>\n<\/ul>\n<p data-sourcepos=\"15:1-15:76\"><strong>Module 3: Make your first sales and cash in your first euros<\/strong><\/p>\n<ul data-sourcepos=\"17:1-18:0\">\n<li data-sourcepos=\"17:1-18:0\">Master the marketing and sales techniques needed to effectively market your application and start generating revenue from day one.<\/li>\n<\/ul>\n<p data-sourcepos=\"19:1-19:9\"><strong>Module 4 : Atteignez un chiffre d&rsquo;affaires r\u00e9current de 10 000 euros par mois<\/strong><\/p>\n<ul data-sourcepos=\"21:1-22:0\">\n<li data-sourcepos=\"21:1-22:0\">D\u00e9couvrez comment d\u00e9velopper une base d&rsquo;utilisateurs fid\u00e8les et p\u00e9renniser votre activit\u00e9 en g\u00e9n\u00e9rant un chiffre d&rsquo;affaires r\u00e9current de 10 000 euros par mois gr\u00e2ce \u00e0 votre application.<\/li>\n<\/ul>\n<p data-sourcepos=\"23:1-23:20\"><strong>Exclusive bonus :<\/strong><\/p>\n<p data-sourcepos=\"25:1-25:61\"><strong>The 3 key metrics for developing a SAAS application<\/strong><\/p>\n<ul data-sourcepos=\"27:1-28:0\">\n<li data-sourcepos=\"27:1-28:0\">Learn how to identify and analyze the essential indicators for optimizing the performance of your Software as a Service (SAAS) application.<\/li>\n<\/ul>\n<p data-sourcepos=\"29:1-29:73\"><strong>In addition to this comprehensive training program, you will also benefit from :<\/strong><\/p>\n<p data-sourcepos=\"31:1-31:31\"><strong>Resale right license<\/strong><\/p>\n<p data-sourcepos=\"33:1-33:314\">Non seulement vous acquerrez les comp\u00e9tences n\u00e9cessaires pour cr\u00e9er et vendre des applications \u00e0 succ\u00e8s, mais vous aurez \u00e9galement l&rsquo;opportunit\u00e9 de revendre cette formation \u00e0 votre compte et de g\u00e9n\u00e9rer des revenus suppl\u00e9mentaires en tant qu&rsquo;infopreneur. Tirez parti de la demande croissante pour les comp\u00e9tences en d\u00e9veloppement d&rsquo;applications et devenez un expert reconnu dans ce domaine.<\/p>\n<p data-sourcepos=\"35:1-35:47\"><strong>Cette formation s&rsquo;adresse \u00e0 tous ceux qui :<\/strong><\/p>\n<ul data-sourcepos=\"37:1-42:0\">\n<li data-sourcepos=\"37:1-37:85\"><strong>Souhaitent concr\u00e9tiser leurs id\u00e9es d&rsquo;applications et les transformer en r\u00e9alit\u00e9<\/strong><\/li>\n<li data-sourcepos=\"38:1-38:87\"><strong>Sont passionn\u00e9s par le d\u00e9veloppement d&rsquo;applications et les nouvelles technologies<\/strong><\/li>\n<li data-sourcepos=\"39:1-39:83\"><strong>Aspirent \u00e0 cr\u00e9er une entreprise florissante dans l&rsquo;industrie des applications<\/strong><\/li>\n<li data-sourcepos=\"40:1-40:70\"><strong>Looking for a way to generate scalable, passive income<\/strong><\/li>\n<li data-sourcepos=\"41:1-42:0\"><strong>Sont pr\u00eats \u00e0 s&rsquo;investir pour acqu\u00e9rir des comp\u00e9tences en forte demande<\/strong><\/li>\n<\/ul>\n<p data-sourcepos=\"43:1-43:318\"><strong>Investissez dans votre avenir et rejoignez d\u00e8s aujourd&rsquo;hui la formation \u00ab\u00a0La m\u00e9thode pour cr\u00e9er une application web\/mobile et la vendre\u00a0\u00bb.<\/strong> Seize this priceless opportunity to turn your passion into a rewarding career and become a key player in the world of mobile and web applications.<\/p>\n<p data-sourcepos=\"45:1-45:101\">\n<\/div>","protected":false},"excerpt":{"rendered":"<p>Cette formation exceptionnelle vous d\u00e9voile les \u00e9tapes cl\u00e9s pour devenir un entrepreneur accompli dans l&rsquo;industrie lucrative des applications.<\/p>\n<p data-sourcepos=\"7:1-7:46\"><strong>Module 1: Launch your application project without an idea or initial investment<\/strong><\/p>\n<p data-sourcepos=\"11:1-11:96\"><strong>Module 2: Identify profitable application ideas that meet market needs<\/strong><\/p>\n<p data-sourcepos=\"15:1-15:76\"><strong>Module 3: Make your first sales and cash in your first euros<\/strong><\/p>\n<p data-sourcepos=\"19:1-19:9\"><strong>Module 4: Achieve recurring sales of 10,000 euros per year<\/strong><\/p>","protected":false},"featured_media":28907,"comment_status":"open","ping_status":"closed","template":"","meta":[],"product_brand":[],"product_cat":[20,109],"product_tag":[93,91,92,73],"class_list":{"0":"post-28904","1":"product","2":"type-product","3":"status-publish","4":"has-post-thumbnail","6":"product_cat-formation","7":"product_cat-produits-digitaux","8":"product_tag-formation-complete-en-video","9":"product_tag-formation-en-ligne","10":"product_tag-generer-un-revenu","11":"product_tag-pack-de-produit-digitaux","13":"first","14":"instock","15":"sale","16":"featured","17":"downloadable","18":"virtual","19":"purchasable","20":"product-type-simple"},"_links":{"self":[{"href":"https:\/\/fordigitalhub.com\/en\/wp-json\/wp\/v2\/product\/28904","targetHints":{"allow":["GET"]}}],"collection":[{"href":"https:\/\/fordigitalhub.com\/en\/wp-json\/wp\/v2\/product"}],"about":[{"href":"https:\/\/fordigitalhub.com\/en\/wp-json\/wp\/v2\/types\/product"}],"replies":[{"embeddable":true,"href":"https:\/\/fordigitalhub.com\/en\/wp-json\/wp\/v2\/comments?post=28904"}],"version-history":[{"count":6,"href":"https:\/\/fordigitalhub.com\/en\/wp-json\/wp\/v2\/product\/28904\/revisions"}],"predecessor-version":[{"id":29044,"href":"https:\/\/fordigitalhub.com\/en\/wp-json\/wp\/v2\/product\/28904\/revisions\/29044"}],"wp:featuredmedia":[{"embeddable":true,"href":"https:\/\/fordigitalhub.com\/en\/wp-json\/wp\/v2\/media\/28907"}],"wp:attachment":[{"href":"https:\/\/fordigitalhub.com\/en\/wp-json\/wp\/v2\/media?parent=28904"}],"wp:term":[{"taxonomy":"product_brand","embeddable":true,"href":"https:\/\/fordigitalhub.com\/en\/wp-json\/wp\/v2\/product_brand?post=28904"},{"taxonomy":"product_cat","embeddable":true,"href":"https:\/\/fordigitalhub.com\/en\/wp-json\/wp\/v2\/product_cat?post=28904"},{"taxonomy":"product_tag","embeddable":true,"href":"https:\/\/fordigitalhub.com\/en\/wp-json\/wp\/v2\/product_tag?post=28904"}],"curies":[{"name":"wp","href":"https:\/\/api.w.org\/{rel}","templated":true}]}}