{"id":28898,"date":"2024-06-14T00:15:55","date_gmt":"2024-06-13T22:15:55","guid":{"rendered":"https:\/\/fordigitalhub.com\/?post_type=product&#038;p=28898"},"modified":"2025-10-08T11:51:59","modified_gmt":"2025-10-08T09:51:59","slug":"gagner-2000-e-par-mois","status":"publish","type":"product","link":"https:\/\/fordigitalhub.com\/en\/product\/earn-e2000-a-month\/","title":{"rendered":"Earn \u20ac2,000 a month with seminars"},"content":{"rendered":"<div class=\"markdown markdown-main-panel\" dir=\"ltr\">\n<h2 class=\"\" data-sourcepos=\"1:1-1:84\"><strong>Become an expert in seminar organization and generate \u20ac2,000 a month!<\/strong><\/h2>\n<p data-sourcepos=\"3:1-3:15\"><strong>Imagine turning your passion for sharing knowledge into a thriving, lucrative business.<\/strong> This exceptional training course reveals the secrets to organizing successful seminars and generating a steady monthly income of \u20ac2,000.<\/p>\n<p data-sourcepos=\"5:1-5:103\"><strong>Acc\u00e9dez instantan\u00e9ment \u00e0 5 modules audio riches en informations et d\u00e9couvrez les strat\u00e9gies cl\u00e9s pour devenir un ma\u00eetre de l&rsquo;organisation de s\u00e9minaires :<\/strong><\/p>\n<p data-sourcepos=\"7:1-7:51\"><strong>Module 1: Introduction to the world of seminars<\/strong><\/p>\n<ul data-sourcepos=\"9:1-9:14\">\n<li data-sourcepos=\"9:1-9:14\">Plongez dans l&rsquo;univers passionnant des s\u00e9minaires et d\u00e9couvrez comment vous pouvez mettre vos comp\u00e9tences et votre expertise au service des autres tout en g\u00e9n\u00e9rant un revenu cons\u00e9quent.<\/li>\n<\/ul>\n<p data-sourcepos=\"11:1-11:79\"><strong>Module 2: Sell your first seminar and earn at least 2,000 euros<\/strong><\/p>\n<ul data-sourcepos=\"13:1-14:0\">\n<li data-sourcepos=\"13:1-14:0\">Master the key steps to successfully plan, promote and sell your first seminar, ensuring you generate a minimum income of 2,000 euros.<\/li>\n<\/ul>\n<p data-sourcepos=\"15:1-15:82\"><strong>Module 3: Overcome your fear of public speaking and captivate your audience<\/strong><\/p>\n<ul data-sourcepos=\"17:1-17:60\">\n<li data-sourcepos=\"17:1-17:60\">Develop the techniques and confidence you need to captivate your audience and deliver your message with impact, even if you suffer from stage fright.<\/li>\n<\/ul>\n<p data-sourcepos=\"19:1-19:77\"><strong>Module 4: Organize an unforgettable seminar that will delight your participants<\/strong><\/p>\n<ul data-sourcepos=\"21:1-22:0\">\n<li data-sourcepos=\"21:1-22:0\">Discover the secrets to creating an exceptional seminar experience that exceeds your participants' expectations and turns them into loyal customers.<\/li>\n<\/ul>\n<p data-sourcepos=\"23:1-23:114\"><strong>Module 5 : Maximisez vos ventes pendant vos s\u00e9minaires et construisez un business prosp\u00e8re dans l&rsquo;\u00e9v\u00e9nementiel<\/strong><\/p>\n<ul data-sourcepos=\"25:1-26:0\">\n<li data-sourcepos=\"25:1-26:0\">Explorez des strat\u00e9gies avanc\u00e9es pour multiplier vos ventes durant vos s\u00e9minaires et d\u00e9couvrez comment d\u00e9velopper une activit\u00e9 durable et \u00e9volutive dans le domaine de l&rsquo;\u00e9v\u00e9nementiel.<\/li>\n<\/ul>\n<p data-sourcepos=\"27:1-27:23\"><strong>Exclusive bonus:<\/strong><\/p>\n<p data-sourcepos=\"29:1-29:31\"><strong>Resale right license<\/strong><\/p>\n<p data-sourcepos=\"31:1-31:271\">Non seulement vous acquerrez les comp\u00e9tences n\u00e9cessaires pour organiser des s\u00e9minaires \u00e0 succ\u00e8s, mais vous aurez \u00e9galement l&rsquo;opportunit\u00e9 de revendre cette formation \u00e0 votre compte et de g\u00e9n\u00e9rer des revenus suppl\u00e9mentaires en tant qu&rsquo;infopreneur. Tirez parti de la demande croissante pour des formations dans ce domaine et devenez un expert reconnu.<\/p>\n<p data-sourcepos=\"33:1-33:47\"><strong>Cette formation s&rsquo;adresse \u00e0 tous ceux qui :<\/strong><\/p>\n<ul data-sourcepos=\"35:1-40:0\">\n<li data-sourcepos=\"35:1-35:89\"><strong>Want to share their knowledge and expertise with a wider audience<\/strong><\/li>\n<li data-sourcepos=\"36:1-36:74\"><strong>Love organizing events and creating captivating experiences<\/strong><\/li>\n<li data-sourcepos=\"37:1-37:90\"><strong>Ont l&rsquo;ambition de cr\u00e9er une entreprise florissante dans le domaine de l&rsquo;\u00e9v\u00e9nementiel<\/strong><\/li>\n<li data-sourcepos=\"38:1-38:69\"><strong>Looking for a way to generate a stable, independent income<\/strong><\/li>\n<li data-sourcepos=\"39:1-40:0\"><strong>Sont pr\u00eats \u00e0 s&rsquo;investir pour acqu\u00e9rir de nouvelles comp\u00e9tences<\/strong><\/li>\n<\/ul>\n<p data-sourcepos=\"41:1-41:286\"><strong>Investissez dans votre avenir et rejoignez d\u00e8s aujourd&rsquo;hui la formation \u00ab\u00a0La Voie des 2000 \u20ac avec des S\u00e9minaires\u00a0\u00bb.<\/strong> Saisissez cette chance inestimable de transformer votre passion en une source de revenus gratifiante et de b\u00e2tir un business prosp\u00e8re dans le domaine de l&rsquo;\u00e9v\u00e9nementiel.<\/p>\n<p data-sourcepos=\"43:1-43:101\">\n<\/div>","protected":false},"excerpt":{"rendered":"<p>This exceptional training course reveals the secrets to organizing successful seminars and generating a steady monthly income of \u20ac2,000.<\/p>","protected":false},"featured_media":28902,"comment_status":"open","ping_status":"closed","template":"","meta":[],"product_brand":[],"product_cat":[20,109],"product_tag":[93,91,92,73],"class_list":{"0":"post-28898","1":"product","2":"type-product","3":"status-publish","4":"has-post-thumbnail","6":"product_cat-formation","7":"product_cat-produits-digitaux","8":"product_tag-formation-complete-en-video","9":"product_tag-formation-en-ligne","10":"product_tag-generer-un-revenu","11":"product_tag-pack-de-produit-digitaux","13":"first","14":"instock","15":"sale","16":"featured","17":"downloadable","18":"virtual","19":"purchasable","20":"product-type-simple"},"_links":{"self":[{"href":"https:\/\/fordigitalhub.com\/en\/wp-json\/wp\/v2\/product\/28898","targetHints":{"allow":["GET"]}}],"collection":[{"href":"https:\/\/fordigitalhub.com\/en\/wp-json\/wp\/v2\/product"}],"about":[{"href":"https:\/\/fordigitalhub.com\/en\/wp-json\/wp\/v2\/types\/product"}],"replies":[{"embeddable":true,"href":"https:\/\/fordigitalhub.com\/en\/wp-json\/wp\/v2\/comments?post=28898"}],"version-history":[{"count":4,"href":"https:\/\/fordigitalhub.com\/en\/wp-json\/wp\/v2\/product\/28898\/revisions"}],"predecessor-version":[{"id":28915,"href":"https:\/\/fordigitalhub.com\/en\/wp-json\/wp\/v2\/product\/28898\/revisions\/28915"}],"wp:featuredmedia":[{"embeddable":true,"href":"https:\/\/fordigitalhub.com\/en\/wp-json\/wp\/v2\/media\/28902"}],"wp:attachment":[{"href":"https:\/\/fordigitalhub.com\/en\/wp-json\/wp\/v2\/media?parent=28898"}],"wp:term":[{"taxonomy":"product_brand","embeddable":true,"href":"https:\/\/fordigitalhub.com\/en\/wp-json\/wp\/v2\/product_brand?post=28898"},{"taxonomy":"product_cat","embeddable":true,"href":"https:\/\/fordigitalhub.com\/en\/wp-json\/wp\/v2\/product_cat?post=28898"},{"taxonomy":"product_tag","embeddable":true,"href":"https:\/\/fordigitalhub.com\/en\/wp-json\/wp\/v2\/product_tag?post=28898"}],"curies":[{"name":"wp","href":"https:\/\/api.w.org\/{rel}","templated":true}]}}