{"id":28893,"date":"2024-06-13T23:51:59","date_gmt":"2024-06-13T21:51:59","guid":{"rendered":"https:\/\/fordigitalhub.com\/?post_type=product&#038;p=28893"},"modified":"2025-10-08T11:51:39","modified_gmt":"2025-10-08T09:51:39","slug":"business-a-30-000e-par-mois","status":"publish","type":"product","link":"https:\/\/fordigitalhub.com\/en\/product\/business-at-e30000-a-month\/","title":{"rendered":"Business at \u20ac30,000 per month"},"content":{"rendered":"<div class=\"markdown markdown-main-panel\" dir=\"ltr\">\n<h2 class=\"\" data-sourcepos=\"1:1-1:97\"><strong>R\u00e9alisez vos r\u00eaves d&rsquo;entrepreneur et cr\u00e9ez un business florissant g\u00e9n\u00e9rant 30 000 \u20ac\/mois !<\/strong><\/h2>\n<p data-sourcepos=\"3:1-3:2\"><strong>Imaginez-vous \u00e0 la t\u00eate d&rsquo;une entreprise prosp\u00e8re, g\u00e9n\u00e9rant des revenus mensuels de 30 000 \u20ac.<\/strong> Cette formation exceptionnelle, d&rsquo;une valeur inestimable, vous guidera pas \u00e0 pas dans cette aventure entrepreneuriale extraordinaire et vous d\u00e9voilera les secrets pour atteindre ce niveau de r\u00e9ussite remarquable.<\/p>\n<p data-sourcepos=\"5:1-5:120\"><strong>Get instant access to 4 information-packed modules and discover a treasure trove of valuable tips for success:<\/strong><\/p>\n<p data-sourcepos=\"7:1-7:10\"><strong>Module 1 : Introduction \u00e0 l&rsquo;univers de l&rsquo;entrepreneuriat<\/strong><\/p>\n<ul data-sourcepos=\"9:1-10:0\">\n<li data-sourcepos=\"9:1-10:0\">Plongez dans le monde fascinant de l&rsquo;entrepreneuriat avec une introduction compl\u00e8te qui pose les bases solides de votre succ\u00e8s. Ma\u00eetrisez les principes fondamentaux qui sous-tendent une strat\u00e9gie d&rsquo;entreprise efficace et pr\u00e9parez-vous \u00e0 concr\u00e9tiser vos ambitions.<\/li>\n<\/ul>\n<p data-sourcepos=\"11:1-11:61\"><strong>Module 2: From \u20ac0 to \u20ac2,000\/month: Launch your premium offer<\/strong><\/p>\n<ul data-sourcepos=\"13:1-14:0\">\n<li data-sourcepos=\"13:1-14:0\">D\u00e9couvrez les \u00e9tapes cl\u00e9s pour d\u00e9marrer votre activit\u00e9 de z\u00e9ro et atteindre vos premiers 2 000 \u20ac de revenus mensuels. Apprenez \u00e0 cr\u00e9er une offre premium irr\u00e9sistible qui captivera l&rsquo;attention de votre public cible et vous permettra de g\u00e9n\u00e9rer vos premiers b\u00e9n\u00e9fices.<\/li>\n<\/ul>\n<p data-sourcepos=\"15:1-15:70\"><strong>Module 3: From \u20ac2,000 to \u20ac10,000\/month: Propel your growth<\/strong><\/p>\n<ul data-sourcepos=\"17:1-18:0\">\n<li data-sourcepos=\"17:1-18:0\">D\u00e9veloppez vos comp\u00e9tences en mati\u00e8re de croissance et d\u00e9couvrez les strat\u00e9gies pour faire passer votre entreprise au niveau sup\u00e9rieur. Apprenez \u00e0 attirer davantage de clients, \u00e0 fid\u00e9liser votre client\u00e8le et \u00e0 g\u00e9n\u00e9rer des revenus mensuels allant jusqu&rsquo;\u00e0 10 000 \u20ac.<\/li>\n<\/ul>\n<p data-sourcepos=\"19:1-19:86\"><strong>Module 4: From \u20ac10,000 to \u20ac30,000\/month: Achieve remarkable financial success<\/strong><\/p>\n<ul data-sourcepos=\"21:1-21:259\">\n<li data-sourcepos=\"21:1-21:259\">Explorez les m\u00e9thodes avanc\u00e9es pour multiplier vos revenus par trois et atteindre un chiffre d&rsquo;affaires mensuel impressionnant de 30 000 \u20ac. D\u00e9couvrez comment \u00e9voluer vers un niveau sup\u00e9rieur en affaires, mettre en place des syst\u00e8mes automatis\u00e9s et atteindre une libert\u00e9 financi\u00e8re tant attendue.<\/li>\n<\/ul>\n<p data-sourcepos=\"23:1-23:26\"><strong>Special offer:<\/strong><\/p>\n<p data-sourcepos=\"25:1-25:261\"><strong>Profitez de cette formation d&rsquo;une valeur inestimable pour seulement 11750 FCFA<\/strong> thanks to our exclusive partnership with Learnixx. Don't miss this unique opportunity to become an accomplished entrepreneur and realize your most ambitious dreams!<\/p>\n<p data-sourcepos=\"27:1-27:23\"><strong>Exclusive bonus:<\/strong><\/p>\n<p data-sourcepos=\"29:1-29:31\"><strong>Resale right license<\/strong><\/p>\n<p data-sourcepos=\"31:1-31:368\">Non seulement vous acquerrez les comp\u00e9tences n\u00e9cessaires pour cr\u00e9er un business florissant, mais vous aurez \u00e9galement l&rsquo;opportunit\u00e9 de revendre cette formation \u00e0 votre compte et de g\u00e9n\u00e9rer des revenus suppl\u00e9mentaires en tant qu&rsquo;infopreneur. Tirez parti de la forte demande croissante pour des formations en entrepreneuriat et devenez un expert reconnu dans ce domaine.<\/p>\n<p data-sourcepos=\"33:1-33:47\"><strong>Cette formation s&rsquo;adresse \u00e0 tous ceux qui :<\/strong><\/p>\n<ul data-sourcepos=\"35:1-36:14\">\n<li data-sourcepos=\"35:1-35:44\"><strong>Dream of starting their own business<\/strong><\/li>\n<li data-sourcepos=\"36:1-36:14\"><strong>Aspire to financial freedom<\/strong><\/li>\n<li data-sourcepos=\"37:1-37:69\"><strong>Wish to develop solid entrepreneurial skills<\/strong><\/li>\n<li data-sourcepos=\"38:1-38:60\"><strong>Sont pr\u00eats \u00e0 s&rsquo;investir pour atteindre leurs objectifs<\/strong><\/li>\n<li data-sourcepos=\"39:1-40:0\"><strong>Ont la vision et l&rsquo;ambition de r\u00e9ussir<\/strong><\/li>\n<\/ul>\n<p data-sourcepos=\"41:1-41:342\"><strong>Investissez dans votre avenir et rejoignez d\u00e8s aujourd&rsquo;hui la formation \u00ab\u00a0Business florissant : 30 000 \u20ac\/mois\u00a0\u00bb.<\/strong> Saisissez cette chance inestimable de transformer vos r\u00eaves en r\u00e9alit\u00e9 et de b\u00e2tir l&rsquo;entreprise de vos r\u00eaves. Devenez l&rsquo;un des premiers \u00e0 saisir cette opportunit\u00e9 exceptionnelle et propulsez votre vie vers de nouveaux sommets !<\/p>\n<p data-sourcepos=\"43:1-43:101\">\n<\/div>","protected":false},"excerpt":{"rendered":"<p>Cette formation exceptionnelle, d&rsquo;une valeur inestimable, vous guidera pas \u00e0 pas dans cette aventure entrepreneuriale extraordinaire et vous d\u00e9voilera les secrets pour atteindre ce niveau de r\u00e9ussite remarquable.<\/p>","protected":false},"featured_media":28896,"comment_status":"open","ping_status":"closed","template":"","meta":[],"product_brand":[],"product_cat":[20,109],"product_tag":[93,91,92,73],"class_list":{"0":"post-28893","1":"product","2":"type-product","3":"status-publish","4":"has-post-thumbnail","6":"product_cat-formation","7":"product_cat-produits-digitaux","8":"product_tag-formation-complete-en-video","9":"product_tag-formation-en-ligne","10":"product_tag-generer-un-revenu","11":"product_tag-pack-de-produit-digitaux","13":"first","14":"instock","15":"sale","16":"featured","17":"downloadable","18":"virtual","19":"purchasable","20":"product-type-simple"},"_links":{"self":[{"href":"https:\/\/fordigitalhub.com\/en\/wp-json\/wp\/v2\/product\/28893","targetHints":{"allow":["GET"]}}],"collection":[{"href":"https:\/\/fordigitalhub.com\/en\/wp-json\/wp\/v2\/product"}],"about":[{"href":"https:\/\/fordigitalhub.com\/en\/wp-json\/wp\/v2\/types\/product"}],"replies":[{"embeddable":true,"href":"https:\/\/fordigitalhub.com\/en\/wp-json\/wp\/v2\/comments?post=28893"}],"version-history":[{"count":4,"href":"https:\/\/fordigitalhub.com\/en\/wp-json\/wp\/v2\/product\/28893\/revisions"}],"predecessor-version":[{"id":28900,"href":"https:\/\/fordigitalhub.com\/en\/wp-json\/wp\/v2\/product\/28893\/revisions\/28900"}],"wp:featuredmedia":[{"embeddable":true,"href":"https:\/\/fordigitalhub.com\/en\/wp-json\/wp\/v2\/media\/28896"}],"wp:attachment":[{"href":"https:\/\/fordigitalhub.com\/en\/wp-json\/wp\/v2\/media?parent=28893"}],"wp:term":[{"taxonomy":"product_brand","embeddable":true,"href":"https:\/\/fordigitalhub.com\/en\/wp-json\/wp\/v2\/product_brand?post=28893"},{"taxonomy":"product_cat","embeddable":true,"href":"https:\/\/fordigitalhub.com\/en\/wp-json\/wp\/v2\/product_cat?post=28893"},{"taxonomy":"product_tag","embeddable":true,"href":"https:\/\/fordigitalhub.com\/en\/wp-json\/wp\/v2\/product_tag?post=28893"}],"curies":[{"name":"wp","href":"https:\/\/api.w.org\/{rel}","templated":true}]}}