{"id":28884,"date":"2024-06-13T23:27:29","date_gmt":"2024-06-13T21:27:29","guid":{"rendered":"https:\/\/fordigitalhub.com\/?post_type=product&#038;p=28884"},"modified":"2024-06-15T15:27:54","modified_gmt":"2024-06-15T13:27:54","slug":"6000e-par-mois-en-automatique","status":"publish","type":"product","link":"https:\/\/fordigitalhub.com\/en\/product\/6000e-per-month-automatic\/","title":{"rendered":"PRO automatic income"},"content":{"rendered":"<div class=\"markdown markdown-main-panel\" dir=\"ltr\">\n<h2 class=\"\" data-sourcepos=\"1:1-1:98\"><strong>Reveal the power of automatic income and generate \u20ac6,000\/month on autopilot!<\/strong><\/h2>\n<p data-sourcepos=\"3:1-3:23\"><strong>Can you imagine generating a steady monthly income of \u20ac6,000 effortlessly?<\/strong> This exceptional training course reveals the secrets to creating an automatic online income system, freeing up your time and giving you long-awaited financial freedom.<\/p>\n<p data-sourcepos=\"5:1-5:75\"><strong>Get instant access to 3 information-packed videos and discover the key strategies to transform your professional life:<\/strong><\/p>\n<p data-sourcepos=\"7:1-7:61\"><strong>Module 1: Introduction to the world of automatic income<\/strong><\/p>\n<ul data-sourcepos=\"9:1-9:38\">\n<li data-sourcepos=\"9:1-9:38\">Plongez dans l&rsquo;univers fascinant des revenus passifs et d\u00e9couvrez comment mettre en place un syst\u00e8me automatis\u00e9 qui g\u00e9n\u00e8re des revenus pour vous, m\u00eame pendant votre sommeil.<\/li>\n<\/ul>\n<p data-sourcepos=\"11:1-11:70\"><strong>Module 2: Build your high-performance sales tunnel<\/strong><\/p>\n<ul data-sourcepos=\"13:1-14:0\">\n<li data-sourcepos=\"13:1-14:0\">Master the key steps to creating an effective sales tunnel that attracts qualified leads, converts them into loyal customers and fuels your automated revenue stream.<\/li>\n<\/ul>\n<p data-sourcepos=\"15:1-15:77\"><strong>Module 3: Optimize your sales tunnel for maximum profitability<\/strong><\/p>\n<ul data-sourcepos=\"17:1-17:10\">\n<li data-sourcepos=\"17:1-17:10\">Explorez des techniques avanc\u00e9es d&rsquo;optimisation pour maximiser les conversions et augmenter vos revenus passifs de mani\u00e8re exponentielle.<\/li>\n<\/ul>\n<p data-sourcepos=\"19:1-19:84\"><strong>In addition to this comprehensive training, you will also receive 3 exclusive bonuses:<\/strong><\/p>\n<p data-sourcepos=\"21:1-21:47\">Bonus 1: Master your sales tracking** Bonus 1: Master your sales tracking** Bonus 1: Master your sales tracking** Bonus 1: Master your sales tracking** Bonus 1: Master your sales tracking<\/p>\n<ul data-sourcepos=\"23:1-24:0\">\n<li data-sourcepos=\"23:1-24:0\">Apprenez \u00e0 suivre et analyser vos donn\u00e9es de vente avec pr\u00e9cision, vous permettant d&rsquo;identifier les points forts et d&rsquo;optimiser votre syst\u00e8me pour une performance optimale.<\/li>\n<\/ul>\n<p data-sourcepos=\"25:1-25:66\">** Bonus 2: Set up an additional sales system ** Bonus 3: Set up an additional sales system<\/p>\n<ul data-sourcepos=\"27:1-28:0\">\n<li data-sourcepos=\"27:1-28:0\">Discover how to multiply your revenues by adding strategically positioned additional sales offers to your automated sales tunnel.<\/li>\n<\/ul>\n<p data-sourcepos=\"29:1-29:52\">** Bonus 3: Create captivating sales scripts**<\/p>\n<ul data-sourcepos=\"31:1-32:0\">\n<li data-sourcepos=\"31:1-32:0\">Receive a ready-to-use script template to write persuasive additional sales videos that convert and boost your sales.<\/li>\n<\/ul>\n<p data-sourcepos=\"33:1-33:26\"><strong>Et ce n&rsquo;est pas tout !<\/strong><\/p>\n<p data-sourcepos=\"35:1-35:31\"><strong>Resale right license<\/strong><\/p>\n<p data-sourcepos=\"37:1-37:108\">En plus d&rsquo;acqu\u00e9rir les comp\u00e9tences n\u00e9cessaires pour cr\u00e9er votre propre syst\u00e8me de revenus automatiques, vous aurez \u00e9galement l&rsquo;opportunit\u00e9 de revendre cette formation \u00e0 votre compte et de g\u00e9n\u00e9rer des revenus suppl\u00e9mentaires en tant qu&rsquo;infopreneur. La demande pour des solutions de revenus passifs ne cesse de cro\u00eetre, offrant un potentiel lucratif pour les entrepreneurs avis\u00e9s.<\/p>\n<p data-sourcepos=\"39:1-39:58\"><strong>Cette formation s&rsquo;adresse \u00e0 tous ceux qui souhaitent :<\/strong><\/p>\n<ul data-sourcepos=\"41:1-46:0\">\n<li data-sourcepos=\"41:1-41:43\"><strong>Earn a stable, automated income<\/strong><\/li>\n<li data-sourcepos=\"42:1-42:60\"><strong>Lib\u00e9rer du temps et profiter d&rsquo;une plus grande libert\u00e9<\/strong><\/li>\n<li data-sourcepos=\"43:1-43:41\"><strong>Create a passive source of income<\/strong><\/li>\n<li data-sourcepos=\"44:1-44:53\"><strong>Developing digital marketing skills<\/strong><\/li>\n<li data-sourcepos=\"45:1-46:0\"><strong>Become an expert in automatic revenue systems<\/strong><\/li>\n<\/ul>\n<p data-sourcepos=\"47:1-47:332\"><strong>Investissez dans votre avenir et rejoignez d\u00e8s aujourd&rsquo;hui la formation \u00ab\u00a0Revenus automatiques : la m\u00e9thode pour faire 6000 euros par mois en automatique\u00a0\u00bb.<\/strong> Seize this unique opportunity to transform your financial life and create a passive income stream that will bring you the security and freedom you deserve!<\/p>\n<p data-sourcepos=\"49:1-49:113\">\n<\/div>","protected":false},"excerpt":{"rendered":"<p>This exceptional training course reveals the secrets to creating an automatic online income system, freeing up your time and giving you long-awaited financial freedom.<\/p>","protected":false},"featured_media":28890,"comment_status":"open","ping_status":"closed","template":"","meta":[],"product_brand":[],"product_cat":[20],"product_tag":[93,91,92],"class_list":{"0":"post-28884","1":"product","2":"type-product","3":"status-publish","4":"has-post-thumbnail","6":"product_cat-formation","7":"product_tag-formation-complete-en-video","8":"product_tag-formation-en-ligne","9":"product_tag-generer-un-revenu","11":"first","12":"instock","13":"sale","14":"featured","15":"downloadable","16":"virtual","17":"purchasable","18":"product-type-simple"},"_links":{"self":[{"href":"https:\/\/fordigitalhub.com\/en\/wp-json\/wp\/v2\/product\/28884","targetHints":{"allow":["GET"]}}],"collection":[{"href":"https:\/\/fordigitalhub.com\/en\/wp-json\/wp\/v2\/product"}],"about":[{"href":"https:\/\/fordigitalhub.com\/en\/wp-json\/wp\/v2\/types\/product"}],"replies":[{"embeddable":true,"href":"https:\/\/fordigitalhub.com\/en\/wp-json\/wp\/v2\/comments?post=28884"}],"version-history":[{"count":6,"href":"https:\/\/fordigitalhub.com\/en\/wp-json\/wp\/v2\/product\/28884\/revisions"}],"predecessor-version":[{"id":29048,"href":"https:\/\/fordigitalhub.com\/en\/wp-json\/wp\/v2\/product\/28884\/revisions\/29048"}],"wp:featuredmedia":[{"embeddable":true,"href":"https:\/\/fordigitalhub.com\/en\/wp-json\/wp\/v2\/media\/28890"}],"wp:attachment":[{"href":"https:\/\/fordigitalhub.com\/en\/wp-json\/wp\/v2\/media?parent=28884"}],"wp:term":[{"taxonomy":"product_brand","embeddable":true,"href":"https:\/\/fordigitalhub.com\/en\/wp-json\/wp\/v2\/product_brand?post=28884"},{"taxonomy":"product_cat","embeddable":true,"href":"https:\/\/fordigitalhub.com\/en\/wp-json\/wp\/v2\/product_cat?post=28884"},{"taxonomy":"product_tag","embeddable":true,"href":"https:\/\/fordigitalhub.com\/en\/wp-json\/wp\/v2\/product_tag?post=28884"}],"curies":[{"name":"wp","href":"https:\/\/api.w.org\/{rel}","templated":true}]}}