{"id":28867,"date":"2024-06-13T16:07:30","date_gmt":"2024-06-13T14:07:30","guid":{"rendered":"https:\/\/fordigitalhub.com\/?post_type=product&#038;p=28867"},"modified":"2025-10-08T11:50:10","modified_gmt":"2025-10-08T09:50:10","slug":"100-e-par-jour-avec-votre-liste-email","status":"publish","type":"product","link":"https:\/\/fordigitalhub.com\/en\/product\/100-e-per-day-with-your-email-list\/","title":{"rendered":"100 \u20ac \/d with your email list"},"content":{"rendered":"<div class=\"markdown markdown-main-panel\" dir=\"ltr\">\n<h2 class=\"\" data-sourcepos=\"1:1-1:79\"><strong>Increase your income tenfold with your email list and generate \u20ac100 a day<\/strong><\/h2>\n<p data-sourcepos=\"3:1-3:43\"><strong>Imagine achieving total financial freedom by generating a daily income of \u20ac100 from your email list.<\/strong> This exceptional training course will reveal the secrets to making the most of your email list and turning your subscribers into loyal customers.<\/p>\n<p data-sourcepos=\"5:1-5:116\"><strong>Get instant access to 3 practical videos and discover the key strategies for achieving this ambitious goal:<\/strong><\/p>\n<p data-sourcepos=\"7:1-7:76\"><strong>Module 1: Boost your email list with 100 new subscribers a day<\/strong><\/p>\n<ul data-sourcepos=\"9:1-9:37\">\n<li data-sourcepos=\"9:1-9:37\">Master powerful techniques to attract a steady stream of new subscribers to your email list, building a solid foundation for your business.<\/li>\n<\/ul>\n<p data-sourcepos=\"11:1-11:76\"><strong>Module 2: Convert subscribers into customers and automate your sales<\/strong><\/p>\n<ul data-sourcepos=\"13:1-14:0\">\n<li data-sourcepos=\"13:1-14:0\">Discover proven methods for turning your new subscribers into paying customers, generating an automated, recurring revenue stream.<\/li>\n<\/ul>\n<p data-sourcepos=\"15:1-15:61\"><strong>Module 3: Sell regularly with your email list<\/strong><\/p>\n<ul data-sourcepos=\"17:1-17:53\">\n<li data-sourcepos=\"17:1-17:53\">Explore effective strategies for maintaining a steady pace of sales using your email list and maximizing your profits.<\/li>\n<\/ul>\n<p data-sourcepos=\"19:1-19:23\"><strong>Exclusive bonus:<\/strong><\/p>\n<p data-sourcepos=\"21:1-21:31\"><strong>Resale right license<\/strong><\/p>\n<p data-sourcepos=\"23:1-23:283\">Non seulement vous apprendrez ces strat\u00e9gies lucratives, mais vous aurez \u00e9galement l&rsquo;opportunit\u00e9 de les revendre l\u00e9galement pour g\u00e9n\u00e9rer des revenus suppl\u00e9mentaires. Devenez un infopreneur accompli et tirez parti de la forte demande croissante pour des formations en email marketing.<\/p>\n<p data-sourcepos=\"25:1-25:37\"><strong>This course is ideal for :<\/strong><\/p>\n<ul data-sourcepos=\"27:1-31:0\">\n<li data-sourcepos=\"27:1-27:53\"><strong>Newcomers to online business<\/strong><\/li>\n<li data-sourcepos=\"28:1-28:32\"><strong>Aspiring infopreneurs<\/strong><\/li>\n<li data-sourcepos=\"29:1-29:77\"><strong>Those who want to turn their income into an automated source of revenue<\/strong><\/li>\n<li data-sourcepos=\"30:1-31:0\"><strong>Anyone looking to boost their online success<\/strong><\/li>\n<\/ul>\n<p data-sourcepos=\"32:1-32:218\"><strong>Invest in your future and increase your income tenfold with your email list.<\/strong> Inscrivez-vous d\u00e8s aujourd&rsquo;hui \u00e0 cette formation exceptionnelle et saisissez l&rsquo;opportunit\u00e9 de transformer votre vie professionnelle !<\/p>\n<p data-sourcepos=\"34:1-34:114\">\n<\/div>","protected":false},"excerpt":{"rendered":"<p><strong>Imagine achieving total financial freedom by generating a daily income of \u20ac100 from your email list.<\/strong> This exceptional training course will reveal the secrets to making the most of your email list and turning your subscribers into loyal customers.<\/p>","protected":false},"featured_media":28870,"comment_status":"open","ping_status":"closed","template":"","meta":[],"product_brand":[],"product_cat":[20,109],"product_tag":[93,91,92],"class_list":{"0":"post-28867","1":"product","2":"type-product","3":"status-publish","4":"has-post-thumbnail","6":"product_cat-formation","7":"product_cat-produits-digitaux","8":"product_tag-formation-complete-en-video","9":"product_tag-formation-en-ligne","10":"product_tag-generer-un-revenu","12":"first","13":"instock","14":"sale","15":"featured","16":"downloadable","17":"virtual","18":"purchasable","19":"product-type-simple"},"_links":{"self":[{"href":"https:\/\/fordigitalhub.com\/en\/wp-json\/wp\/v2\/product\/28867","targetHints":{"allow":["GET"]}}],"collection":[{"href":"https:\/\/fordigitalhub.com\/en\/wp-json\/wp\/v2\/product"}],"about":[{"href":"https:\/\/fordigitalhub.com\/en\/wp-json\/wp\/v2\/types\/product"}],"replies":[{"embeddable":true,"href":"https:\/\/fordigitalhub.com\/en\/wp-json\/wp\/v2\/comments?post=28867"}],"version-history":[{"count":5,"href":"https:\/\/fordigitalhub.com\/en\/wp-json\/wp\/v2\/product\/28867\/revisions"}],"predecessor-version":[{"id":28888,"href":"https:\/\/fordigitalhub.com\/en\/wp-json\/wp\/v2\/product\/28867\/revisions\/28888"}],"wp:featuredmedia":[{"embeddable":true,"href":"https:\/\/fordigitalhub.com\/en\/wp-json\/wp\/v2\/media\/28870"}],"wp:attachment":[{"href":"https:\/\/fordigitalhub.com\/en\/wp-json\/wp\/v2\/media?parent=28867"}],"wp:term":[{"taxonomy":"product_brand","embeddable":true,"href":"https:\/\/fordigitalhub.com\/en\/wp-json\/wp\/v2\/product_brand?post=28867"},{"taxonomy":"product_cat","embeddable":true,"href":"https:\/\/fordigitalhub.com\/en\/wp-json\/wp\/v2\/product_cat?post=28867"},{"taxonomy":"product_tag","embeddable":true,"href":"https:\/\/fordigitalhub.com\/en\/wp-json\/wp\/v2\/product_tag?post=28867"}],"curies":[{"name":"wp","href":"https:\/\/api.w.org\/{rel}","templated":true}]}}