{"id":28841,"date":"2024-06-13T12:45:32","date_gmt":"2024-06-13T10:45:32","guid":{"rendered":"https:\/\/fordigitalhub.com\/?post_type=product&#038;p=28841"},"modified":"2025-10-08T11:59:57","modified_gmt":"2025-10-08T09:59:57","slug":"page-de-vente-convertissant","status":"publish","type":"product","link":"https:\/\/fordigitalhub.com\/en\/product\/converting-sales-page\/","title":{"rendered":"Converting sales page"},"content":{"rendered":"<div class=\"markdown markdown-main-panel\" dir=\"ltr\">\n<h2 class=\"\" data-sourcepos=\"1:1-1:86\">Devenez un r\u00e9dacteur de pages de vente expert avec la formation \u00ab\u00a0Page de Vente Pro\u00a0\u00bb<\/h2>\n<p data-sourcepos=\"3:1-3:40\"><strong>Create irresistible sales pages that convert and take your sales to new heights!<\/strong><\/p>\n<p data-sourcepos=\"5:1-5:52\">Imaginez ma\u00eetriser l&rsquo;art de la r\u00e9daction de pages de vente qui captivent instantan\u00e9ment votre audience, influencent positivement leurs d\u00e9cisions et les incitent \u00e0 passer \u00e0 l&rsquo;action. Cette formation exceptionnelle, d&rsquo;une valeur inestimable, vous d\u00e9voile les secrets des textes de vente les plus performants, vous permettant de devenir un v\u00e9ritable expert en la mati\u00e8re.<\/p>\n<hr class=\"\" data-sourcepos=\"7:1-7:4\" \/>\n<p data-sourcepos=\"9:1-9:101\"><strong>Discover the full content of this training course that will turn you into an outstanding copywriter:<\/strong><\/p>\n<p data-sourcepos=\"11:1-11:133\"><strong>5 immediately accessible audio modules exploring the essential nuts and bolts of writing sales pages that convert:<\/strong><\/p>\n<p data-sourcepos=\"13:1-13:61\"><strong>Module 1: Mastering the basics of persuasive writing<\/strong><\/p>\n<ul data-sourcepos=\"15:1-16:0\">\n<li data-sourcepos=\"15:1-16:0\">Plongez dans les fondements de la r\u00e9daction persuasive et apprenez \u00e0 influencer positivement vos visiteurs pour les guider vers l&rsquo;action.<\/li>\n<\/ul>\n<p data-sourcepos=\"17:1-17:73\"><strong>Module 2 : Identifier les \u00e9l\u00e9ments cl\u00e9s d&rsquo;un texte de vente percutant<\/strong><\/p>\n<ul data-sourcepos=\"19:1-19:90\">\n<li data-sourcepos=\"19:1-19:90\">Discover the essential components that make up an effective sales page and learn how to organize them for maximum impact.<\/li>\n<\/ul>\n<p data-sourcepos=\"21:1-21:69\"><strong>Module 3: Writing your sales page quickly and effectively<\/strong><\/p>\n<ul data-sourcepos=\"23:1-24:0\">\n<li data-sourcepos=\"23:1-24:0\">Master a proven method for writing high-quality sales pages, in record time, without sacrificing performance.<\/li>\n<\/ul>\n<p data-sourcepos=\"25:1-25:82\"><strong>Module 4 : 6 outils puissants pour booster l&rsquo;efficacit\u00e9 de votre page de vente<\/strong><\/p>\n<ul data-sourcepos=\"27:1-28:0\">\n<li data-sourcepos=\"27:1-28:0\">Explorez des outils et des astuces redoutables qui d\u00e9cupleront l&rsquo;impact de vos pages de vente et maximiseront vos conversions.<\/li>\n<\/ul>\n<p data-sourcepos=\"29:1-29:42\"><strong>Module 5 : Conclusion et plan d&rsquo;action<\/strong><\/p>\n<ul data-sourcepos=\"31:1-32:0\">\n<li data-sourcepos=\"31:1-32:0\">Consolidez vos acquis, synth\u00e9tisez les connaissances cl\u00e9s et \u00e9laborez un plan d&rsquo;action concret pour mettre en \u0153uvre votre expertise nouvellement acquise.<\/li>\n<\/ul>\n<p data-sourcepos=\"33:1-33:27\"><strong>Special bonus:<\/strong><\/p>\n<p data-sourcepos=\"35:1-35:31\"><strong>Resale right license<\/strong><\/p>\n<p data-sourcepos=\"37:1-37:123\">Profitez d&rsquo;une opportunit\u00e9 unique de rentabiliser vos comp\u00e9tences en revendant l\u00e9galement cette formation de grande valeur. Tirez parti de la forte demande du march\u00e9 et g\u00e9n\u00e9rez des revenus suppl\u00e9mentaires en tant qu&rsquo;infopreneur accompli.<\/p>\n<p data-sourcepos=\"39:1-39:26\"><strong>Special offer:<\/strong><\/p>\n<p data-sourcepos=\"41:1-41:241\"><strong>Acc\u00e9dez \u00e0 cette formation d&rsquo;une valeur inestimable pour seulement 9750 FCFA<\/strong> thanks to our exclusive partnership with Learnixx. Don't miss this unique opportunity to become a master at writing sales pages that convert!<\/p>\n<p data-sourcepos=\"43:1-43:210\"><strong>Investissez dans votre avenir et propulsez votre activit\u00e9 vers de nouveaux sommets. Inscrivez-vous d\u00e8s aujourd&rsquo;hui \u00e0 la formation \u00ab\u00a0Page de Vente Pro\u00a0\u00bb et transformez vos pages de vente en aimants \u00e0 clients !<\/strong><\/p>\n<hr class=\"\" data-sourcepos=\"45:1-45:4\" \/>\n<p data-sourcepos=\"47:1-47:118\">\n<\/div>","protected":false},"excerpt":{"rendered":"<p>Imaginez ma\u00eetriser l&rsquo;art de la r\u00e9daction de pages de vente qui captivent instantan\u00e9ment votre audience, influencent positivement leurs d\u00e9cisions et les incitent \u00e0 passer \u00e0 l&rsquo;action. Cette formation exceptionnelle, d&rsquo;une valeur inestimable, vous d\u00e9voile les secrets des textes de vente les plus performants, vous permettant de devenir un v\u00e9ritable expert en la mati\u00e8re.<\/p>","protected":false},"featured_media":28865,"comment_status":"open","ping_status":"closed","template":"","meta":[],"product_brand":[],"product_cat":[20,109],"product_tag":[91,96,92],"class_list":{"0":"post-28841","1":"product","2":"type-product","3":"status-publish","4":"has-post-thumbnail","6":"product_cat-formation","7":"product_cat-produits-digitaux","8":"product_tag-formation-en-ligne","9":"product_tag-formation-video","10":"product_tag-generer-un-revenu","12":"first","13":"instock","14":"sale","15":"featured","16":"downloadable","17":"virtual","18":"purchasable","19":"product-type-simple"},"_links":{"self":[{"href":"https:\/\/fordigitalhub.com\/en\/wp-json\/wp\/v2\/product\/28841","targetHints":{"allow":["GET"]}}],"collection":[{"href":"https:\/\/fordigitalhub.com\/en\/wp-json\/wp\/v2\/product"}],"about":[{"href":"https:\/\/fordigitalhub.com\/en\/wp-json\/wp\/v2\/types\/product"}],"replies":[{"embeddable":true,"href":"https:\/\/fordigitalhub.com\/en\/wp-json\/wp\/v2\/comments?post=28841"}],"version-history":[{"count":3,"href":"https:\/\/fordigitalhub.com\/en\/wp-json\/wp\/v2\/product\/28841\/revisions"}],"predecessor-version":[{"id":28866,"href":"https:\/\/fordigitalhub.com\/en\/wp-json\/wp\/v2\/product\/28841\/revisions\/28866"}],"wp:featuredmedia":[{"embeddable":true,"href":"https:\/\/fordigitalhub.com\/en\/wp-json\/wp\/v2\/media\/28865"}],"wp:attachment":[{"href":"https:\/\/fordigitalhub.com\/en\/wp-json\/wp\/v2\/media?parent=28841"}],"wp:term":[{"taxonomy":"product_brand","embeddable":true,"href":"https:\/\/fordigitalhub.com\/en\/wp-json\/wp\/v2\/product_brand?post=28841"},{"taxonomy":"product_cat","embeddable":true,"href":"https:\/\/fordigitalhub.com\/en\/wp-json\/wp\/v2\/product_cat?post=28841"},{"taxonomy":"product_tag","embeddable":true,"href":"https:\/\/fordigitalhub.com\/en\/wp-json\/wp\/v2\/product_tag?post=28841"}],"curies":[{"name":"wp","href":"https:\/\/api.w.org\/{rel}","templated":true}]}}