{"id":28479,"date":"2024-06-10T22:04:38","date_gmt":"2024-06-10T20:04:38","guid":{"rendered":"https:\/\/fordigitalhub.com\/?post_type=product&#038;p=28479"},"modified":"2024-10-26T11:57:13","modified_gmt":"2024-10-26T09:57:13","slug":"yaycurrency-convertisseur-de-devises","status":"publish","type":"product","link":"https:\/\/fordigitalhub.com\/en\/product\/yaycurrency-currency-converter\/","title":{"rendered":"YayCurrency Pro"},"content":{"rendered":"<p>The plugin\u00a0<strong>YayCurrency Pro, a currency converter that <\/strong>facilite la conversion automatique des prix de vos produits d&rsquo;un devis par d\u00e9faut comme l&rsquo;EUR vers les devises locales de vos clients. Il prend en charge toutes les unit\u00e9s mon\u00e9taires du monde et permet aux acheteurs de savoir exactement combien ils d\u00e9pensent. Voici pourquoi vous devriez l\u2019adopter :<\/p>\n<ul>\n<li><strong>Automatic conversion :<\/strong>\u00a0YayCurrency automatically detects the visitor's location and displays prices in local currency.<\/li>\n<li><strong>Affichage Professionnel :<\/strong>\u00a0The currency selector features clear flags, codes and symbols for an optimal user experience.<\/li>\n<li><strong>Cryptocurrency compatibility :<\/strong>\u00a0It supports Bitcoin and other cryptocurrencies.<\/li>\n<li><strong>Currency-based reporting :<\/strong>\u00a0Track your store's performance by currency.<\/li>\n<li><strong>Currency Switching at Time of Payment :<\/strong>\u00a0Let your customers choose their preferred currency at checkout.<\/li>\n<\/ul>\n<h3><strong>How to install YayCurrency Pro<\/strong><\/h3>\n<ol>\n<li>Download\u00a0<strong>YayCurrency<\/strong> from the YayCommerce website or your customer area <a title=\"FOR DIGITAL HUB\" href=\"https:\/\/fordigitalhub.com\/en\/\">FOR DIGITAL HUB<\/a>.<\/li>\n<li>Upload the plugin ZIP file to WordPress, then install and activate it.<\/li>\n<li>Go to\u00a0<strong>WooCommerce &gt; YayCurrency<\/strong>\u00a0to configure multi-currency settings.<\/li>\n<\/ol>\n<h3><strong>Positioning the Currency Selector<\/strong><\/h3>\n<p>Place the currency selector at strategic points in your store to maximize your conversion rates:<\/p>\n<ul>\n<li><strong>Product page :<\/strong>\u00a0Display it next to the product price so that visitors can quickly change currency.<\/li>\n<li><strong>Navigation bar :<\/strong>\u00a0Make it accessible from the menu bar for optimal visibility.<\/li>\n<li><strong>WordPress widgets :<\/strong>\u00a0Add it to your widgets for a seamless experience.<\/li>\n<\/ul>\n<h3><strong>YayCurrency Pro Unlimited and Lifetime<\/strong><\/h3>\n<p>This means you can use this plugin on an unlimited number of websites.<\/p>","protected":false},"excerpt":{"rendered":"<p>The plugin\u00a0<strong>YayCurrency Pro, a currency converter that<\/strong> facilite la conversion automatique des prix de vos produits d&rsquo;un devis par d\u00e9faut comme l&rsquo;EUR vers les devises locales de vos clients.<\/p>","protected":false},"featured_media":28481,"comment_status":"open","ping_status":"closed","template":"","meta":[],"product_brand":[],"product_cat":[102,110,76],"product_tag":[],"class_list":{"0":"post-28479","1":"product","2":"type-product","3":"status-publish","4":"has-post-thumbnail","6":"product_cat-plugins","7":"product_cat-themes-et-plugins-premium","8":"product_cat-wordpress","10":"first","11":"instock","12":"sale","13":"featured","14":"downloadable","15":"virtual","16":"sold-individually","17":"purchasable","18":"product-type-simple"},"_links":{"self":[{"href":"https:\/\/fordigitalhub.com\/en\/wp-json\/wp\/v2\/product\/28479","targetHints":{"allow":["GET"]}}],"collection":[{"href":"https:\/\/fordigitalhub.com\/en\/wp-json\/wp\/v2\/product"}],"about":[{"href":"https:\/\/fordigitalhub.com\/en\/wp-json\/wp\/v2\/types\/product"}],"replies":[{"embeddable":true,"href":"https:\/\/fordigitalhub.com\/en\/wp-json\/wp\/v2\/comments?post=28479"}],"version-history":[{"count":9,"href":"https:\/\/fordigitalhub.com\/en\/wp-json\/wp\/v2\/product\/28479\/revisions"}],"predecessor-version":[{"id":28496,"href":"https:\/\/fordigitalhub.com\/en\/wp-json\/wp\/v2\/product\/28479\/revisions\/28496"}],"wp:featuredmedia":[{"embeddable":true,"href":"https:\/\/fordigitalhub.com\/en\/wp-json\/wp\/v2\/media\/28481"}],"wp:attachment":[{"href":"https:\/\/fordigitalhub.com\/en\/wp-json\/wp\/v2\/media?parent=28479"}],"wp:term":[{"taxonomy":"product_brand","embeddable":true,"href":"https:\/\/fordigitalhub.com\/en\/wp-json\/wp\/v2\/product_brand?post=28479"},{"taxonomy":"product_cat","embeddable":true,"href":"https:\/\/fordigitalhub.com\/en\/wp-json\/wp\/v2\/product_cat?post=28479"},{"taxonomy":"product_tag","embeddable":true,"href":"https:\/\/fordigitalhub.com\/en\/wp-json\/wp\/v2\/product_tag?post=28479"}],"curies":[{"name":"wp","href":"https:\/\/api.w.org\/{rel}","templated":true}]}}